{"id":3551,"date":"2024-01-31T12:32:55","date_gmt":"2024-01-31T12:32:55","guid":{"rendered":"https:\/\/amega.lt\/?post_type=product&#038;p=3551"},"modified":"2024-01-31T12:33:33","modified_gmt":"2024-01-31T12:33:33","slug":"smulkiu-seklu-skleistuvas","status":"publish","type":"product","link":"https:\/\/amega.lt\/en\/product\/smulkiu-seklu-skleistuvas\/","title":{"rendered":"Smulki\u0173 s\u0117kl\u0173 skleistuvas"},"content":{"rendered":"<p>\u017dol\u0117s, tr\u0105\u0161\u0173 skleistuvas su 25 mm skersmens skyle.<\/p>","protected":false},"excerpt":{"rendered":"<p>\u017dol\u0117s, tr\u0105\u0161\u0173 skleistuvas su 25 mm skersmens skyle.<\/p>","protected":false},"featured_media":3552,"template":"","meta":[],"product_cat":[35],"product_tag":[],"yoast_head":"<!-- This site is optimized with the Yoast SEO plugin v21.4 - https:\/\/yoast.com\/wordpress\/plugins\/seo\/ -->\n<title>Smulki\u0173 s\u0117kl\u0173 skleistuvas - UAB Amega<\/title>\n<meta name=\"robots\" content=\"index, follow, max-snippet:-1, max-image-preview:large, max-video-preview:-1\" \/>\n<link rel=\"canonical\" href=\"https:\/\/amega.lt\/en\/product\/smulkiu-seklu-skleistuvas\/\" \/>\n<meta property=\"og:locale\" content=\"en_US\" \/>\n<meta property=\"og:type\" content=\"article\" \/>\n<meta property=\"og:title\" content=\"Smulki\u0173 s\u0117kl\u0173 skleistuvas - UAB Amega\" \/>\n<meta property=\"og:description\" content=\"\u017dol\u0117s, tr\u0105\u0161\u0173 skleistuvas su 25 mm skersmens skyle.\" \/>\n<meta property=\"og:url\" content=\"https:\/\/amega.lt\/en\/product\/smulkiu-seklu-skleistuvas\/\" \/>\n<meta property=\"og:site_name\" content=\"UAB Amega\" \/>\n<meta property=\"article:modified_time\" content=\"2024-01-31T12:33:33+00:00\" \/>\n<meta property=\"og:image\" content=\"https:\/\/amega.lt\/wp-content\/uploads\/2024\/01\/smulkiu-seklu-skleistuvas2.jpg\" \/>\n\t<meta property=\"og:image:width\" content=\"1600\" \/>\n\t<meta property=\"og:image:height\" content=\"633\" \/>\n\t<meta property=\"og:image:type\" content=\"image\/jpeg\" \/>\n<meta name=\"twitter:card\" content=\"summary_large_image\" \/>\n<meta name=\"twitter:label1\" content=\"Est. reading time\" \/>\n\t<meta name=\"twitter:data1\" content=\"1 minute\" \/>\n<script type=\"application\/ld+json\" class=\"yoast-schema-graph\">{\"@context\":\"https:\/\/schema.org\",\"@graph\":[{\"@type\":\"WebPage\",\"@id\":\"https:\/\/amega.lt\/product\/smulkiu-seklu-skleistuvas\/\",\"url\":\"https:\/\/amega.lt\/product\/smulkiu-seklu-skleistuvas\/\",\"name\":\"Smulki\u0173 s\u0117kl\u0173 skleistuvas - UAB Amega\",\"isPartOf\":{\"@id\":\"https:\/\/amega.lt\/#website\"},\"datePublished\":\"2024-01-31T12:32:55+00:00\",\"dateModified\":\"2024-01-31T12:33:33+00:00\",\"breadcrumb\":{\"@id\":\"https:\/\/amega.lt\/product\/smulkiu-seklu-skleistuvas\/#breadcrumb\"},\"inLanguage\":\"en-US\",\"potentialAction\":[{\"@type\":\"ReadAction\",\"target\":[\"https:\/\/amega.lt\/product\/smulkiu-seklu-skleistuvas\/\"]}]},{\"@type\":\"BreadcrumbList\",\"@id\":\"https:\/\/amega.lt\/product\/smulkiu-seklu-skleistuvas\/#breadcrumb\",\"itemListElement\":[{\"@type\":\"ListItem\",\"position\":1,\"name\":\"Home\",\"item\":\"https:\/\/amega.lt\/\"},{\"@type\":\"ListItem\",\"position\":2,\"name\":\"Parduotuv\u0117\",\"item\":\"https:\/\/amega.lt\/parduotuve\/\"},{\"@type\":\"ListItem\",\"position\":3,\"name\":\"Smulki\u0173 s\u0117kl\u0173 skleistuvas\"}]},{\"@type\":\"WebSite\",\"@id\":\"https:\/\/amega.lt\/#website\",\"url\":\"https:\/\/amega.lt\/\",\"name\":\"UAB Amega\",\"description\":\"\",\"potentialAction\":[{\"@type\":\"SearchAction\",\"target\":{\"@type\":\"EntryPoint\",\"urlTemplate\":\"https:\/\/amega.lt\/?s={search_term_string}\"},\"query-input\":\"required name=search_term_string\"}],\"inLanguage\":\"en-US\"}]}<\/script>\n<!-- \/ Yoast SEO plugin. -->","yoast_head_json":{"title":"Smulki\u0173 s\u0117kl\u0173 skleistuvas - UAB Amega","robots":{"index":"index","follow":"follow","max-snippet":"max-snippet:-1","max-image-preview":"max-image-preview:large","max-video-preview":"max-video-preview:-1"},"canonical":"https:\/\/amega.lt\/en\/product\/smulkiu-seklu-skleistuvas\/","og_locale":"en_US","og_type":"article","og_title":"Smulki\u0173 s\u0117kl\u0173 skleistuvas - UAB Amega","og_description":"\u017dol\u0117s, tr\u0105\u0161\u0173 skleistuvas su 25 mm skersmens skyle.","og_url":"https:\/\/amega.lt\/en\/product\/smulkiu-seklu-skleistuvas\/","og_site_name":"UAB Amega","article_modified_time":"2024-01-31T12:33:33+00:00","og_image":[{"width":1600,"height":633,"url":"https:\/\/amega.lt\/wp-content\/uploads\/2024\/01\/smulkiu-seklu-skleistuvas2.jpg","type":"image\/jpeg"}],"twitter_card":"summary_large_image","twitter_misc":{"Est. reading time":"1 minute"},"schema":{"@context":"https:\/\/schema.org","@graph":[{"@type":"WebPage","@id":"https:\/\/amega.lt\/product\/smulkiu-seklu-skleistuvas\/","url":"https:\/\/amega.lt\/product\/smulkiu-seklu-skleistuvas\/","name":"Smulki\u0173 s\u0117kl\u0173 skleistuvas - UAB Amega","isPartOf":{"@id":"https:\/\/amega.lt\/#website"},"datePublished":"2024-01-31T12:32:55+00:00","dateModified":"2024-01-31T12:33:33+00:00","breadcrumb":{"@id":"https:\/\/amega.lt\/product\/smulkiu-seklu-skleistuvas\/#breadcrumb"},"inLanguage":"en-US","potentialAction":[{"@type":"ReadAction","target":["https:\/\/amega.lt\/product\/smulkiu-seklu-skleistuvas\/"]}]},{"@type":"BreadcrumbList","@id":"https:\/\/amega.lt\/product\/smulkiu-seklu-skleistuvas\/#breadcrumb","itemListElement":[{"@type":"ListItem","position":1,"name":"Home","item":"https:\/\/amega.lt\/"},{"@type":"ListItem","position":2,"name":"Parduotuv\u0117","item":"https:\/\/amega.lt\/parduotuve\/"},{"@type":"ListItem","position":3,"name":"Smulki\u0173 s\u0117kl\u0173 skleistuvas"}]},{"@type":"WebSite","@id":"https:\/\/amega.lt\/#website","url":"https:\/\/amega.lt\/","name":"UAB Amega","description":"","potentialAction":[{"@type":"SearchAction","target":{"@type":"EntryPoint","urlTemplate":"https:\/\/amega.lt\/?s={search_term_string}"},"query-input":"required name=search_term_string"}],"inLanguage":"en-US"}]}},"_links":{"self":[{"href":"https:\/\/amega.lt\/en\/wp-json\/wp\/v2\/product\/3551"}],"collection":[{"href":"https:\/\/amega.lt\/en\/wp-json\/wp\/v2\/product"}],"about":[{"href":"https:\/\/amega.lt\/en\/wp-json\/wp\/v2\/types\/product"}],"wp:featuredmedia":[{"embeddable":true,"href":"https:\/\/amega.lt\/en\/wp-json\/wp\/v2\/media\/3552"}],"wp:attachment":[{"href":"https:\/\/amega.lt\/en\/wp-json\/wp\/v2\/media?parent=3551"}],"wp:term":[{"taxonomy":"product_cat","embeddable":true,"href":"https:\/\/amega.lt\/en\/wp-json\/wp\/v2\/product_cat?post=3551"},{"taxonomy":"product_tag","embeddable":true,"href":"https:\/\/amega.lt\/en\/wp-json\/wp\/v2\/product_tag?post=3551"}],"curies":[{"name":"wp","href":"https:\/\/api.w.org\/{rel}","templated":true}]}}