{"id":3530,"date":"2024-01-26T11:12:18","date_gmt":"2024-01-26T11:12:18","guid":{"rendered":"https:\/\/amega.lt\/?post_type=product&#038;p=3530"},"modified":"2024-01-26T11:12:18","modified_gmt":"2024-01-26T11:12:18","slug":"deimantine-grezimo-karuna-226mm","status":"publish","type":"product","link":"https:\/\/amega.lt\/en\/product\/deimantine-grezimo-karuna-226mm\/","title":{"rendered":"Deimantin\u0117 gr\u0119\u017eimo kar\u016bna 226mm"},"content":{"rendered":"<p><strong>Tiksliai ir efektyviai kiaurina skirting\u0173 med\u017eiag\u0173 pavir\u0161ius, \u012fskaitant:<\/strong><\/p>\n<p><strong>-beton\u0105, <\/strong><\/p>\n<p><strong>-plytas, <\/strong><\/p>\n<p><strong>-marmur\u0105, <\/strong><\/p>\n<p><strong>-keramik\u0105 ir kitas kietas med\u017eiagas.<\/strong><\/p>\n<p>Deimantiniai gr\u0105\u017etai yra puikus pasirinkimas, kai reikia gauti tiksl\u0173 ir \u0161var\u0173 kiaurym\u0117s rezultat\u0105. J\u0173 naudojimas leid\u017eia greitai ir efektyviai atlikti skyl\u0117s kiaurinimo darbus, taip pat u\u017etikrina auk\u0161t\u0105 darb\u0173 kokyb\u0119.<\/p>","protected":false},"excerpt":{"rendered":"<p>Tiksliai ir efektyviai kiaurina skirting\u0173 med\u017eiag\u0173 pavir\u0161ius, \u012fskaitant: -beton\u0105, -plytas, -marmur\u0105, -keramik\u0105 ir kitas kietas med\u017eiagas. Deimantiniai gr\u0105\u017etai yra puikus pasirinkimas, kai reikia gauti tiksl\u0173 ir \u0161var\u0173 kiaurym\u0117s rezultat\u0105. J\u0173 naudojimas leid\u017eia greitai ir efektyviai atlikti skyl\u0117s kiaurinimo darbus, taip pat u\u017etikrina auk\u0161t\u0105 darb\u0173 kokyb\u0119.<\/p>","protected":false},"featured_media":3531,"template":"","meta":[],"product_cat":[33],"product_tag":[],"yoast_head":"<!-- This site is optimized with the Yoast SEO plugin v21.4 - https:\/\/yoast.com\/wordpress\/plugins\/seo\/ -->\n<title>Deimantin\u0117 gr\u0119\u017eimo kar\u016bna 226mm - UAB Amega<\/title>\n<meta name=\"robots\" content=\"index, follow, max-snippet:-1, max-image-preview:large, max-video-preview:-1\" \/>\n<link rel=\"canonical\" href=\"https:\/\/amega.lt\/en\/product\/deimantine-grezimo-karuna-226mm\/\" \/>\n<meta property=\"og:locale\" content=\"en_US\" \/>\n<meta property=\"og:type\" content=\"article\" \/>\n<meta property=\"og:title\" content=\"Deimantin\u0117 gr\u0119\u017eimo kar\u016bna 226mm - UAB Amega\" \/>\n<meta property=\"og:description\" content=\"Tiksliai ir efektyviai kiaurina skirting\u0173 med\u017eiag\u0173 pavir\u0161ius, \u012fskaitant: -beton\u0105, -plytas, -marmur\u0105, -keramik\u0105 ir kitas kietas med\u017eiagas. Deimantiniai gr\u0105\u017etai yra puikus pasirinkimas, kai reikia gauti tiksl\u0173 ir \u0161var\u0173 kiaurym\u0117s rezultat\u0105. J\u0173 naudojimas leid\u017eia greitai ir efektyviai atlikti skyl\u0117s kiaurinimo darbus, taip pat u\u017etikrina auk\u0161t\u0105 darb\u0173 kokyb\u0119.\" \/>\n<meta property=\"og:url\" content=\"https:\/\/amega.lt\/en\/product\/deimantine-grezimo-karuna-226mm\/\" \/>\n<meta property=\"og:site_name\" content=\"UAB Amega\" \/>\n<meta property=\"og:image\" content=\"https:\/\/amega.lt\/wp-content\/uploads\/2024\/01\/Deimantine-grezimo-karuna-226.jpg\" \/>\n\t<meta property=\"og:image:width\" content=\"1998\" \/>\n\t<meta property=\"og:image:height\" content=\"1674\" \/>\n\t<meta property=\"og:image:type\" content=\"image\/jpeg\" \/>\n<meta name=\"twitter:card\" content=\"summary_large_image\" \/>\n<meta name=\"twitter:label1\" content=\"Est. reading time\" \/>\n\t<meta name=\"twitter:data1\" content=\"1 minute\" \/>\n<script type=\"application\/ld+json\" class=\"yoast-schema-graph\">{\"@context\":\"https:\/\/schema.org\",\"@graph\":[{\"@type\":\"WebPage\",\"@id\":\"https:\/\/amega.lt\/product\/deimantine-grezimo-karuna-226mm\/\",\"url\":\"https:\/\/amega.lt\/product\/deimantine-grezimo-karuna-226mm\/\",\"name\":\"Deimantin\u0117 gr\u0119\u017eimo kar\u016bna 226mm - UAB Amega\",\"isPartOf\":{\"@id\":\"https:\/\/amega.lt\/#website\"},\"datePublished\":\"2024-01-26T11:12:18+00:00\",\"dateModified\":\"2024-01-26T11:12:18+00:00\",\"breadcrumb\":{\"@id\":\"https:\/\/amega.lt\/product\/deimantine-grezimo-karuna-226mm\/#breadcrumb\"},\"inLanguage\":\"en-US\",\"potentialAction\":[{\"@type\":\"ReadAction\",\"target\":[\"https:\/\/amega.lt\/product\/deimantine-grezimo-karuna-226mm\/\"]}]},{\"@type\":\"BreadcrumbList\",\"@id\":\"https:\/\/amega.lt\/product\/deimantine-grezimo-karuna-226mm\/#breadcrumb\",\"itemListElement\":[{\"@type\":\"ListItem\",\"position\":1,\"name\":\"Home\",\"item\":\"https:\/\/amega.lt\/\"},{\"@type\":\"ListItem\",\"position\":2,\"name\":\"Parduotuv\u0117\",\"item\":\"https:\/\/amega.lt\/parduotuve\/\"},{\"@type\":\"ListItem\",\"position\":3,\"name\":\"Deimantin\u0117 gr\u0119\u017eimo kar\u016bna 226mm\"}]},{\"@type\":\"WebSite\",\"@id\":\"https:\/\/amega.lt\/#website\",\"url\":\"https:\/\/amega.lt\/\",\"name\":\"UAB Amega\",\"description\":\"\",\"potentialAction\":[{\"@type\":\"SearchAction\",\"target\":{\"@type\":\"EntryPoint\",\"urlTemplate\":\"https:\/\/amega.lt\/?s={search_term_string}\"},\"query-input\":\"required name=search_term_string\"}],\"inLanguage\":\"en-US\"}]}<\/script>\n<!-- \/ Yoast SEO plugin. -->","yoast_head_json":{"title":"Deimantin\u0117 gr\u0119\u017eimo kar\u016bna 226mm - UAB Amega","robots":{"index":"index","follow":"follow","max-snippet":"max-snippet:-1","max-image-preview":"max-image-preview:large","max-video-preview":"max-video-preview:-1"},"canonical":"https:\/\/amega.lt\/en\/product\/deimantine-grezimo-karuna-226mm\/","og_locale":"en_US","og_type":"article","og_title":"Deimantin\u0117 gr\u0119\u017eimo kar\u016bna 226mm - UAB Amega","og_description":"Tiksliai ir efektyviai kiaurina skirting\u0173 med\u017eiag\u0173 pavir\u0161ius, \u012fskaitant: -beton\u0105, -plytas, -marmur\u0105, -keramik\u0105 ir kitas kietas med\u017eiagas. Deimantiniai gr\u0105\u017etai yra puikus pasirinkimas, kai reikia gauti tiksl\u0173 ir \u0161var\u0173 kiaurym\u0117s rezultat\u0105. J\u0173 naudojimas leid\u017eia greitai ir efektyviai atlikti skyl\u0117s kiaurinimo darbus, taip pat u\u017etikrina auk\u0161t\u0105 darb\u0173 kokyb\u0119.","og_url":"https:\/\/amega.lt\/en\/product\/deimantine-grezimo-karuna-226mm\/","og_site_name":"UAB Amega","og_image":[{"width":1998,"height":1674,"url":"https:\/\/amega.lt\/wp-content\/uploads\/2024\/01\/Deimantine-grezimo-karuna-226.jpg","type":"image\/jpeg"}],"twitter_card":"summary_large_image","twitter_misc":{"Est. reading time":"1 minute"},"schema":{"@context":"https:\/\/schema.org","@graph":[{"@type":"WebPage","@id":"https:\/\/amega.lt\/product\/deimantine-grezimo-karuna-226mm\/","url":"https:\/\/amega.lt\/product\/deimantine-grezimo-karuna-226mm\/","name":"Deimantin\u0117 gr\u0119\u017eimo kar\u016bna 226mm - UAB Amega","isPartOf":{"@id":"https:\/\/amega.lt\/#website"},"datePublished":"2024-01-26T11:12:18+00:00","dateModified":"2024-01-26T11:12:18+00:00","breadcrumb":{"@id":"https:\/\/amega.lt\/product\/deimantine-grezimo-karuna-226mm\/#breadcrumb"},"inLanguage":"en-US","potentialAction":[{"@type":"ReadAction","target":["https:\/\/amega.lt\/product\/deimantine-grezimo-karuna-226mm\/"]}]},{"@type":"BreadcrumbList","@id":"https:\/\/amega.lt\/product\/deimantine-grezimo-karuna-226mm\/#breadcrumb","itemListElement":[{"@type":"ListItem","position":1,"name":"Home","item":"https:\/\/amega.lt\/"},{"@type":"ListItem","position":2,"name":"Parduotuv\u0117","item":"https:\/\/amega.lt\/parduotuve\/"},{"@type":"ListItem","position":3,"name":"Deimantin\u0117 gr\u0119\u017eimo kar\u016bna 226mm"}]},{"@type":"WebSite","@id":"https:\/\/amega.lt\/#website","url":"https:\/\/amega.lt\/","name":"UAB Amega","description":"","potentialAction":[{"@type":"SearchAction","target":{"@type":"EntryPoint","urlTemplate":"https:\/\/amega.lt\/?s={search_term_string}"},"query-input":"required name=search_term_string"}],"inLanguage":"en-US"}]}},"_links":{"self":[{"href":"https:\/\/amega.lt\/en\/wp-json\/wp\/v2\/product\/3530"}],"collection":[{"href":"https:\/\/amega.lt\/en\/wp-json\/wp\/v2\/product"}],"about":[{"href":"https:\/\/amega.lt\/en\/wp-json\/wp\/v2\/types\/product"}],"wp:featuredmedia":[{"embeddable":true,"href":"https:\/\/amega.lt\/en\/wp-json\/wp\/v2\/media\/3531"}],"wp:attachment":[{"href":"https:\/\/amega.lt\/en\/wp-json\/wp\/v2\/media?parent=3530"}],"wp:term":[{"taxonomy":"product_cat","embeddable":true,"href":"https:\/\/amega.lt\/en\/wp-json\/wp\/v2\/product_cat?post=3530"},{"taxonomy":"product_tag","embeddable":true,"href":"https:\/\/amega.lt\/en\/wp-json\/wp\/v2\/product_tag?post=3530"}],"curies":[{"name":"wp","href":"https:\/\/api.w.org\/{rel}","templated":true}]}}