{"id":3456,"date":"2023-10-11T04:27:14","date_gmt":"2023-10-11T04:27:14","guid":{"rendered":"https:\/\/amega.lt\/metalo-pjovimas-lazeriu-2\/"},"modified":"2023-11-20T21:20:24","modified_gmt":"2023-11-20T21:20:24","slug":"akumuliacines-talpos","status":"publish","type":"page","link":"https:\/\/amega.lt\/en\/akumuliacines-talpos\/","title":{"rendered":"Storage capacities"},"content":{"rendered":"<section class=\"wpb-content-wrapper\"><div class=\"vc_row wpb_row row top-row\"><div class=\"vc_column_container col-md-8\"><div class=\"wpb_wrapper vc_column-inner\"><div class=\"porto-u-heading mb-3  wpb_custom_95aa9a11c17ad45cfabaf210d84ee7cc porto-u-7907\"><div class=\"porto-u-sub-heading\" style=\"\">\n<ul>\n<li style=\"text-align: left;\"><span style=\"color: #777777;\">We manufacture and design high-quality storage tanks.<\/span><\/li>\n<\/ul>\n<p><span style=\"color: #777777;\">These storage capacities are used in energy storage systems that can be adapted to both domestic and commercial or industrial needs. We also provide technical support and advice to customers, helping them to choose the right storage tanks that meet their individual needs.<\/span><\/div><style>.porto-u-7907.porto-u-heading{text-align:left}<\/style><\/div><\/div><\/div><div class=\"vc_column_container col-md-4\"><div class=\"wpb_wrapper vc_column-inner\"><\/div><\/div><\/div><div class=\"vc_row wpb_row row top-row\"><div class=\"vc_column_container col-md-12\"><div class=\"wpb_wrapper vc_column-inner\"><div class=\"wpb_gallery wpb_content_element vc_clearfix\" ><div class=\"wpb_wrapper\"><div class=\"wpb_gallery_slides wpb_image_grid\" data-interval=\"3\"><ul class=\"wpb_image_grid_ul\"><li class=\"isotope-item\"><a class=\"\" href=\"https:\/\/amega.lt\/wp-content\/uploads\/2023\/11\/Sleginiai-indai-1.png\" data-lightbox=\"lightbox[rel-3456-3649525274]\"><img class=\"\" src=\"https:\/\/amega.lt\/wp-content\/uploads\/2023\/11\/Sleginiai-indai-1-280x280.png\" width=\"280\" height=\"280\" alt=\"Sl\u0117giniai indai\" title=\"Sl\u0117giniai indai\" \/><\/a><\/li><li class=\"isotope-item\"><a class=\"\" href=\"https:\/\/amega.lt\/wp-content\/uploads\/2023\/11\/Sleginiai-indai-2.png\" data-lightbox=\"lightbox[rel-3456-3649525274]\"><img class=\"\" src=\"https:\/\/amega.lt\/wp-content\/uploads\/2023\/11\/Sleginiai-indai-2-280x280.png\" width=\"280\" height=\"280\" alt=\"Sl\u0117giniai indai\" title=\"Sl\u0117giniai indai\" \/><\/a><\/li><\/ul><\/div><\/div><\/div><\/div><\/div><\/div>\n<\/section>","protected":false},"excerpt":{"rendered":"Gaminame bei projektuojame kokybi\u0161kas akumuliacines talpas. \u0160ios akumuliacin\u0117s talpos yra naudojamos energijos saugojimo sistemose, kurios gali b\u016bti pritaikytos tiek namu apyvokos, tiek komerciniams ar pramon\u0117s poreikiams. Taip pat teikiame technin\u0119 param\u0105 ir konsultacijas klientams, padedant jiems pasirinkti tinkamas akumuliacines talpas, atitinkan\u010dias j\u0173 individualius poreikius.","protected":false},"author":1,"featured_media":0,"parent":0,"menu_order":0,"comment_status":"closed","ping_status":"closed","template":"","meta":[],"yoast_head":"<!-- This site is optimized with the Yoast SEO plugin v21.4 - https:\/\/yoast.com\/wordpress\/plugins\/seo\/ -->\n<title>Akumuliacin\u0117s talpos - UAB Amega<\/title>\n<meta name=\"robots\" content=\"index, follow, max-snippet:-1, max-image-preview:large, max-video-preview:-1\" \/>\n<link rel=\"canonical\" href=\"https:\/\/amega.lt\/en\/akumuliacines-talpos\/\" \/>\n<meta property=\"og:locale\" content=\"en_US\" \/>\n<meta property=\"og:type\" content=\"article\" \/>\n<meta property=\"og:title\" content=\"Akumuliacin\u0117s talpos - UAB Amega\" \/>\n<meta property=\"og:url\" content=\"https:\/\/amega.lt\/en\/akumuliacines-talpos\/\" \/>\n<meta property=\"og:site_name\" content=\"UAB Amega\" \/>\n<meta property=\"article:modified_time\" content=\"2023-11-20T21:20:24+00:00\" \/>\n<meta name=\"twitter:card\" content=\"summary_large_image\" \/>\n<meta name=\"twitter:label1\" content=\"Est. reading time\" \/>\n\t<meta name=\"twitter:data1\" content=\"1 minute\" \/>\n<script type=\"application\/ld+json\" class=\"yoast-schema-graph\">{\"@context\":\"https:\/\/schema.org\",\"@graph\":[{\"@type\":\"WebPage\",\"@id\":\"https:\/\/amega.lt\/akumuliacines-talpos\/\",\"url\":\"https:\/\/amega.lt\/akumuliacines-talpos\/\",\"name\":\"Akumuliacin\u0117s talpos - UAB Amega\",\"isPartOf\":{\"@id\":\"https:\/\/amega.lt\/#website\"},\"datePublished\":\"2023-10-11T04:27:14+00:00\",\"dateModified\":\"2023-11-20T21:20:24+00:00\",\"breadcrumb\":{\"@id\":\"https:\/\/amega.lt\/akumuliacines-talpos\/#breadcrumb\"},\"inLanguage\":\"en-US\",\"potentialAction\":[{\"@type\":\"ReadAction\",\"target\":[\"https:\/\/amega.lt\/akumuliacines-talpos\/\"]}]},{\"@type\":\"BreadcrumbList\",\"@id\":\"https:\/\/amega.lt\/akumuliacines-talpos\/#breadcrumb\",\"itemListElement\":[{\"@type\":\"ListItem\",\"position\":1,\"name\":\"Home\",\"item\":\"https:\/\/amega.lt\/\"},{\"@type\":\"ListItem\",\"position\":2,\"name\":\"Akumuliacin\u0117s talpos\"}]},{\"@type\":\"WebSite\",\"@id\":\"https:\/\/amega.lt\/#website\",\"url\":\"https:\/\/amega.lt\/\",\"name\":\"UAB Amega\",\"description\":\"\",\"potentialAction\":[{\"@type\":\"SearchAction\",\"target\":{\"@type\":\"EntryPoint\",\"urlTemplate\":\"https:\/\/amega.lt\/?s={search_term_string}\"},\"query-input\":\"required name=search_term_string\"}],\"inLanguage\":\"en-US\"}]}<\/script>\n<!-- \/ Yoast SEO plugin. -->","yoast_head_json":{"title":"Akumuliacin\u0117s talpos - UAB Amega","robots":{"index":"index","follow":"follow","max-snippet":"max-snippet:-1","max-image-preview":"max-image-preview:large","max-video-preview":"max-video-preview:-1"},"canonical":"https:\/\/amega.lt\/en\/akumuliacines-talpos\/","og_locale":"en_US","og_type":"article","og_title":"Akumuliacin\u0117s talpos - UAB Amega","og_url":"https:\/\/amega.lt\/en\/akumuliacines-talpos\/","og_site_name":"UAB Amega","article_modified_time":"2023-11-20T21:20:24+00:00","twitter_card":"summary_large_image","twitter_misc":{"Est. reading time":"1 minute"},"schema":{"@context":"https:\/\/schema.org","@graph":[{"@type":"WebPage","@id":"https:\/\/amega.lt\/akumuliacines-talpos\/","url":"https:\/\/amega.lt\/akumuliacines-talpos\/","name":"Akumuliacin\u0117s talpos - UAB Amega","isPartOf":{"@id":"https:\/\/amega.lt\/#website"},"datePublished":"2023-10-11T04:27:14+00:00","dateModified":"2023-11-20T21:20:24+00:00","breadcrumb":{"@id":"https:\/\/amega.lt\/akumuliacines-talpos\/#breadcrumb"},"inLanguage":"en-US","potentialAction":[{"@type":"ReadAction","target":["https:\/\/amega.lt\/akumuliacines-talpos\/"]}]},{"@type":"BreadcrumbList","@id":"https:\/\/amega.lt\/akumuliacines-talpos\/#breadcrumb","itemListElement":[{"@type":"ListItem","position":1,"name":"Home","item":"https:\/\/amega.lt\/"},{"@type":"ListItem","position":2,"name":"Akumuliacin\u0117s talpos"}]},{"@type":"WebSite","@id":"https:\/\/amega.lt\/#website","url":"https:\/\/amega.lt\/","name":"UAB Amega","description":"","potentialAction":[{"@type":"SearchAction","target":{"@type":"EntryPoint","urlTemplate":"https:\/\/amega.lt\/?s={search_term_string}"},"query-input":"required name=search_term_string"}],"inLanguage":"en-US"}]}},"_links":{"self":[{"href":"https:\/\/amega.lt\/en\/wp-json\/wp\/v2\/pages\/3456"}],"collection":[{"href":"https:\/\/amega.lt\/en\/wp-json\/wp\/v2\/pages"}],"about":[{"href":"https:\/\/amega.lt\/en\/wp-json\/wp\/v2\/types\/page"}],"author":[{"embeddable":true,"href":"https:\/\/amega.lt\/en\/wp-json\/wp\/v2\/users\/1"}],"replies":[{"embeddable":true,"href":"https:\/\/amega.lt\/en\/wp-json\/wp\/v2\/comments?post=3456"}],"version-history":[{"count":13,"href":"https:\/\/amega.lt\/en\/wp-json\/wp\/v2\/pages\/3456\/revisions"}],"predecessor-version":[{"id":3484,"href":"https:\/\/amega.lt\/en\/wp-json\/wp\/v2\/pages\/3456\/revisions\/3484"}],"wp:attachment":[{"href":"https:\/\/amega.lt\/en\/wp-json\/wp\/v2\/media?parent=3456"}],"curies":[{"name":"wp","href":"https:\/\/api.w.org\/{rel}","templated":true}]}}