{"id":3423,"date":"2023-11-02T22:13:50","date_gmt":"2023-11-02T22:13:50","guid":{"rendered":"https:\/\/amega.lt\/?page_id=3423"},"modified":"2023-11-02T22:15:55","modified_gmt":"2023-11-02T22:15:55","slug":"ivairios-paskirties-laiptai","status":"publish","type":"page","link":"https:\/\/amega.lt\/en\/ivairios-paskirties-laiptai\/","title":{"rendered":"\u012evairios paskirties laiptai"},"content":{"rendered":"<section class=\"wpb-content-wrapper\"><div class=\"vc_row wpb_row row top-row\"><div class=\"vc_column_container col-md-4\"><div class=\"wpb_wrapper vc_column-inner\">\n\t<div class=\"wpb_text_column wpb_content_element\" >\n\t\t<div class=\"wpb_wrapper\">\n\t\t\t<p>Laiptai gaminami i\u0161 ner\u016bdijan\u010dio plieno &#8211; maisto pramon\u0117s sektoriui,<br \/>\ncinkuoti ir padengti da\u017eais &#8211; darbui agresyvioms lauko s\u0105lygoms, cinkuoti arba padengti da\u017eais, pagal poreikius.<br \/>\nGaminama pagal konkre\u010dius u\u017esakymus.<\/p>\n\n\t\t<\/div>\n\t<\/div>\n<\/div><\/div><div class=\"vc_column_container col-md-4\"><div class=\"wpb_wrapper vc_column-inner\">\n\t<div class=\"wpb_single_image wpb_content_element vc_align_left\">\n\t\t<div class=\"wpb_wrapper\">\n\t\t\t\n\t\t\t<div class=\"vc_single_image-wrapper   vc_box_border_grey\"><img width=\"626\" height=\"566\" src=\"https:\/\/amega.lt\/wp-content\/uploads\/2023\/11\/15nerudijancio-plieno-laiptai-1.png\" class=\"vc_single_image-img attachment-full\" alt=\"\" decoding=\"async\" loading=\"lazy\" title=\"Ner\u016bdijan\u010dio plieno laiptai maisto pramon\u0117s sektoriui\" srcset=\"https:\/\/amega.lt\/wp-content\/uploads\/2023\/11\/15nerudijancio-plieno-laiptai-1.png 626w, https:\/\/amega.lt\/wp-content\/uploads\/2023\/11\/15nerudijancio-plieno-laiptai-1-400x362.png 400w, https:\/\/amega.lt\/wp-content\/uploads\/2023\/11\/15nerudijancio-plieno-laiptai-1-600x542.png 600w\" sizes=\"(max-width: 626px) 100vw, 626px\" \/><\/div>\n\t\t<\/div>\n\t<\/div>\n<\/div><\/div><div class=\"vc_column_container col-md-4\"><div class=\"wpb_wrapper vc_column-inner\">\n\t<div class=\"wpb_single_image wpb_content_element vc_align_left\">\n\t\t<div class=\"wpb_wrapper\">\n\t\t\t\n\t\t\t<div class=\"vc_single_image-wrapper   vc_box_border_grey\"><img width=\"586\" height=\"752\" src=\"https:\/\/amega.lt\/wp-content\/uploads\/2023\/11\/nerudijancio-plieno-laiptai-2.png\" class=\"vc_single_image-img attachment-full\" alt=\"\" decoding=\"async\" loading=\"lazy\" title=\"Ner\u016bdijan\u010dio plieno laiptai maisto pramon\u0117s sektoriui\" srcset=\"https:\/\/amega.lt\/wp-content\/uploads\/2023\/11\/nerudijancio-plieno-laiptai-2.png 586w, https:\/\/amega.lt\/wp-content\/uploads\/2023\/11\/nerudijancio-plieno-laiptai-2-400x513.png 400w\" sizes=\"(max-width: 586px) 100vw, 586px\" \/><\/div>\n\t\t<\/div>\n\t<\/div>\n<\/div><\/div><\/div>\n<\/section>","protected":false},"excerpt":{"rendered":"Laiptai gaminami i\u0161 ner\u016bdijan\u010dio plieno - maisto pramon\u0117s sektoriui, cinkuoti ir padengti da\u017eais - darbui agresyvioms lauko s\u0105lygoms, cinkuoti arba padengti da\u017eais, pagal poreikius. Gaminama pagal konkre\u010dius u\u017esakymus.","protected":false},"author":1,"featured_media":0,"parent":0,"menu_order":0,"comment_status":"closed","ping_status":"closed","template":"","meta":[],"yoast_head":"<!-- This site is optimized with the Yoast SEO plugin v21.4 - https:\/\/yoast.com\/wordpress\/plugins\/seo\/ -->\n<title>\u012evairios paskirties laiptai - UAB Amega<\/title>\n<meta name=\"robots\" content=\"index, follow, max-snippet:-1, max-image-preview:large, max-video-preview:-1\" \/>\n<link rel=\"canonical\" href=\"https:\/\/amega.lt\/en\/ivairios-paskirties-laiptai\/\" \/>\n<meta property=\"og:locale\" content=\"en_US\" \/>\n<meta property=\"og:type\" content=\"article\" \/>\n<meta property=\"og:title\" content=\"\u012evairios paskirties laiptai - UAB Amega\" \/>\n<meta property=\"og:url\" content=\"https:\/\/amega.lt\/en\/ivairios-paskirties-laiptai\/\" \/>\n<meta property=\"og:site_name\" content=\"UAB Amega\" \/>\n<meta property=\"article:modified_time\" content=\"2023-11-02T22:15:55+00:00\" \/>\n<meta name=\"twitter:card\" content=\"summary_large_image\" \/>\n<meta name=\"twitter:label1\" content=\"Est. reading time\" \/>\n\t<meta name=\"twitter:data1\" content=\"1 minute\" \/>\n<script type=\"application\/ld+json\" class=\"yoast-schema-graph\">{\"@context\":\"https:\/\/schema.org\",\"@graph\":[{\"@type\":\"WebPage\",\"@id\":\"https:\/\/amega.lt\/ivairios-paskirties-laiptai\/\",\"url\":\"https:\/\/amega.lt\/ivairios-paskirties-laiptai\/\",\"name\":\"\u012evairios paskirties laiptai - UAB Amega\",\"isPartOf\":{\"@id\":\"https:\/\/amega.lt\/#website\"},\"datePublished\":\"2023-11-02T22:13:50+00:00\",\"dateModified\":\"2023-11-02T22:15:55+00:00\",\"breadcrumb\":{\"@id\":\"https:\/\/amega.lt\/ivairios-paskirties-laiptai\/#breadcrumb\"},\"inLanguage\":\"en-US\",\"potentialAction\":[{\"@type\":\"ReadAction\",\"target\":[\"https:\/\/amega.lt\/ivairios-paskirties-laiptai\/\"]}]},{\"@type\":\"BreadcrumbList\",\"@id\":\"https:\/\/amega.lt\/ivairios-paskirties-laiptai\/#breadcrumb\",\"itemListElement\":[{\"@type\":\"ListItem\",\"position\":1,\"name\":\"Home\",\"item\":\"https:\/\/amega.lt\/\"},{\"@type\":\"ListItem\",\"position\":2,\"name\":\"\u012evairios paskirties laiptai\"}]},{\"@type\":\"WebSite\",\"@id\":\"https:\/\/amega.lt\/#website\",\"url\":\"https:\/\/amega.lt\/\",\"name\":\"UAB Amega\",\"description\":\"\",\"potentialAction\":[{\"@type\":\"SearchAction\",\"target\":{\"@type\":\"EntryPoint\",\"urlTemplate\":\"https:\/\/amega.lt\/?s={search_term_string}\"},\"query-input\":\"required name=search_term_string\"}],\"inLanguage\":\"en-US\"}]}<\/script>\n<!-- \/ Yoast SEO plugin. -->","yoast_head_json":{"title":"\u012evairios paskirties laiptai - UAB Amega","robots":{"index":"index","follow":"follow","max-snippet":"max-snippet:-1","max-image-preview":"max-image-preview:large","max-video-preview":"max-video-preview:-1"},"canonical":"https:\/\/amega.lt\/en\/ivairios-paskirties-laiptai\/","og_locale":"en_US","og_type":"article","og_title":"\u012evairios paskirties laiptai - UAB Amega","og_url":"https:\/\/amega.lt\/en\/ivairios-paskirties-laiptai\/","og_site_name":"UAB Amega","article_modified_time":"2023-11-02T22:15:55+00:00","twitter_card":"summary_large_image","twitter_misc":{"Est. reading time":"1 minute"},"schema":{"@context":"https:\/\/schema.org","@graph":[{"@type":"WebPage","@id":"https:\/\/amega.lt\/ivairios-paskirties-laiptai\/","url":"https:\/\/amega.lt\/ivairios-paskirties-laiptai\/","name":"\u012evairios paskirties laiptai - UAB Amega","isPartOf":{"@id":"https:\/\/amega.lt\/#website"},"datePublished":"2023-11-02T22:13:50+00:00","dateModified":"2023-11-02T22:15:55+00:00","breadcrumb":{"@id":"https:\/\/amega.lt\/ivairios-paskirties-laiptai\/#breadcrumb"},"inLanguage":"en-US","potentialAction":[{"@type":"ReadAction","target":["https:\/\/amega.lt\/ivairios-paskirties-laiptai\/"]}]},{"@type":"BreadcrumbList","@id":"https:\/\/amega.lt\/ivairios-paskirties-laiptai\/#breadcrumb","itemListElement":[{"@type":"ListItem","position":1,"name":"Home","item":"https:\/\/amega.lt\/"},{"@type":"ListItem","position":2,"name":"\u012evairios paskirties laiptai"}]},{"@type":"WebSite","@id":"https:\/\/amega.lt\/#website","url":"https:\/\/amega.lt\/","name":"UAB Amega","description":"","potentialAction":[{"@type":"SearchAction","target":{"@type":"EntryPoint","urlTemplate":"https:\/\/amega.lt\/?s={search_term_string}"},"query-input":"required name=search_term_string"}],"inLanguage":"en-US"}]}},"_links":{"self":[{"href":"https:\/\/amega.lt\/en\/wp-json\/wp\/v2\/pages\/3423"}],"collection":[{"href":"https:\/\/amega.lt\/en\/wp-json\/wp\/v2\/pages"}],"about":[{"href":"https:\/\/amega.lt\/en\/wp-json\/wp\/v2\/types\/page"}],"author":[{"embeddable":true,"href":"https:\/\/amega.lt\/en\/wp-json\/wp\/v2\/users\/1"}],"replies":[{"embeddable":true,"href":"https:\/\/amega.lt\/en\/wp-json\/wp\/v2\/comments?post=3423"}],"version-history":[{"count":3,"href":"https:\/\/amega.lt\/en\/wp-json\/wp\/v2\/pages\/3423\/revisions"}],"predecessor-version":[{"id":3426,"href":"https:\/\/amega.lt\/en\/wp-json\/wp\/v2\/pages\/3423\/revisions\/3426"}],"wp:attachment":[{"href":"https:\/\/amega.lt\/en\/wp-json\/wp\/v2\/media?parent=3423"}],"curies":[{"name":"wp","href":"https:\/\/api.w.org\/{rel}","templated":true}]}}