{"id":3419,"date":"2023-11-02T22:05:01","date_gmt":"2023-11-02T22:05:01","guid":{"rendered":"https:\/\/amega.lt\/?page_id=3419"},"modified":"2023-11-02T22:06:32","modified_gmt":"2023-11-02T22:06:32","slug":"nerudijancio-plieno-gaminiai-maisto-pramonei","status":"publish","type":"page","link":"https:\/\/amega.lt\/en\/nerudijancio-plieno-gaminiai-maisto-pramonei\/","title":{"rendered":"Ner\u016bdijan\u010dio plieno gaminiai maisto pramonei"},"content":{"rendered":"<section class=\"wpb-content-wrapper\"><div class=\"vc_row wpb_row row top-row\"><div class=\"vc_column_container col-md-12\"><div class=\"wpb_wrapper vc_column-inner\">\n\t<div class=\"wpb_text_column wpb_content_element\" >\n\t\t<div class=\"wpb_wrapper\">\n\t\t\t<p>Gaminami i\u0161 ner\u016bdijan\u010dio plieno \u012fvair\u016bs stalai, stela\u017eai, ve\u017eim\u0117liai, \u012fvairios.<\/p>\n\n\t\t<\/div>\n\t<\/div>\n<\/div><\/div><\/div><div class=\"vc_row wpb_row row top-row\"><div class=\"vc_column_container col-md-4\"><div class=\"wpb_wrapper vc_column-inner\">\n\t<div class=\"wpb_single_image wpb_content_element vc_align_left\">\n\t\t<div class=\"wpb_wrapper\">\n\t\t\t\n\t\t\t<div class=\"vc_single_image-wrapper   vc_box_border_grey\"><img width=\"554\" height=\"473\" src=\"https:\/\/amega.lt\/wp-content\/uploads\/2023\/11\/nerudijancio-plieno-gaminiai-maisto-pramonei-1.png\" class=\"vc_single_image-img attachment-full\" alt=\"\" decoding=\"async\" loading=\"lazy\" title=\"Ner\u016bdijan\u010dio plieno gaminiai maisto pramonei\" srcset=\"https:\/\/amega.lt\/wp-content\/uploads\/2023\/11\/nerudijancio-plieno-gaminiai-maisto-pramonei-1.png 554w, https:\/\/amega.lt\/wp-content\/uploads\/2023\/11\/nerudijancio-plieno-gaminiai-maisto-pramonei-1-400x342.png 400w\" sizes=\"(max-width: 554px) 100vw, 554px\" \/><\/div>\n\t\t<\/div>\n\t<\/div>\n<\/div><\/div><div class=\"vc_column_container col-md-4\"><div class=\"wpb_wrapper vc_column-inner\">\n\t<div class=\"wpb_single_image wpb_content_element vc_align_left\">\n\t\t<div class=\"wpb_wrapper\">\n\t\t\t\n\t\t\t<div class=\"vc_single_image-wrapper   vc_box_border_grey\"><img width=\"523\" height=\"465\" src=\"https:\/\/amega.lt\/wp-content\/uploads\/2023\/11\/nerudijancio-plieno-gaminiai-maisto-pramonei-2.png\" class=\"vc_single_image-img attachment-full\" alt=\"\" decoding=\"async\" loading=\"lazy\" title=\"Ner\u016bdijan\u010dio plieno gaminiai maisto pramonei\" srcset=\"https:\/\/amega.lt\/wp-content\/uploads\/2023\/11\/nerudijancio-plieno-gaminiai-maisto-pramonei-2.png 523w, https:\/\/amega.lt\/wp-content\/uploads\/2023\/11\/nerudijancio-plieno-gaminiai-maisto-pramonei-2-400x356.png 400w\" sizes=\"(max-width: 523px) 100vw, 523px\" \/><\/div>\n\t\t<\/div>\n\t<\/div>\n<\/div><\/div><div class=\"vc_column_container col-md-4\"><div class=\"wpb_wrapper vc_column-inner\">\n\t<div class=\"wpb_single_image wpb_content_element vc_align_left\">\n\t\t<div class=\"wpb_wrapper\">\n\t\t\t\n\t\t\t<div class=\"vc_single_image-wrapper   vc_box_border_grey\"><img width=\"497\" height=\"502\" src=\"https:\/\/amega.lt\/wp-content\/uploads\/2023\/11\/nerudijancio-plieno-gaminiai-maisto-pramonei-3.png\" class=\"vc_single_image-img attachment-full\" alt=\"\" decoding=\"async\" loading=\"lazy\" title=\"Ner\u016bdijan\u010dio plieno gaminiai maisto pramonei\" srcset=\"https:\/\/amega.lt\/wp-content\/uploads\/2023\/11\/nerudijancio-plieno-gaminiai-maisto-pramonei-3.png 497w, https:\/\/amega.lt\/wp-content\/uploads\/2023\/11\/nerudijancio-plieno-gaminiai-maisto-pramonei-3-400x404.png 400w\" sizes=\"(max-width: 497px) 100vw, 497px\" \/><\/div>\n\t\t<\/div>\n\t<\/div>\n<\/div><\/div><\/div>\n<\/section>","protected":false},"excerpt":{"rendered":"Gaminami i\u0161 ner\u016bdijan\u010dio plieno \u012fvair\u016bs stalai, stela\u017eai, ve\u017eim\u0117liai, \u012fvairios.","protected":false},"author":1,"featured_media":0,"parent":0,"menu_order":0,"comment_status":"closed","ping_status":"closed","template":"","meta":[],"yoast_head":"<!-- This site is optimized with the Yoast SEO plugin v21.4 - https:\/\/yoast.com\/wordpress\/plugins\/seo\/ -->\n<title>Ner\u016bdijan\u010dio plieno gaminiai maisto pramonei - UAB Amega<\/title>\n<meta name=\"robots\" content=\"index, follow, max-snippet:-1, max-image-preview:large, max-video-preview:-1\" \/>\n<link rel=\"canonical\" href=\"https:\/\/amega.lt\/en\/nerudijancio-plieno-gaminiai-maisto-pramonei\/\" \/>\n<meta property=\"og:locale\" content=\"en_US\" \/>\n<meta property=\"og:type\" content=\"article\" \/>\n<meta property=\"og:title\" content=\"Ner\u016bdijan\u010dio plieno gaminiai maisto pramonei - UAB Amega\" \/>\n<meta property=\"og:url\" content=\"https:\/\/amega.lt\/en\/nerudijancio-plieno-gaminiai-maisto-pramonei\/\" \/>\n<meta property=\"og:site_name\" content=\"UAB Amega\" \/>\n<meta property=\"article:modified_time\" content=\"2023-11-02T22:06:32+00:00\" \/>\n<meta name=\"twitter:card\" content=\"summary_large_image\" \/>\n<meta name=\"twitter:label1\" content=\"Est. reading time\" \/>\n\t<meta name=\"twitter:data1\" content=\"1 minute\" \/>\n<script type=\"application\/ld+json\" class=\"yoast-schema-graph\">{\"@context\":\"https:\/\/schema.org\",\"@graph\":[{\"@type\":\"WebPage\",\"@id\":\"https:\/\/amega.lt\/nerudijancio-plieno-gaminiai-maisto-pramonei\/\",\"url\":\"https:\/\/amega.lt\/nerudijancio-plieno-gaminiai-maisto-pramonei\/\",\"name\":\"Ner\u016bdijan\u010dio plieno gaminiai maisto pramonei - UAB Amega\",\"isPartOf\":{\"@id\":\"https:\/\/amega.lt\/#website\"},\"datePublished\":\"2023-11-02T22:05:01+00:00\",\"dateModified\":\"2023-11-02T22:06:32+00:00\",\"breadcrumb\":{\"@id\":\"https:\/\/amega.lt\/nerudijancio-plieno-gaminiai-maisto-pramonei\/#breadcrumb\"},\"inLanguage\":\"en-US\",\"potentialAction\":[{\"@type\":\"ReadAction\",\"target\":[\"https:\/\/amega.lt\/nerudijancio-plieno-gaminiai-maisto-pramonei\/\"]}]},{\"@type\":\"BreadcrumbList\",\"@id\":\"https:\/\/amega.lt\/nerudijancio-plieno-gaminiai-maisto-pramonei\/#breadcrumb\",\"itemListElement\":[{\"@type\":\"ListItem\",\"position\":1,\"name\":\"Home\",\"item\":\"https:\/\/amega.lt\/\"},{\"@type\":\"ListItem\",\"position\":2,\"name\":\"Ner\u016bdijan\u010dio plieno gaminiai maisto pramonei\"}]},{\"@type\":\"WebSite\",\"@id\":\"https:\/\/amega.lt\/#website\",\"url\":\"https:\/\/amega.lt\/\",\"name\":\"UAB Amega\",\"description\":\"\",\"potentialAction\":[{\"@type\":\"SearchAction\",\"target\":{\"@type\":\"EntryPoint\",\"urlTemplate\":\"https:\/\/amega.lt\/?s={search_term_string}\"},\"query-input\":\"required name=search_term_string\"}],\"inLanguage\":\"en-US\"}]}<\/script>\n<!-- \/ Yoast SEO plugin. -->","yoast_head_json":{"title":"Ner\u016bdijan\u010dio plieno gaminiai maisto pramonei - UAB Amega","robots":{"index":"index","follow":"follow","max-snippet":"max-snippet:-1","max-image-preview":"max-image-preview:large","max-video-preview":"max-video-preview:-1"},"canonical":"https:\/\/amega.lt\/en\/nerudijancio-plieno-gaminiai-maisto-pramonei\/","og_locale":"en_US","og_type":"article","og_title":"Ner\u016bdijan\u010dio plieno gaminiai maisto pramonei - UAB Amega","og_url":"https:\/\/amega.lt\/en\/nerudijancio-plieno-gaminiai-maisto-pramonei\/","og_site_name":"UAB Amega","article_modified_time":"2023-11-02T22:06:32+00:00","twitter_card":"summary_large_image","twitter_misc":{"Est. reading time":"1 minute"},"schema":{"@context":"https:\/\/schema.org","@graph":[{"@type":"WebPage","@id":"https:\/\/amega.lt\/nerudijancio-plieno-gaminiai-maisto-pramonei\/","url":"https:\/\/amega.lt\/nerudijancio-plieno-gaminiai-maisto-pramonei\/","name":"Ner\u016bdijan\u010dio plieno gaminiai maisto pramonei - UAB Amega","isPartOf":{"@id":"https:\/\/amega.lt\/#website"},"datePublished":"2023-11-02T22:05:01+00:00","dateModified":"2023-11-02T22:06:32+00:00","breadcrumb":{"@id":"https:\/\/amega.lt\/nerudijancio-plieno-gaminiai-maisto-pramonei\/#breadcrumb"},"inLanguage":"en-US","potentialAction":[{"@type":"ReadAction","target":["https:\/\/amega.lt\/nerudijancio-plieno-gaminiai-maisto-pramonei\/"]}]},{"@type":"BreadcrumbList","@id":"https:\/\/amega.lt\/nerudijancio-plieno-gaminiai-maisto-pramonei\/#breadcrumb","itemListElement":[{"@type":"ListItem","position":1,"name":"Home","item":"https:\/\/amega.lt\/"},{"@type":"ListItem","position":2,"name":"Ner\u016bdijan\u010dio plieno gaminiai maisto pramonei"}]},{"@type":"WebSite","@id":"https:\/\/amega.lt\/#website","url":"https:\/\/amega.lt\/","name":"UAB Amega","description":"","potentialAction":[{"@type":"SearchAction","target":{"@type":"EntryPoint","urlTemplate":"https:\/\/amega.lt\/?s={search_term_string}"},"query-input":"required name=search_term_string"}],"inLanguage":"en-US"}]}},"_links":{"self":[{"href":"https:\/\/amega.lt\/en\/wp-json\/wp\/v2\/pages\/3419"}],"collection":[{"href":"https:\/\/amega.lt\/en\/wp-json\/wp\/v2\/pages"}],"about":[{"href":"https:\/\/amega.lt\/en\/wp-json\/wp\/v2\/types\/page"}],"author":[{"embeddable":true,"href":"https:\/\/amega.lt\/en\/wp-json\/wp\/v2\/users\/1"}],"replies":[{"embeddable":true,"href":"https:\/\/amega.lt\/en\/wp-json\/wp\/v2\/comments?post=3419"}],"version-history":[{"count":2,"href":"https:\/\/amega.lt\/en\/wp-json\/wp\/v2\/pages\/3419\/revisions"}],"predecessor-version":[{"id":3421,"href":"https:\/\/amega.lt\/en\/wp-json\/wp\/v2\/pages\/3419\/revisions\/3421"}],"wp:attachment":[{"href":"https:\/\/amega.lt\/en\/wp-json\/wp\/v2\/media?parent=3419"}],"curies":[{"name":"wp","href":"https:\/\/api.w.org\/{rel}","templated":true}]}}