{"id":3408,"date":"2023-11-02T21:38:32","date_gmt":"2023-11-02T21:38:32","guid":{"rendered":"https:\/\/amega.lt\/?page_id=3408"},"modified":"2023-11-02T21:38:51","modified_gmt":"2023-11-02T21:38:51","slug":"sleginiai-indai","status":"publish","type":"page","link":"https:\/\/amega.lt\/en\/sleginiai-indai\/","title":{"rendered":"Sl\u0117giniai indai"},"content":{"rendered":"<section class=\"wpb-content-wrapper\"><div class=\"vc_row wpb_row row top-row\"><div class=\"vc_column_container col-md-4\"><div class=\"wpb_wrapper vc_column-inner\">\n\t<div class=\"wpb_text_column wpb_content_element\" >\n\t\t<div class=\"wpb_wrapper\">\n\t\t\t<p>\u012evairios i\u0161sipl\u0117timo sistemos. Dozavimo ir purvo atskyrimo sistemos. Gaminama \u012fvairi\u0173 dyd\u017ei\u0173 ir talp\u0173.<br \/>\nSl\u0117giniai indai gamini i\u0161 ma\u017eai legiruoto plieno, vidiniai pavir\u0161iai be padengimo, i\u0161or\u0117s pavir\u0161iai padengti C3 pagal LST EN ISO 12944 kategorijos danga, sertifikuoti ir \u017eenklinti CE pagal sl\u0117gini\u0173 \u012frengini\u0173 direktyv\u0105 2014\/68\/EU<br \/>\nPagaminimo terminas: apie 10-12 savai\u010di\u0173.<br \/>\nGarantija: indams suteikiama 60 m\u0117n. garantija.<\/p>\n\n\t\t<\/div>\n\t<\/div>\n<\/div><\/div><div class=\"vc_column_container col-md-4\"><div class=\"wpb_wrapper vc_column-inner\">\n\t<div class=\"wpb_single_image wpb_content_element vc_align_left\">\n\t\t<div class=\"wpb_wrapper\">\n\t\t\t\n\t\t\t<div class=\"vc_single_image-wrapper   vc_box_border_grey\"><img width=\"581\" height=\"696\" src=\"https:\/\/amega.lt\/wp-content\/uploads\/2023\/11\/Sleginiai-indai-1.png\" class=\"vc_single_image-img attachment-full\" alt=\"\" decoding=\"async\" loading=\"lazy\" title=\"Sl\u0117giniai indai\" srcset=\"https:\/\/amega.lt\/wp-content\/uploads\/2023\/11\/Sleginiai-indai-1.png 581w, https:\/\/amega.lt\/wp-content\/uploads\/2023\/11\/Sleginiai-indai-1-400x479.png 400w\" sizes=\"(max-width: 581px) 100vw, 581px\" \/><\/div>\n\t\t<\/div>\n\t<\/div>\n<\/div><\/div><div class=\"vc_column_container col-md-4\"><div class=\"wpb_wrapper vc_column-inner\">\n\t<div class=\"wpb_single_image wpb_content_element vc_align_left\">\n\t\t<div class=\"wpb_wrapper\">\n\t\t\t\n\t\t\t<div class=\"vc_single_image-wrapper   vc_box_border_grey\"><img width=\"548\" height=\"764\" src=\"https:\/\/amega.lt\/wp-content\/uploads\/2023\/11\/Sleginiai-indai-2.png\" class=\"vc_single_image-img attachment-full\" alt=\"\" decoding=\"async\" loading=\"lazy\" title=\"Sl\u0117giniai indai\" srcset=\"https:\/\/amega.lt\/wp-content\/uploads\/2023\/11\/Sleginiai-indai-2.png 548w, https:\/\/amega.lt\/wp-content\/uploads\/2023\/11\/Sleginiai-indai-2-400x558.png 400w\" sizes=\"(max-width: 548px) 100vw, 548px\" \/><\/div>\n\t\t<\/div>\n\t<\/div>\n<\/div><\/div><\/div>\n<\/section>","protected":false},"excerpt":{"rendered":"\u012evairios i\u0161sipl\u0117timo sistemos. Dozavimo ir purvo atskyrimo sistemos. Gaminama \u012fvairi\u0173 dyd\u017ei\u0173 ir talp\u0173. Sl\u0117giniai indai gamini i\u0161 ma\u017eai legiruoto plieno, vidiniai pavir\u0161iai be padengimo, i\u0161or\u0117s pavir\u0161iai padengti C3 pagal LST EN ISO 12944 kategorijos danga, sertifikuoti ir \u017eenklinti CE pagal sl\u0117gini\u0173 \u012frengini\u0173 direktyv\u0105 2014\/68\/EU Pagaminimo terminas: apie 10-12 savai\u010di\u0173. Garantija: indams suteikiama 60 m\u0117n. garantija.","protected":false},"author":1,"featured_media":0,"parent":0,"menu_order":0,"comment_status":"closed","ping_status":"closed","template":"","meta":[],"yoast_head":"<!-- This site is optimized with the Yoast SEO plugin v21.4 - https:\/\/yoast.com\/wordpress\/plugins\/seo\/ -->\n<title>Sl\u0117giniai indai - UAB Amega<\/title>\n<meta name=\"robots\" content=\"index, follow, max-snippet:-1, max-image-preview:large, max-video-preview:-1\" \/>\n<link rel=\"canonical\" href=\"https:\/\/amega.lt\/en\/sleginiai-indai\/\" \/>\n<meta property=\"og:locale\" content=\"en_US\" \/>\n<meta property=\"og:type\" content=\"article\" \/>\n<meta property=\"og:title\" content=\"Sl\u0117giniai indai - UAB Amega\" \/>\n<meta property=\"og:url\" content=\"https:\/\/amega.lt\/en\/sleginiai-indai\/\" \/>\n<meta property=\"og:site_name\" content=\"UAB Amega\" \/>\n<meta property=\"article:modified_time\" content=\"2023-11-02T21:38:51+00:00\" \/>\n<meta name=\"twitter:card\" content=\"summary_large_image\" \/>\n<meta name=\"twitter:label1\" content=\"Est. reading time\" \/>\n\t<meta name=\"twitter:data1\" content=\"1 minute\" \/>\n<script type=\"application\/ld+json\" class=\"yoast-schema-graph\">{\"@context\":\"https:\/\/schema.org\",\"@graph\":[{\"@type\":\"WebPage\",\"@id\":\"https:\/\/amega.lt\/sleginiai-indai\/\",\"url\":\"https:\/\/amega.lt\/sleginiai-indai\/\",\"name\":\"Sl\u0117giniai indai - UAB Amega\",\"isPartOf\":{\"@id\":\"https:\/\/amega.lt\/#website\"},\"datePublished\":\"2023-11-02T21:38:32+00:00\",\"dateModified\":\"2023-11-02T21:38:51+00:00\",\"breadcrumb\":{\"@id\":\"https:\/\/amega.lt\/sleginiai-indai\/#breadcrumb\"},\"inLanguage\":\"en-US\",\"potentialAction\":[{\"@type\":\"ReadAction\",\"target\":[\"https:\/\/amega.lt\/sleginiai-indai\/\"]}]},{\"@type\":\"BreadcrumbList\",\"@id\":\"https:\/\/amega.lt\/sleginiai-indai\/#breadcrumb\",\"itemListElement\":[{\"@type\":\"ListItem\",\"position\":1,\"name\":\"Home\",\"item\":\"https:\/\/amega.lt\/\"},{\"@type\":\"ListItem\",\"position\":2,\"name\":\"Sl\u0117giniai indai\"}]},{\"@type\":\"WebSite\",\"@id\":\"https:\/\/amega.lt\/#website\",\"url\":\"https:\/\/amega.lt\/\",\"name\":\"UAB Amega\",\"description\":\"\",\"potentialAction\":[{\"@type\":\"SearchAction\",\"target\":{\"@type\":\"EntryPoint\",\"urlTemplate\":\"https:\/\/amega.lt\/?s={search_term_string}\"},\"query-input\":\"required name=search_term_string\"}],\"inLanguage\":\"en-US\"}]}<\/script>\n<!-- \/ Yoast SEO plugin. -->","yoast_head_json":{"title":"Sl\u0117giniai indai - UAB Amega","robots":{"index":"index","follow":"follow","max-snippet":"max-snippet:-1","max-image-preview":"max-image-preview:large","max-video-preview":"max-video-preview:-1"},"canonical":"https:\/\/amega.lt\/en\/sleginiai-indai\/","og_locale":"en_US","og_type":"article","og_title":"Sl\u0117giniai indai - UAB Amega","og_url":"https:\/\/amega.lt\/en\/sleginiai-indai\/","og_site_name":"UAB Amega","article_modified_time":"2023-11-02T21:38:51+00:00","twitter_card":"summary_large_image","twitter_misc":{"Est. reading time":"1 minute"},"schema":{"@context":"https:\/\/schema.org","@graph":[{"@type":"WebPage","@id":"https:\/\/amega.lt\/sleginiai-indai\/","url":"https:\/\/amega.lt\/sleginiai-indai\/","name":"Sl\u0117giniai indai - UAB Amega","isPartOf":{"@id":"https:\/\/amega.lt\/#website"},"datePublished":"2023-11-02T21:38:32+00:00","dateModified":"2023-11-02T21:38:51+00:00","breadcrumb":{"@id":"https:\/\/amega.lt\/sleginiai-indai\/#breadcrumb"},"inLanguage":"en-US","potentialAction":[{"@type":"ReadAction","target":["https:\/\/amega.lt\/sleginiai-indai\/"]}]},{"@type":"BreadcrumbList","@id":"https:\/\/amega.lt\/sleginiai-indai\/#breadcrumb","itemListElement":[{"@type":"ListItem","position":1,"name":"Home","item":"https:\/\/amega.lt\/"},{"@type":"ListItem","position":2,"name":"Sl\u0117giniai indai"}]},{"@type":"WebSite","@id":"https:\/\/amega.lt\/#website","url":"https:\/\/amega.lt\/","name":"UAB Amega","description":"","potentialAction":[{"@type":"SearchAction","target":{"@type":"EntryPoint","urlTemplate":"https:\/\/amega.lt\/?s={search_term_string}"},"query-input":"required name=search_term_string"}],"inLanguage":"en-US"}]}},"_links":{"self":[{"href":"https:\/\/amega.lt\/en\/wp-json\/wp\/v2\/pages\/3408"}],"collection":[{"href":"https:\/\/amega.lt\/en\/wp-json\/wp\/v2\/pages"}],"about":[{"href":"https:\/\/amega.lt\/en\/wp-json\/wp\/v2\/types\/page"}],"author":[{"embeddable":true,"href":"https:\/\/amega.lt\/en\/wp-json\/wp\/v2\/users\/1"}],"replies":[{"embeddable":true,"href":"https:\/\/amega.lt\/en\/wp-json\/wp\/v2\/comments?post=3408"}],"version-history":[{"count":2,"href":"https:\/\/amega.lt\/en\/wp-json\/wp\/v2\/pages\/3408\/revisions"}],"predecessor-version":[{"id":3410,"href":"https:\/\/amega.lt\/en\/wp-json\/wp\/v2\/pages\/3408\/revisions\/3410"}],"wp:attachment":[{"href":"https:\/\/amega.lt\/en\/wp-json\/wp\/v2\/media?parent=3408"}],"curies":[{"name":"wp","href":"https:\/\/api.w.org\/{rel}","templated":true}]}}