{"id":3393,"date":"2023-11-02T21:12:49","date_gmt":"2023-11-02T21:12:49","guid":{"rendered":"https:\/\/amega.lt\/?page_id=3393"},"modified":"2023-11-02T21:17:33","modified_gmt":"2023-11-02T21:17:33","slug":"konvejerines-transportavimo-sistemos","status":"publish","type":"page","link":"https:\/\/amega.lt\/en\/konvejerines-transportavimo-sistemos\/","title":{"rendered":"Konvejerin\u0117s transportavimo sistemos"},"content":{"rendered":"<section class=\"wpb-content-wrapper\"><div class=\"vc_row wpb_row row top-row\"><div class=\"vc_column_container col-md-12\"><div class=\"wpb_wrapper vc_column-inner\">\n\t<div class=\"wpb_text_column wpb_content_element\" >\n\t\t<div class=\"wpb_wrapper\">\n\t\t\t<p>Gaminamos \u012fvairios sistemos-juostin\u0117s, sraigtin\u0117s, pagal poreikius, transportavimo ilgiai ir auk\u0161\u010diai priklausomai nuo situacijos.<br \/>\nSistemos gali b\u016bti ner\u016bdijan\u010dio plieno arba da\u017eytos.<br \/>\nVarikliai gali b\u016bti b\u016bgniniai arba su reduktoriumi.<br \/>\nDerinama pagal reikiamus grei\u010dius.<br \/>\nKomponentai sertifikuoti ir atitinka visus CE reikalavimus.<\/p>\n\n\t\t<\/div>\n\t<\/div>\n<\/div><\/div><\/div><div class=\"vc_row wpb_row row top-row\"><div class=\"vc_column_container col-md-4\"><div class=\"wpb_wrapper vc_column-inner\">\n\t<div class=\"wpb_single_image wpb_content_element vc_align_left\">\n\t\t<div class=\"wpb_wrapper\">\n\t\t\t\n\t\t\t<div class=\"vc_single_image-wrapper   vc_box_border_grey\"><img width=\"781\" height=\"659\" src=\"https:\/\/amega.lt\/wp-content\/uploads\/2023\/11\/konvejerines-transportavimo-sistemos-1.png\" class=\"vc_single_image-img attachment-full\" alt=\"\" decoding=\"async\" loading=\"lazy\" title=\"Konvejerin\u0117s transportavimo sistemos\" srcset=\"https:\/\/amega.lt\/wp-content\/uploads\/2023\/11\/konvejerines-transportavimo-sistemos-1.png 781w, https:\/\/amega.lt\/wp-content\/uploads\/2023\/11\/konvejerines-transportavimo-sistemos-1-768x648.png 768w, https:\/\/amega.lt\/wp-content\/uploads\/2023\/11\/konvejerines-transportavimo-sistemos-1-640x540.png 640w, https:\/\/amega.lt\/wp-content\/uploads\/2023\/11\/konvejerines-transportavimo-sistemos-1-400x338.png 400w, https:\/\/amega.lt\/wp-content\/uploads\/2023\/11\/konvejerines-transportavimo-sistemos-1-600x506.png 600w\" sizes=\"(max-width: 781px) 100vw, 781px\" \/><\/div>\n\t\t<\/div>\n\t<\/div>\n<\/div><\/div><div class=\"vc_column_container col-md-4\"><div class=\"wpb_wrapper vc_column-inner\">\n\t<div class=\"wpb_single_image wpb_content_element vc_align_left\">\n\t\t<div class=\"wpb_wrapper\">\n\t\t\t\n\t\t\t<div class=\"vc_single_image-wrapper   vc_box_border_grey\"><img width=\"702\" height=\"680\" src=\"https:\/\/amega.lt\/wp-content\/uploads\/2023\/11\/konvejerines-transportavimo-sistemos-2.png\" class=\"vc_single_image-img attachment-full\" alt=\"\" decoding=\"async\" loading=\"lazy\" title=\"Konvejerin\u0117s transportavimo sistemos\" srcset=\"https:\/\/amega.lt\/wp-content\/uploads\/2023\/11\/konvejerines-transportavimo-sistemos-2.png 702w, https:\/\/amega.lt\/wp-content\/uploads\/2023\/11\/konvejerines-transportavimo-sistemos-2-640x620.png 640w, https:\/\/amega.lt\/wp-content\/uploads\/2023\/11\/konvejerines-transportavimo-sistemos-2-400x387.png 400w, https:\/\/amega.lt\/wp-content\/uploads\/2023\/11\/konvejerines-transportavimo-sistemos-2-600x581.png 600w\" sizes=\"(max-width: 702px) 100vw, 702px\" \/><\/div>\n\t\t<\/div>\n\t<\/div>\n<\/div><\/div><div class=\"vc_column_container col-md-4\"><div class=\"wpb_wrapper vc_column-inner\">\n\t<div class=\"wpb_single_image wpb_content_element vc_align_left\">\n\t\t<div class=\"wpb_wrapper\">\n\t\t\t\n\t\t\t<div class=\"vc_single_image-wrapper   vc_box_border_grey\"><img width=\"848\" height=\"849\" src=\"https:\/\/amega.lt\/wp-content\/uploads\/2023\/11\/konvejerines-transportavimo-sistemos-3.png\" class=\"vc_single_image-img attachment-full\" alt=\"\" decoding=\"async\" loading=\"lazy\" title=\"Konvejerin\u0117s transportavimo sistemos\" srcset=\"https:\/\/amega.lt\/wp-content\/uploads\/2023\/11\/konvejerines-transportavimo-sistemos-3.png 848w, https:\/\/amega.lt\/wp-content\/uploads\/2023\/11\/konvejerines-transportavimo-sistemos-3-768x769.png 768w, https:\/\/amega.lt\/wp-content\/uploads\/2023\/11\/konvejerines-transportavimo-sistemos-3-640x641.png 640w, https:\/\/amega.lt\/wp-content\/uploads\/2023\/11\/konvejerines-transportavimo-sistemos-3-400x400.png 400w, https:\/\/amega.lt\/wp-content\/uploads\/2023\/11\/konvejerines-transportavimo-sistemos-3-600x601.png 600w\" sizes=\"(max-width: 848px) 100vw, 848px\" \/><\/div>\n\t\t<\/div>\n\t<\/div>\n<\/div><\/div><\/div><div class=\"vc_row wpb_row row top-row\"><div class=\"vc_column_container col-md-6\"><div class=\"wpb_wrapper vc_column-inner\">\n\t<div class=\"wpb_single_image wpb_content_element vc_align_left\">\n\t\t<div class=\"wpb_wrapper\">\n\t\t\t\n\t\t\t<div class=\"vc_single_image-wrapper   vc_box_border_grey\"><img width=\"1287\" height=\"652\" src=\"https:\/\/amega.lt\/wp-content\/uploads\/2023\/11\/konvejerines-transportavimo-sistemos-4.png\" class=\"vc_single_image-img attachment-full\" alt=\"\" decoding=\"async\" loading=\"lazy\" title=\"Konvejerin\u0117s transportavimo sistemos\" srcset=\"https:\/\/amega.lt\/wp-content\/uploads\/2023\/11\/konvejerines-transportavimo-sistemos-4.png 1287w, https:\/\/amega.lt\/wp-content\/uploads\/2023\/11\/konvejerines-transportavimo-sistemos-4-1024x519.png 1024w, https:\/\/amega.lt\/wp-content\/uploads\/2023\/11\/konvejerines-transportavimo-sistemos-4-768x389.png 768w, https:\/\/amega.lt\/wp-content\/uploads\/2023\/11\/konvejerines-transportavimo-sistemos-4-640x324.png 640w, https:\/\/amega.lt\/wp-content\/uploads\/2023\/11\/konvejerines-transportavimo-sistemos-4-400x203.png 400w, https:\/\/amega.lt\/wp-content\/uploads\/2023\/11\/konvejerines-transportavimo-sistemos-4-600x304.png 600w\" sizes=\"(max-width: 1287px) 100vw, 1287px\" \/><\/div>\n\t\t<\/div>\n\t<\/div>\n<\/div><\/div><div class=\"vc_column_container col-md-6\"><div class=\"wpb_wrapper vc_column-inner\">\n\t<div class=\"wpb_single_image wpb_content_element vc_align_left\">\n\t\t<div class=\"wpb_wrapper\">\n\t\t\t\n\t\t\t<div class=\"vc_single_image-wrapper   vc_box_border_grey\"><img width=\"1081\" height=\"598\" src=\"https:\/\/amega.lt\/wp-content\/uploads\/2023\/11\/konvejerines-transportavimo-sistemos-5.png\" class=\"vc_single_image-img attachment-full\" alt=\"\" decoding=\"async\" loading=\"lazy\" title=\"Konvejerin\u0117s transportavimo sistemos\" srcset=\"https:\/\/amega.lt\/wp-content\/uploads\/2023\/11\/konvejerines-transportavimo-sistemos-5.png 1081w, https:\/\/amega.lt\/wp-content\/uploads\/2023\/11\/konvejerines-transportavimo-sistemos-5-1024x566.png 1024w, https:\/\/amega.lt\/wp-content\/uploads\/2023\/11\/konvejerines-transportavimo-sistemos-5-768x425.png 768w, https:\/\/amega.lt\/wp-content\/uploads\/2023\/11\/konvejerines-transportavimo-sistemos-5-640x354.png 640w, https:\/\/amega.lt\/wp-content\/uploads\/2023\/11\/konvejerines-transportavimo-sistemos-5-400x221.png 400w, https:\/\/amega.lt\/wp-content\/uploads\/2023\/11\/konvejerines-transportavimo-sistemos-5-600x332.png 600w\" sizes=\"(max-width: 1081px) 100vw, 1081px\" \/><\/div>\n\t\t<\/div>\n\t<\/div>\n<\/div><\/div><\/div>\n<\/section>","protected":false},"excerpt":{"rendered":"Gaminamos \u012fvairios sistemos-juostin\u0117s, sraigtin\u0117s, pagal poreikius, transportavimo ilgiai ir auk\u0161\u010diai priklausomai nuo situacijos. Sistemos gali b\u016bti ner\u016bdijan\u010dio plieno arba da\u017eytos. Varikliai gali b\u016bti b\u016bgniniai arba su reduktoriumi. Derinama pagal reikiamus grei\u010dius. Komponentai sertifikuoti ir atitinka visus CE reikalavimus.","protected":false},"author":1,"featured_media":0,"parent":0,"menu_order":0,"comment_status":"closed","ping_status":"closed","template":"","meta":[],"yoast_head":"<!-- This site is optimized with the Yoast SEO plugin v21.4 - https:\/\/yoast.com\/wordpress\/plugins\/seo\/ -->\n<title>Konvejerin\u0117s transportavimo sistemos - UAB Amega<\/title>\n<meta name=\"robots\" content=\"index, follow, max-snippet:-1, max-image-preview:large, max-video-preview:-1\" \/>\n<link rel=\"canonical\" href=\"https:\/\/amega.lt\/en\/konvejerines-transportavimo-sistemos\/\" \/>\n<meta property=\"og:locale\" content=\"en_US\" \/>\n<meta property=\"og:type\" content=\"article\" \/>\n<meta property=\"og:title\" content=\"Konvejerin\u0117s transportavimo sistemos - UAB Amega\" \/>\n<meta property=\"og:url\" content=\"https:\/\/amega.lt\/en\/konvejerines-transportavimo-sistemos\/\" \/>\n<meta property=\"og:site_name\" content=\"UAB Amega\" \/>\n<meta property=\"article:modified_time\" content=\"2023-11-02T21:17:33+00:00\" \/>\n<meta name=\"twitter:card\" content=\"summary_large_image\" \/>\n<meta name=\"twitter:label1\" content=\"Est. reading time\" \/>\n\t<meta name=\"twitter:data1\" content=\"1 minute\" \/>\n<script type=\"application\/ld+json\" class=\"yoast-schema-graph\">{\"@context\":\"https:\/\/schema.org\",\"@graph\":[{\"@type\":\"WebPage\",\"@id\":\"https:\/\/amega.lt\/konvejerines-transportavimo-sistemos\/\",\"url\":\"https:\/\/amega.lt\/konvejerines-transportavimo-sistemos\/\",\"name\":\"Konvejerin\u0117s transportavimo sistemos - UAB Amega\",\"isPartOf\":{\"@id\":\"https:\/\/amega.lt\/#website\"},\"datePublished\":\"2023-11-02T21:12:49+00:00\",\"dateModified\":\"2023-11-02T21:17:33+00:00\",\"breadcrumb\":{\"@id\":\"https:\/\/amega.lt\/konvejerines-transportavimo-sistemos\/#breadcrumb\"},\"inLanguage\":\"en-US\",\"potentialAction\":[{\"@type\":\"ReadAction\",\"target\":[\"https:\/\/amega.lt\/konvejerines-transportavimo-sistemos\/\"]}]},{\"@type\":\"BreadcrumbList\",\"@id\":\"https:\/\/amega.lt\/konvejerines-transportavimo-sistemos\/#breadcrumb\",\"itemListElement\":[{\"@type\":\"ListItem\",\"position\":1,\"name\":\"Home\",\"item\":\"https:\/\/amega.lt\/\"},{\"@type\":\"ListItem\",\"position\":2,\"name\":\"Konvejerin\u0117s transportavimo sistemos\"}]},{\"@type\":\"WebSite\",\"@id\":\"https:\/\/amega.lt\/#website\",\"url\":\"https:\/\/amega.lt\/\",\"name\":\"UAB Amega\",\"description\":\"\",\"potentialAction\":[{\"@type\":\"SearchAction\",\"target\":{\"@type\":\"EntryPoint\",\"urlTemplate\":\"https:\/\/amega.lt\/?s={search_term_string}\"},\"query-input\":\"required name=search_term_string\"}],\"inLanguage\":\"en-US\"}]}<\/script>\n<!-- \/ Yoast SEO plugin. -->","yoast_head_json":{"title":"Konvejerin\u0117s transportavimo sistemos - UAB Amega","robots":{"index":"index","follow":"follow","max-snippet":"max-snippet:-1","max-image-preview":"max-image-preview:large","max-video-preview":"max-video-preview:-1"},"canonical":"https:\/\/amega.lt\/en\/konvejerines-transportavimo-sistemos\/","og_locale":"en_US","og_type":"article","og_title":"Konvejerin\u0117s transportavimo sistemos - UAB Amega","og_url":"https:\/\/amega.lt\/en\/konvejerines-transportavimo-sistemos\/","og_site_name":"UAB Amega","article_modified_time":"2023-11-02T21:17:33+00:00","twitter_card":"summary_large_image","twitter_misc":{"Est. reading time":"1 minute"},"schema":{"@context":"https:\/\/schema.org","@graph":[{"@type":"WebPage","@id":"https:\/\/amega.lt\/konvejerines-transportavimo-sistemos\/","url":"https:\/\/amega.lt\/konvejerines-transportavimo-sistemos\/","name":"Konvejerin\u0117s transportavimo sistemos - UAB Amega","isPartOf":{"@id":"https:\/\/amega.lt\/#website"},"datePublished":"2023-11-02T21:12:49+00:00","dateModified":"2023-11-02T21:17:33+00:00","breadcrumb":{"@id":"https:\/\/amega.lt\/konvejerines-transportavimo-sistemos\/#breadcrumb"},"inLanguage":"en-US","potentialAction":[{"@type":"ReadAction","target":["https:\/\/amega.lt\/konvejerines-transportavimo-sistemos\/"]}]},{"@type":"BreadcrumbList","@id":"https:\/\/amega.lt\/konvejerines-transportavimo-sistemos\/#breadcrumb","itemListElement":[{"@type":"ListItem","position":1,"name":"Home","item":"https:\/\/amega.lt\/"},{"@type":"ListItem","position":2,"name":"Konvejerin\u0117s transportavimo sistemos"}]},{"@type":"WebSite","@id":"https:\/\/amega.lt\/#website","url":"https:\/\/amega.lt\/","name":"UAB Amega","description":"","potentialAction":[{"@type":"SearchAction","target":{"@type":"EntryPoint","urlTemplate":"https:\/\/amega.lt\/?s={search_term_string}"},"query-input":"required name=search_term_string"}],"inLanguage":"en-US"}]}},"_links":{"self":[{"href":"https:\/\/amega.lt\/en\/wp-json\/wp\/v2\/pages\/3393"}],"collection":[{"href":"https:\/\/amega.lt\/en\/wp-json\/wp\/v2\/pages"}],"about":[{"href":"https:\/\/amega.lt\/en\/wp-json\/wp\/v2\/types\/page"}],"author":[{"embeddable":true,"href":"https:\/\/amega.lt\/en\/wp-json\/wp\/v2\/users\/1"}],"replies":[{"embeddable":true,"href":"https:\/\/amega.lt\/en\/wp-json\/wp\/v2\/comments?post=3393"}],"version-history":[{"count":4,"href":"https:\/\/amega.lt\/en\/wp-json\/wp\/v2\/pages\/3393\/revisions"}],"predecessor-version":[{"id":3402,"href":"https:\/\/amega.lt\/en\/wp-json\/wp\/v2\/pages\/3393\/revisions\/3402"}],"wp:attachment":[{"href":"https:\/\/amega.lt\/en\/wp-json\/wp\/v2\/media?parent=3393"}],"curies":[{"name":"wp","href":"https:\/\/api.w.org\/{rel}","templated":true}]}}