{"id":3382,"date":"2023-11-02T20:57:30","date_gmt":"2023-11-02T20:57:30","guid":{"rendered":"https:\/\/amega.lt\/?page_id=3382"},"modified":"2023-11-02T21:07:20","modified_gmt":"2023-11-02T21:07:20","slug":"automobilines-svarstykles-antzemines","status":"publish","type":"page","link":"https:\/\/amega.lt\/en\/automobilines-svarstykles-antzemines\/","title":{"rendered":"Automobilin\u0117s svarstykl\u0117s \u2013 ant\u017eemin\u0117s"},"content":{"rendered":"<section class=\"wpb-content-wrapper\"><div class=\"vc_row wpb_row row top-row\"><div class=\"vc_column_container col-md-6\"><div class=\"wpb_wrapper vc_column-inner\">\n\t<div class=\"wpb_text_column wpb_content_element\" >\n\t\t<div class=\"wpb_wrapper\">\n\t\t\t<p>Svorio ribos: 30t, 50t, 60t<br \/>\nGabaritai 3x6m, 3x8m, 3x12m, 3x14m, 3x16m, 3x18m, 3x24m<br \/>\nVa\u017eiuojamosios dalies auk\u0161tis: 250-300 mm.<br \/>\nGali b\u016bti da\u017eytos, cinkuotos arba cinkuotos ir padengtos da\u017eais.<br \/>\nKomplektuojamos su u\u017eva\u017eiavimo rampomis. Pritaikyta svorio jutikliams kurie gali b\u016bti analoginiai arba skaitmeniniai.<br \/>\nAtitinka visus CE keliamus reikalavimus. Gaminiui suteikiama 12 m\u0117n. garantija.<\/p>\n\n\t\t<\/div>\n\t<\/div>\n<\/div><\/div><div class=\"vc_column_container col-md-6\"><div class=\"wpb_wrapper vc_column-inner\">\n\t<div class=\"wpb_single_image wpb_content_element vc_align_left\">\n\t\t<div class=\"wpb_wrapper\">\n\t\t\t\n\t\t\t<div class=\"vc_single_image-wrapper   vc_box_border_grey\"><img width=\"1213\" height=\"812\" src=\"https:\/\/amega.lt\/wp-content\/uploads\/2023\/11\/automobilines-svarstykles-antzemines-1.png\" class=\"vc_single_image-img attachment-full\" alt=\"\" decoding=\"async\" loading=\"lazy\" title=\"Automobilin\u0117s svarstykl\u0117s ant\u017eemin\u0117s\" srcset=\"https:\/\/amega.lt\/wp-content\/uploads\/2023\/11\/automobilines-svarstykles-antzemines-1.png 1213w, https:\/\/amega.lt\/wp-content\/uploads\/2023\/11\/automobilines-svarstykles-antzemines-1-1024x685.png 1024w, https:\/\/amega.lt\/wp-content\/uploads\/2023\/11\/automobilines-svarstykles-antzemines-1-768x514.png 768w, https:\/\/amega.lt\/wp-content\/uploads\/2023\/11\/automobilines-svarstykles-antzemines-1-640x428.png 640w, https:\/\/amega.lt\/wp-content\/uploads\/2023\/11\/automobilines-svarstykles-antzemines-1-400x268.png 400w, https:\/\/amega.lt\/wp-content\/uploads\/2023\/11\/automobilines-svarstykles-antzemines-1-600x402.png 600w\" sizes=\"(max-width: 1213px) 100vw, 1213px\" \/><\/div>\n\t\t<\/div>\n\t<\/div>\n<\/div><\/div><\/div><div class=\"vc_row wpb_row row top-row\"><div class=\"vc_column_container col-md-4\"><div class=\"wpb_wrapper vc_column-inner\">\n\t<div class=\"wpb_single_image wpb_content_element vc_align_left\">\n\t\t<div class=\"wpb_wrapper\">\n\t\t\t\n\t\t\t<div class=\"vc_single_image-wrapper   vc_box_border_grey\"><img width=\"1353\" height=\"833\" src=\"https:\/\/amega.lt\/wp-content\/uploads\/2023\/11\/automobilines-svarstykles-antzemines-2.png\" class=\"vc_single_image-img attachment-full\" alt=\"\" decoding=\"async\" loading=\"lazy\" title=\"Automobilin\u0117s svarstykl\u0117s ant\u017eemin\u0117s\" srcset=\"https:\/\/amega.lt\/wp-content\/uploads\/2023\/11\/automobilines-svarstykles-antzemines-2.png 1353w, https:\/\/amega.lt\/wp-content\/uploads\/2023\/11\/automobilines-svarstykles-antzemines-2-1024x630.png 1024w, https:\/\/amega.lt\/wp-content\/uploads\/2023\/11\/automobilines-svarstykles-antzemines-2-768x473.png 768w, https:\/\/amega.lt\/wp-content\/uploads\/2023\/11\/automobilines-svarstykles-antzemines-2-640x394.png 640w, https:\/\/amega.lt\/wp-content\/uploads\/2023\/11\/automobilines-svarstykles-antzemines-2-400x246.png 400w, https:\/\/amega.lt\/wp-content\/uploads\/2023\/11\/automobilines-svarstykles-antzemines-2-600x369.png 600w\" sizes=\"(max-width: 1353px) 100vw, 1353px\" \/><\/div>\n\t\t<\/div>\n\t<\/div>\n<\/div><\/div><div class=\"vc_column_container col-md-4\"><div class=\"wpb_wrapper vc_column-inner\">\n\t<div class=\"wpb_single_image wpb_content_element vc_align_left\">\n\t\t<div class=\"wpb_wrapper\">\n\t\t\t\n\t\t\t<div class=\"vc_single_image-wrapper   vc_box_border_grey\"><img width=\"1558\" height=\"580\" src=\"https:\/\/amega.lt\/wp-content\/uploads\/2023\/11\/automobilines-svarstykles-antzemines-3.png\" class=\"vc_single_image-img attachment-full\" alt=\"\" decoding=\"async\" loading=\"lazy\" title=\"Automobilin\u0117s svarstykl\u0117s ant\u017eemin\u0117s\" srcset=\"https:\/\/amega.lt\/wp-content\/uploads\/2023\/11\/automobilines-svarstykles-antzemines-3.png 1558w, https:\/\/amega.lt\/wp-content\/uploads\/2023\/11\/automobilines-svarstykles-antzemines-3-1024x381.png 1024w, https:\/\/amega.lt\/wp-content\/uploads\/2023\/11\/automobilines-svarstykles-antzemines-3-768x286.png 768w, https:\/\/amega.lt\/wp-content\/uploads\/2023\/11\/automobilines-svarstykles-antzemines-3-1536x572.png 1536w, https:\/\/amega.lt\/wp-content\/uploads\/2023\/11\/automobilines-svarstykles-antzemines-3-640x238.png 640w, https:\/\/amega.lt\/wp-content\/uploads\/2023\/11\/automobilines-svarstykles-antzemines-3-400x149.png 400w, https:\/\/amega.lt\/wp-content\/uploads\/2023\/11\/automobilines-svarstykles-antzemines-3-600x223.png 600w\" sizes=\"(max-width: 1558px) 100vw, 1558px\" \/><\/div>\n\t\t<\/div>\n\t<\/div>\n<\/div><\/div><div class=\"vc_column_container col-md-4\"><div class=\"wpb_wrapper vc_column-inner\">\n\t<div class=\"wpb_single_image wpb_content_element vc_align_left\">\n\t\t<div class=\"wpb_wrapper\">\n\t\t\t\n\t\t\t<div class=\"vc_single_image-wrapper   vc_box_border_grey\"><img width=\"1145\" height=\"590\" src=\"https:\/\/amega.lt\/wp-content\/uploads\/2023\/11\/automobilines-svarstykles-antzemines-4.png\" class=\"vc_single_image-img attachment-full\" alt=\"\" decoding=\"async\" loading=\"lazy\" title=\"Automobilin\u0117s svarstykl\u0117s ant\u017eemin\u0117s\" srcset=\"https:\/\/amega.lt\/wp-content\/uploads\/2023\/11\/automobilines-svarstykles-antzemines-4.png 1145w, https:\/\/amega.lt\/wp-content\/uploads\/2023\/11\/automobilines-svarstykles-antzemines-4-1024x528.png 1024w, https:\/\/amega.lt\/wp-content\/uploads\/2023\/11\/automobilines-svarstykles-antzemines-4-768x396.png 768w, https:\/\/amega.lt\/wp-content\/uploads\/2023\/11\/automobilines-svarstykles-antzemines-4-640x330.png 640w, https:\/\/amega.lt\/wp-content\/uploads\/2023\/11\/automobilines-svarstykles-antzemines-4-400x206.png 400w, https:\/\/amega.lt\/wp-content\/uploads\/2023\/11\/automobilines-svarstykles-antzemines-4-600x309.png 600w\" sizes=\"(max-width: 1145px) 100vw, 1145px\" \/><\/div>\n\t\t<\/div>\n\t<\/div>\n<\/div><\/div><\/div>\n<\/section>","protected":false},"excerpt":{"rendered":"Svorio ribos: 30t, 50t, 60t Gabaritai 3x6m, 3x8m, 3x12m, 3x14m, 3x16m, 3x18m, 3x24m Va\u017eiuojamosios dalies auk\u0161tis: 250-300 mm. Gali b\u016bti da\u017eytos, cinkuotos arba cinkuotos ir padengtos da\u017eais. Komplektuojamos su u\u017eva\u017eiavimo rampomis. Pritaikyta svorio jutikliams kurie gali b\u016bti analoginiai arba skaitmeniniai. Atitinka visus CE keliamus reikalavimus. Gaminiui suteikiama 12 m\u0117n. garantija.","protected":false},"author":1,"featured_media":0,"parent":0,"menu_order":0,"comment_status":"closed","ping_status":"closed","template":"","meta":[],"yoast_head":"<!-- This site is optimized with the Yoast SEO plugin v21.4 - https:\/\/yoast.com\/wordpress\/plugins\/seo\/ -->\n<title>Automobilin\u0117s svarstykl\u0117s \u2013 ant\u017eemin\u0117s - UAB Amega<\/title>\n<meta name=\"robots\" content=\"index, follow, max-snippet:-1, max-image-preview:large, max-video-preview:-1\" \/>\n<link rel=\"canonical\" href=\"https:\/\/amega.lt\/en\/automobilines-svarstykles-antzemines\/\" \/>\n<meta property=\"og:locale\" content=\"en_US\" \/>\n<meta property=\"og:type\" content=\"article\" \/>\n<meta property=\"og:title\" content=\"Automobilin\u0117s svarstykl\u0117s \u2013 ant\u017eemin\u0117s - UAB Amega\" \/>\n<meta property=\"og:url\" content=\"https:\/\/amega.lt\/en\/automobilines-svarstykles-antzemines\/\" \/>\n<meta property=\"og:site_name\" content=\"UAB Amega\" \/>\n<meta property=\"article:modified_time\" content=\"2023-11-02T21:07:20+00:00\" \/>\n<meta name=\"twitter:card\" content=\"summary_large_image\" \/>\n<meta name=\"twitter:label1\" content=\"Est. reading time\" \/>\n\t<meta name=\"twitter:data1\" content=\"1 minute\" \/>\n<script type=\"application\/ld+json\" class=\"yoast-schema-graph\">{\"@context\":\"https:\/\/schema.org\",\"@graph\":[{\"@type\":\"WebPage\",\"@id\":\"https:\/\/amega.lt\/automobilines-svarstykles-antzemines\/\",\"url\":\"https:\/\/amega.lt\/automobilines-svarstykles-antzemines\/\",\"name\":\"Automobilin\u0117s svarstykl\u0117s \u2013 ant\u017eemin\u0117s - UAB Amega\",\"isPartOf\":{\"@id\":\"https:\/\/amega.lt\/#website\"},\"datePublished\":\"2023-11-02T20:57:30+00:00\",\"dateModified\":\"2023-11-02T21:07:20+00:00\",\"breadcrumb\":{\"@id\":\"https:\/\/amega.lt\/automobilines-svarstykles-antzemines\/#breadcrumb\"},\"inLanguage\":\"en-US\",\"potentialAction\":[{\"@type\":\"ReadAction\",\"target\":[\"https:\/\/amega.lt\/automobilines-svarstykles-antzemines\/\"]}]},{\"@type\":\"BreadcrumbList\",\"@id\":\"https:\/\/amega.lt\/automobilines-svarstykles-antzemines\/#breadcrumb\",\"itemListElement\":[{\"@type\":\"ListItem\",\"position\":1,\"name\":\"Home\",\"item\":\"https:\/\/amega.lt\/\"},{\"@type\":\"ListItem\",\"position\":2,\"name\":\"Automobilin\u0117s svarstykl\u0117s \u2013 ant\u017eemin\u0117s\"}]},{\"@type\":\"WebSite\",\"@id\":\"https:\/\/amega.lt\/#website\",\"url\":\"https:\/\/amega.lt\/\",\"name\":\"UAB Amega\",\"description\":\"\",\"potentialAction\":[{\"@type\":\"SearchAction\",\"target\":{\"@type\":\"EntryPoint\",\"urlTemplate\":\"https:\/\/amega.lt\/?s={search_term_string}\"},\"query-input\":\"required name=search_term_string\"}],\"inLanguage\":\"en-US\"}]}<\/script>\n<!-- \/ Yoast SEO plugin. -->","yoast_head_json":{"title":"Automobilin\u0117s svarstykl\u0117s \u2013 ant\u017eemin\u0117s - UAB Amega","robots":{"index":"index","follow":"follow","max-snippet":"max-snippet:-1","max-image-preview":"max-image-preview:large","max-video-preview":"max-video-preview:-1"},"canonical":"https:\/\/amega.lt\/en\/automobilines-svarstykles-antzemines\/","og_locale":"en_US","og_type":"article","og_title":"Automobilin\u0117s svarstykl\u0117s \u2013 ant\u017eemin\u0117s - UAB Amega","og_url":"https:\/\/amega.lt\/en\/automobilines-svarstykles-antzemines\/","og_site_name":"UAB Amega","article_modified_time":"2023-11-02T21:07:20+00:00","twitter_card":"summary_large_image","twitter_misc":{"Est. reading time":"1 minute"},"schema":{"@context":"https:\/\/schema.org","@graph":[{"@type":"WebPage","@id":"https:\/\/amega.lt\/automobilines-svarstykles-antzemines\/","url":"https:\/\/amega.lt\/automobilines-svarstykles-antzemines\/","name":"Automobilin\u0117s svarstykl\u0117s \u2013 ant\u017eemin\u0117s - UAB Amega","isPartOf":{"@id":"https:\/\/amega.lt\/#website"},"datePublished":"2023-11-02T20:57:30+00:00","dateModified":"2023-11-02T21:07:20+00:00","breadcrumb":{"@id":"https:\/\/amega.lt\/automobilines-svarstykles-antzemines\/#breadcrumb"},"inLanguage":"en-US","potentialAction":[{"@type":"ReadAction","target":["https:\/\/amega.lt\/automobilines-svarstykles-antzemines\/"]}]},{"@type":"BreadcrumbList","@id":"https:\/\/amega.lt\/automobilines-svarstykles-antzemines\/#breadcrumb","itemListElement":[{"@type":"ListItem","position":1,"name":"Home","item":"https:\/\/amega.lt\/"},{"@type":"ListItem","position":2,"name":"Automobilin\u0117s svarstykl\u0117s \u2013 ant\u017eemin\u0117s"}]},{"@type":"WebSite","@id":"https:\/\/amega.lt\/#website","url":"https:\/\/amega.lt\/","name":"UAB Amega","description":"","potentialAction":[{"@type":"SearchAction","target":{"@type":"EntryPoint","urlTemplate":"https:\/\/amega.lt\/?s={search_term_string}"},"query-input":"required name=search_term_string"}],"inLanguage":"en-US"}]}},"_links":{"self":[{"href":"https:\/\/amega.lt\/en\/wp-json\/wp\/v2\/pages\/3382"}],"collection":[{"href":"https:\/\/amega.lt\/en\/wp-json\/wp\/v2\/pages"}],"about":[{"href":"https:\/\/amega.lt\/en\/wp-json\/wp\/v2\/types\/page"}],"author":[{"embeddable":true,"href":"https:\/\/amega.lt\/en\/wp-json\/wp\/v2\/users\/1"}],"replies":[{"embeddable":true,"href":"https:\/\/amega.lt\/en\/wp-json\/wp\/v2\/comments?post=3382"}],"version-history":[{"count":4,"href":"https:\/\/amega.lt\/en\/wp-json\/wp\/v2\/pages\/3382\/revisions"}],"predecessor-version":[{"id":3392,"href":"https:\/\/amega.lt\/en\/wp-json\/wp\/v2\/pages\/3382\/revisions\/3392"}],"wp:attachment":[{"href":"https:\/\/amega.lt\/en\/wp-json\/wp\/v2\/media?parent=3382"}],"curies":[{"name":"wp","href":"https:\/\/api.w.org\/{rel}","templated":true}]}}