{"id":3188,"date":"2023-10-11T04:42:04","date_gmt":"2023-10-11T04:42:04","guid":{"rendered":"https:\/\/lengvasaskaita.lt\/amedemo\/?page_id=3188"},"modified":"2023-11-20T21:08:14","modified_gmt":"2023-11-20T21:08:14","slug":"ivairiu-metaliniu-konstrukciju-gamyba","status":"publish","type":"page","link":"https:\/\/amega.lt\/en\/ivairiu-metaliniu-konstrukciju-gamyba\/","title":{"rendered":"\u012evairi\u0173 metalini\u0173 konstrukcij\u0173 gamyba"},"content":{"rendered":"<section class=\"wpb-content-wrapper\"><div class=\"vc_row wpb_row row top-row\"><div class=\"vc_column_container col-md-8\"><div class=\"wpb_wrapper vc_column-inner\"><div class=\"porto-u-heading mb-3  wpb_custom_95aa9a11c17ad45cfabaf210d84ee7cc porto-u-7665\"><div class=\"porto-u-sub-heading\" style=\"\">\n<ul>\n<li><span style=\"color: #777777;\">We specialize in the production of various metal structures.<\/span><\/li>\n<\/ul>\n<p><span style=\"color: #777777;\">The field of activity includes the construction of various metal elements, structures and constructions. Such as: metal frames, metal stairs, carts for various purposes in the food industry, tables, shelves, platforms, etc. These products can be used in various industries, construction, etc. in projects.<\/span><\/div><style>.porto-u-7665.porto-u-heading{text-align:left}<\/style><\/div><\/div><\/div><div class=\"vc_column_container col-md-4\"><div class=\"wpb_wrapper vc_column-inner\"><\/div><\/div><\/div><div class=\"vc_row wpb_row row top-row\"><div class=\"vc_column_container col-md-12\"><div class=\"wpb_wrapper vc_column-inner\"><div class=\"wpb_gallery wpb_content_element vc_clearfix\" ><div class=\"wpb_wrapper\"><div class=\"wpb_gallery_slides wpb_image_grid\" data-interval=\"3\"><ul class=\"wpb_image_grid_ul\"><li class=\"isotope-item\"><a class=\"\" href=\"https:\/\/amega.lt\/wp-content\/uploads\/2023\/10\/metaliniu-konstrukciju-gamyba-7.jpg\" data-lightbox=\"lightbox[rel-3188-4011975733]\"><img class=\"\" src=\"https:\/\/amega.lt\/wp-content\/uploads\/2023\/10\/metaliniu-konstrukciju-gamyba-7-280x280.jpg\" width=\"280\" height=\"280\" alt=\"Metalini\u0173 konstrukcij\u0173 gamyba\" title=\"Metalini\u0173 konstrukcij\u0173 gamyba\" \/><\/a><\/li><li class=\"isotope-item\"><a class=\"\" href=\"https:\/\/amega.lt\/wp-content\/uploads\/2023\/10\/metaliniu-konstrukciju-gamyba-1.jpg\" data-lightbox=\"lightbox[rel-3188-4011975733]\"><img class=\"\" src=\"https:\/\/amega.lt\/wp-content\/uploads\/2023\/10\/metaliniu-konstrukciju-gamyba-1-280x280.jpg\" width=\"280\" height=\"280\" alt=\"\u012evairi\u0173 metaliniu konstrukcij\u0173 gamyba\" title=\"\u012evairi\u0173 metaliniu konstrukcij\u0173 gamyba\" \/><\/a><\/li><li class=\"isotope-item\"><a class=\"\" href=\"https:\/\/amega.lt\/wp-content\/uploads\/2023\/10\/metaliniu-konstrukciju-gamyba-1a-768x1024.jpg\" data-lightbox=\"lightbox[rel-3188-4011975733]\"><img class=\"\" src=\"https:\/\/amega.lt\/wp-content\/uploads\/2023\/10\/metaliniu-konstrukciju-gamyba-1a-280x280.jpg\" width=\"280\" height=\"280\" alt=\"Metalini\u0173 konstrukcij\u0173 gamyba\" title=\"Metalini\u0173 konstrukcij\u0173 gamyba\" \/><\/a><\/li><li class=\"isotope-item\"><a class=\"\" href=\"https:\/\/amega.lt\/wp-content\/uploads\/2023\/10\/metaliniu-konstrukciju-gamyba-14-723x1024.jpg\" data-lightbox=\"lightbox[rel-3188-4011975733]\"><img class=\"\" src=\"https:\/\/amega.lt\/wp-content\/uploads\/2023\/10\/metaliniu-konstrukciju-gamyba-14-280x280.jpg\" width=\"280\" height=\"280\" alt=\"Metalini\u0173 konstrukcij\u0173 gamyba\" title=\"Metalini\u0173 konstrukcij\u0173 gamyba\" \/><\/a><\/li><li class=\"isotope-item\"><a class=\"\" href=\"https:\/\/amega.lt\/wp-content\/uploads\/2023\/10\/metaliniu-konstrukciju-gamyba-15-485x1024.jpg\" data-lightbox=\"lightbox[rel-3188-4011975733]\"><img class=\"\" src=\"https:\/\/amega.lt\/wp-content\/uploads\/2023\/10\/metaliniu-konstrukciju-gamyba-15-280x280.jpg\" width=\"280\" height=\"280\" alt=\"Metalini\u0173 konstrukcij\u0173 gamyba\" title=\"Metalini\u0173 konstrukcij\u0173 gamyba\" \/><\/a><\/li><li class=\"isotope-item\"><a class=\"\" href=\"https:\/\/amega.lt\/wp-content\/uploads\/2023\/10\/metaliniu-konstrukciju-gamyba-13-484x1024.jpg\" data-lightbox=\"lightbox[rel-3188-4011975733]\"><img class=\"\" src=\"https:\/\/amega.lt\/wp-content\/uploads\/2023\/10\/metaliniu-konstrukciju-gamyba-13-280x280.jpg\" width=\"280\" height=\"280\" alt=\"Metalini\u0173 konstrukcij\u0173 gamyba\" title=\"Metalini\u0173 konstrukcij\u0173 gamyba\" \/><\/a><\/li><li class=\"isotope-item\"><a class=\"\" href=\"https:\/\/amega.lt\/wp-content\/uploads\/2023\/10\/metaliniu-konstrukciju-gamyba-6.jpg\" data-lightbox=\"lightbox[rel-3188-4011975733]\"><img class=\"\" src=\"https:\/\/amega.lt\/wp-content\/uploads\/2023\/10\/metaliniu-konstrukciju-gamyba-6-280x280.jpg\" width=\"280\" height=\"280\" alt=\"Metalini\u0173 konstrukcij\u0173 gamyba\" title=\"Metalini\u0173 konstrukcij\u0173 gamyba\" \/><\/a><\/li><li class=\"isotope-item\"><a class=\"\" href=\"https:\/\/amega.lt\/wp-content\/uploads\/2023\/10\/metaliniu-konstrukciju-gamyba-16-485x1024.jpg\" data-lightbox=\"lightbox[rel-3188-4011975733]\"><img class=\"\" src=\"https:\/\/amega.lt\/wp-content\/uploads\/2023\/10\/metaliniu-konstrukciju-gamyba-16-280x280.jpg\" width=\"280\" height=\"280\" alt=\"Metalini\u0173 konstrukcij\u0173 gamyba\" title=\"Metalini\u0173 konstrukcij\u0173 gamyba\" \/><\/a><\/li><li class=\"isotope-item\"><a class=\"\" href=\"https:\/\/amega.lt\/wp-content\/uploads\/2023\/10\/metaliniu-konstrukciju-gamyba-17-485x1024.jpg\" data-lightbox=\"lightbox[rel-3188-4011975733]\"><img class=\"\" src=\"https:\/\/amega.lt\/wp-content\/uploads\/2023\/10\/metaliniu-konstrukciju-gamyba-17-280x280.jpg\" width=\"280\" height=\"280\" alt=\"Metalini\u0173 konstrukcij\u0173 gamyba\" title=\"Metalini\u0173 konstrukcij\u0173 gamyba\" \/><\/a><\/li><li class=\"isotope-item\"><a class=\"\" href=\"https:\/\/amega.lt\/wp-content\/uploads\/2023\/10\/metaliniu-konstrukciju-gamyba-5.jpg\" data-lightbox=\"lightbox[rel-3188-4011975733]\"><img class=\"\" src=\"https:\/\/amega.lt\/wp-content\/uploads\/2023\/10\/metaliniu-konstrukciju-gamyba-5-280x280.jpg\" width=\"280\" height=\"280\" alt=\"Metalini\u0173 konstrukcij\u0173 gamyba\" title=\"Metalini\u0173 konstrukcij\u0173 gamyba\" \/><\/a><\/li><li class=\"isotope-item\"><a class=\"\" href=\"https:\/\/amega.lt\/wp-content\/uploads\/2023\/10\/metaliniu-konstrukciju-gamyba-12-485x1024.jpg\" data-lightbox=\"lightbox[rel-3188-4011975733]\"><img class=\"\" src=\"https:\/\/amega.lt\/wp-content\/uploads\/2023\/10\/metaliniu-konstrukciju-gamyba-12-280x280.jpg\" width=\"280\" height=\"280\" alt=\"Metalini\u0173 konstrukcij\u0173 gamyba\" title=\"Metalini\u0173 konstrukcij\u0173 gamyba\" \/><\/a><\/li><li class=\"isotope-item\"><a class=\"\" href=\"https:\/\/amega.lt\/wp-content\/uploads\/2023\/10\/metaliniu-konstrukciju-gamyba-2-484x1024.jpg\" data-lightbox=\"lightbox[rel-3188-4011975733]\"><img class=\"\" src=\"https:\/\/amega.lt\/wp-content\/uploads\/2023\/10\/metaliniu-konstrukciju-gamyba-2-280x280.jpg\" width=\"280\" height=\"280\" alt=\"\u012evairi\u0173 metaliniu konstrukcij\u0173 gamyba\" title=\"\u012evairi\u0173 metaliniu konstrukcij\u0173 gamyba\" \/><\/a><\/li><li class=\"isotope-item\"><a class=\"\" href=\"https:\/\/amega.lt\/wp-content\/uploads\/2023\/10\/metaliniu-konstrukciju-gamyba-8.jpg\" data-lightbox=\"lightbox[rel-3188-4011975733]\"><img class=\"\" src=\"https:\/\/amega.lt\/wp-content\/uploads\/2023\/10\/metaliniu-konstrukciju-gamyba-8-280x280.jpg\" width=\"280\" height=\"280\" alt=\"Metalini\u0173 konstrukcij\u0173 gamyba\" title=\"Metalini\u0173 konstrukcij\u0173 gamyba\" \/><\/a><\/li><li class=\"isotope-item\"><a class=\"\" href=\"https:\/\/amega.lt\/wp-content\/uploads\/2023\/10\/metaliniu-konstrukciju-gamyba-9.jpg\" data-lightbox=\"lightbox[rel-3188-4011975733]\"><img class=\"\" src=\"https:\/\/amega.lt\/wp-content\/uploads\/2023\/10\/metaliniu-konstrukciju-gamyba-9-280x280.jpg\" width=\"280\" height=\"280\" alt=\"Metalini\u0173 konstrukcij\u0173 gamyba\" title=\"Metalini\u0173 konstrukcij\u0173 gamyba\" \/><\/a><\/li><li class=\"isotope-item\"><a class=\"\" href=\"https:\/\/amega.lt\/wp-content\/uploads\/2023\/10\/metaliniu-konstrukciju-gamyba-10.jpg\" data-lightbox=\"lightbox[rel-3188-4011975733]\"><img class=\"\" src=\"https:\/\/amega.lt\/wp-content\/uploads\/2023\/10\/metaliniu-konstrukciju-gamyba-10-280x280.jpg\" width=\"280\" height=\"280\" alt=\"Metalini\u0173 konstrukcij\u0173 gamyba\" title=\"Metalini\u0173 konstrukcij\u0173 gamyba\" \/><\/a><\/li><\/ul><\/div><\/div><\/div><\/div><\/div><\/div>\n<\/section>","protected":false},"excerpt":{"rendered":"Specializuojam\u0117s \u012fvairi\u0173 metalini\u0173 konstrukcij\u0173 gamyboje. Veiklos sritis apima \u012fvairi\u0173 metalini\u0173 element\u0173, strukt\u016br\u0173 ir konstrukcij\u0173 konstravim\u0105. Toki\u0173 kaip: metaliniai r\u0117mai, metaliniai laiptai, \u012fvairios paskirties maisto pramon\u0117je naudojami ve\u017eim\u0117liai, stalai, lentynos, aik\u0161tel\u0117s ir kt. \u0160ie gaminiai gali b\u016bti naudojami \u012fvairiuose pramon\u0117s, statybos ir kt. projektuose.","protected":false},"author":1,"featured_media":0,"parent":0,"menu_order":0,"comment_status":"closed","ping_status":"closed","template":"","meta":[],"yoast_head":"<!-- This site is optimized with the Yoast SEO plugin v21.4 - https:\/\/yoast.com\/wordpress\/plugins\/seo\/ -->\n<title>\u012evairi\u0173 metalini\u0173 konstrukcij\u0173 gamyba - UAB Amega<\/title>\n<meta name=\"description\" content=\"\u012evairi\u0173 metalini\u0173 konstrukcij\u0173 gamyba, \u012fvairi\u0173 metal\u0173 virinimas, paruo\u0161imas, metalini\u0173 konstrukcij\u0173 gamyba pagal j\u016bs\u0173 poreikius\" \/>\n<meta name=\"robots\" content=\"index, follow, max-snippet:-1, max-image-preview:large, max-video-preview:-1\" \/>\n<link rel=\"canonical\" href=\"https:\/\/amega.lt\/en\/ivairiu-metaliniu-konstrukciju-gamyba\/\" \/>\n<meta property=\"og:locale\" content=\"en_US\" \/>\n<meta property=\"og:type\" content=\"article\" \/>\n<meta property=\"og:title\" content=\"\u012evairi\u0173 metalini\u0173 konstrukcij\u0173 gamyba - UAB Amega\" \/>\n<meta property=\"og:description\" content=\"\u012evairi\u0173 metalini\u0173 konstrukcij\u0173 gamyba, \u012fvairi\u0173 metal\u0173 virinimas, paruo\u0161imas, metalini\u0173 konstrukcij\u0173 gamyba pagal j\u016bs\u0173 poreikius\" \/>\n<meta property=\"og:url\" content=\"https:\/\/amega.lt\/en\/ivairiu-metaliniu-konstrukciju-gamyba\/\" \/>\n<meta property=\"og:site_name\" content=\"UAB Amega\" \/>\n<meta property=\"article:modified_time\" content=\"2023-11-20T21:08:14+00:00\" \/>\n<meta name=\"twitter:card\" content=\"summary_large_image\" \/>\n<meta name=\"twitter:label1\" content=\"Est. reading time\" \/>\n\t<meta name=\"twitter:data1\" content=\"1 minute\" \/>\n<script type=\"application\/ld+json\" class=\"yoast-schema-graph\">{\"@context\":\"https:\/\/schema.org\",\"@graph\":[{\"@type\":\"WebPage\",\"@id\":\"https:\/\/amega.lt\/ivairiu-metaliniu-konstrukciju-gamyba\/\",\"url\":\"https:\/\/amega.lt\/ivairiu-metaliniu-konstrukciju-gamyba\/\",\"name\":\"\u012evairi\u0173 metalini\u0173 konstrukcij\u0173 gamyba - UAB Amega\",\"isPartOf\":{\"@id\":\"https:\/\/amega.lt\/#website\"},\"datePublished\":\"2023-10-11T04:42:04+00:00\",\"dateModified\":\"2023-11-20T21:08:14+00:00\",\"description\":\"\u012evairi\u0173 metalini\u0173 konstrukcij\u0173 gamyba, \u012fvairi\u0173 metal\u0173 virinimas, paruo\u0161imas, metalini\u0173 konstrukcij\u0173 gamyba pagal j\u016bs\u0173 poreikius\",\"breadcrumb\":{\"@id\":\"https:\/\/amega.lt\/ivairiu-metaliniu-konstrukciju-gamyba\/#breadcrumb\"},\"inLanguage\":\"en-US\",\"potentialAction\":[{\"@type\":\"ReadAction\",\"target\":[\"https:\/\/amega.lt\/ivairiu-metaliniu-konstrukciju-gamyba\/\"]}]},{\"@type\":\"BreadcrumbList\",\"@id\":\"https:\/\/amega.lt\/ivairiu-metaliniu-konstrukciju-gamyba\/#breadcrumb\",\"itemListElement\":[{\"@type\":\"ListItem\",\"position\":1,\"name\":\"Home\",\"item\":\"https:\/\/amega.lt\/\"},{\"@type\":\"ListItem\",\"position\":2,\"name\":\"\u012evairi\u0173 metalini\u0173 konstrukcij\u0173 gamyba\"}]},{\"@type\":\"WebSite\",\"@id\":\"https:\/\/amega.lt\/#website\",\"url\":\"https:\/\/amega.lt\/\",\"name\":\"UAB Amega\",\"description\":\"\",\"potentialAction\":[{\"@type\":\"SearchAction\",\"target\":{\"@type\":\"EntryPoint\",\"urlTemplate\":\"https:\/\/amega.lt\/?s={search_term_string}\"},\"query-input\":\"required name=search_term_string\"}],\"inLanguage\":\"en-US\"}]}<\/script>\n<!-- \/ Yoast SEO plugin. -->","yoast_head_json":{"title":"\u012evairi\u0173 metalini\u0173 konstrukcij\u0173 gamyba - UAB Amega","description":"\u012evairi\u0173 metalini\u0173 konstrukcij\u0173 gamyba, \u012fvairi\u0173 metal\u0173 virinimas, paruo\u0161imas, metalini\u0173 konstrukcij\u0173 gamyba pagal j\u016bs\u0173 poreikius","robots":{"index":"index","follow":"follow","max-snippet":"max-snippet:-1","max-image-preview":"max-image-preview:large","max-video-preview":"max-video-preview:-1"},"canonical":"https:\/\/amega.lt\/en\/ivairiu-metaliniu-konstrukciju-gamyba\/","og_locale":"en_US","og_type":"article","og_title":"\u012evairi\u0173 metalini\u0173 konstrukcij\u0173 gamyba - UAB Amega","og_description":"\u012evairi\u0173 metalini\u0173 konstrukcij\u0173 gamyba, \u012fvairi\u0173 metal\u0173 virinimas, paruo\u0161imas, metalini\u0173 konstrukcij\u0173 gamyba pagal j\u016bs\u0173 poreikius","og_url":"https:\/\/amega.lt\/en\/ivairiu-metaliniu-konstrukciju-gamyba\/","og_site_name":"UAB Amega","article_modified_time":"2023-11-20T21:08:14+00:00","twitter_card":"summary_large_image","twitter_misc":{"Est. reading time":"1 minute"},"schema":{"@context":"https:\/\/schema.org","@graph":[{"@type":"WebPage","@id":"https:\/\/amega.lt\/ivairiu-metaliniu-konstrukciju-gamyba\/","url":"https:\/\/amega.lt\/ivairiu-metaliniu-konstrukciju-gamyba\/","name":"\u012evairi\u0173 metalini\u0173 konstrukcij\u0173 gamyba - UAB Amega","isPartOf":{"@id":"https:\/\/amega.lt\/#website"},"datePublished":"2023-10-11T04:42:04+00:00","dateModified":"2023-11-20T21:08:14+00:00","description":"\u012evairi\u0173 metalini\u0173 konstrukcij\u0173 gamyba, \u012fvairi\u0173 metal\u0173 virinimas, paruo\u0161imas, metalini\u0173 konstrukcij\u0173 gamyba pagal j\u016bs\u0173 poreikius","breadcrumb":{"@id":"https:\/\/amega.lt\/ivairiu-metaliniu-konstrukciju-gamyba\/#breadcrumb"},"inLanguage":"en-US","potentialAction":[{"@type":"ReadAction","target":["https:\/\/amega.lt\/ivairiu-metaliniu-konstrukciju-gamyba\/"]}]},{"@type":"BreadcrumbList","@id":"https:\/\/amega.lt\/ivairiu-metaliniu-konstrukciju-gamyba\/#breadcrumb","itemListElement":[{"@type":"ListItem","position":1,"name":"Home","item":"https:\/\/amega.lt\/"},{"@type":"ListItem","position":2,"name":"\u012evairi\u0173 metalini\u0173 konstrukcij\u0173 gamyba"}]},{"@type":"WebSite","@id":"https:\/\/amega.lt\/#website","url":"https:\/\/amega.lt\/","name":"UAB Amega","description":"","potentialAction":[{"@type":"SearchAction","target":{"@type":"EntryPoint","urlTemplate":"https:\/\/amega.lt\/?s={search_term_string}"},"query-input":"required name=search_term_string"}],"inLanguage":"en-US"}]}},"_links":{"self":[{"href":"https:\/\/amega.lt\/en\/wp-json\/wp\/v2\/pages\/3188"}],"collection":[{"href":"https:\/\/amega.lt\/en\/wp-json\/wp\/v2\/pages"}],"about":[{"href":"https:\/\/amega.lt\/en\/wp-json\/wp\/v2\/types\/page"}],"author":[{"embeddable":true,"href":"https:\/\/amega.lt\/en\/wp-json\/wp\/v2\/users\/1"}],"replies":[{"embeddable":true,"href":"https:\/\/amega.lt\/en\/wp-json\/wp\/v2\/comments?post=3188"}],"version-history":[{"count":15,"href":"https:\/\/amega.lt\/en\/wp-json\/wp\/v2\/pages\/3188\/revisions"}],"predecessor-version":[{"id":3455,"href":"https:\/\/amega.lt\/en\/wp-json\/wp\/v2\/pages\/3188\/revisions\/3455"}],"wp:attachment":[{"href":"https:\/\/amega.lt\/en\/wp-json\/wp\/v2\/media?parent=3188"}],"curies":[{"name":"wp","href":"https:\/\/api.w.org\/{rel}","templated":true}]}}