{"id":3182,"date":"2023-10-11T04:38:12","date_gmt":"2023-10-11T04:38:12","guid":{"rendered":"https:\/\/lengvasaskaita.lt\/amedemo\/?page_id=3182"},"modified":"2023-11-20T21:04:26","modified_gmt":"2023-11-20T21:04:26","slug":"siurbliu-stoteliu-gamyba","status":"publish","type":"page","link":"https:\/\/amega.lt\/en\/siurbliu-stoteliu-gamyba\/","title":{"rendered":"Production of various purpose pump stations"},"content":{"rendered":"<section class=\"wpb-content-wrapper\"><div class=\"vc_row wpb_row row top-row\"><div class=\"vc_column_container col-md-6\"><div class=\"wpb_wrapper vc_column-inner\"><div class=\"porto-u-heading mb-3  wpb_custom_95aa9a11c17ad45cfabaf210d84ee7cc porto-u-2825\"><div class=\"porto-u-sub-heading\" style=\"\">\n<ul>\n<li><span style=\"color: #777777;\">We provide services related to the production of pump stations.<\/span><\/li>\n<\/ul>\n<p><span style=\"color: #777777;\">Pump stations are used in water supply systems, heating\/cooling systems or other technical systems where liquid pumping or transfer is required. We can design, manufacture and supply pump stations based on customer needs and specifications.<\/span><\/div><style>.porto-u-2825.porto-u-heading{text-align:left}<\/style><\/div><\/div><\/div><div class=\"vc_column_container col-md-6\"><div class=\"wpb_wrapper vc_column-inner\">\n\t<div class=\"wpb_single_image wpb_content_element vc_align_left\">\n\t\t<div class=\"wpb_wrapper\">\n\t\t\t\n\t\t\t<div class=\"vc_single_image-wrapper   vc_box_border_grey\"><img width=\"960\" height=\"600\" src=\"https:\/\/amega.lt\/wp-content\/uploads\/2023\/10\/Siurbliu-stoteliu-gamyba.jpg\" class=\"vc_single_image-img attachment-full\" alt=\"\" decoding=\"async\" loading=\"lazy\" title=\"Production of various purpose pump stations\" srcset=\"https:\/\/amega.lt\/wp-content\/uploads\/2023\/10\/Siurbliu-stoteliu-gamyba.jpg 960w, https:\/\/amega.lt\/wp-content\/uploads\/2023\/10\/Siurbliu-stoteliu-gamyba-768x480.jpg 768w, https:\/\/amega.lt\/wp-content\/uploads\/2023\/10\/Siurbliu-stoteliu-gamyba-640x400.jpg 640w, https:\/\/amega.lt\/wp-content\/uploads\/2023\/10\/Siurbliu-stoteliu-gamyba-400x250.jpg 400w, https:\/\/amega.lt\/wp-content\/uploads\/2023\/10\/Siurbliu-stoteliu-gamyba-367x229.jpg 367w, https:\/\/amega.lt\/wp-content\/uploads\/2023\/10\/Siurbliu-stoteliu-gamyba-600x375.jpg 600w\" sizes=\"(max-width: 960px) 100vw, 960px\" \/><\/div>\n\t\t<\/div>\n\t<\/div>\n<\/div><\/div><\/div>\n<\/section>","protected":false},"excerpt":{"rendered":"Teikiame paslaugas susijusias su siurbli\u0173 stoteli\u0173 gamyba. Siurbli\u0173 stotel\u0117s yra naudojamos vandens tiekimo sistemose, \u0161ildymo\/\u0161aldymo sistemose arba kitose technin\u0117se sistemose, kur reikalingas skys\u010dio siurbimas arba perna\u0161a. Galime projektuoti, gaminti ir tiekti siurbli\u0173 stoteles, atsi\u017evelgdami \u012f klient\u0173 poreikius ir specifikacijas.","protected":false},"author":1,"featured_media":0,"parent":0,"menu_order":0,"comment_status":"closed","ping_status":"closed","template":"","meta":[],"yoast_head":"<!-- This site is optimized with the Yoast SEO plugin v21.4 - https:\/\/yoast.com\/wordpress\/plugins\/seo\/ -->\n<title>Siurbli\u0173 stoteli\u0173 gamyba - UAB Amega<\/title>\n<meta name=\"robots\" content=\"index, follow, max-snippet:-1, max-image-preview:large, max-video-preview:-1\" \/>\n<link rel=\"canonical\" href=\"https:\/\/amega.lt\/en\/siurbliu-stoteliu-gamyba\/\" \/>\n<meta property=\"og:locale\" content=\"en_US\" \/>\n<meta property=\"og:type\" content=\"article\" \/>\n<meta property=\"og:title\" content=\"Siurbli\u0173 stoteli\u0173 gamyba - UAB Amega\" \/>\n<meta property=\"og:url\" content=\"https:\/\/amega.lt\/en\/siurbliu-stoteliu-gamyba\/\" \/>\n<meta property=\"og:site_name\" content=\"UAB Amega\" \/>\n<meta property=\"article:modified_time\" content=\"2023-11-20T21:04:26+00:00\" \/>\n<meta name=\"twitter:card\" content=\"summary_large_image\" \/>\n<meta name=\"twitter:label1\" content=\"Est. reading time\" \/>\n\t<meta name=\"twitter:data1\" content=\"1 minute\" \/>\n<script type=\"application\/ld+json\" class=\"yoast-schema-graph\">{\"@context\":\"https:\/\/schema.org\",\"@graph\":[{\"@type\":\"WebPage\",\"@id\":\"https:\/\/amega.lt\/siurbliu-stoteliu-gamyba\/\",\"url\":\"https:\/\/amega.lt\/siurbliu-stoteliu-gamyba\/\",\"name\":\"Siurbli\u0173 stoteli\u0173 gamyba - UAB Amega\",\"isPartOf\":{\"@id\":\"https:\/\/amega.lt\/#website\"},\"datePublished\":\"2023-10-11T04:38:12+00:00\",\"dateModified\":\"2023-11-20T21:04:26+00:00\",\"breadcrumb\":{\"@id\":\"https:\/\/amega.lt\/siurbliu-stoteliu-gamyba\/#breadcrumb\"},\"inLanguage\":\"en-US\",\"potentialAction\":[{\"@type\":\"ReadAction\",\"target\":[\"https:\/\/amega.lt\/siurbliu-stoteliu-gamyba\/\"]}]},{\"@type\":\"BreadcrumbList\",\"@id\":\"https:\/\/amega.lt\/siurbliu-stoteliu-gamyba\/#breadcrumb\",\"itemListElement\":[{\"@type\":\"ListItem\",\"position\":1,\"name\":\"Home\",\"item\":\"https:\/\/amega.lt\/\"},{\"@type\":\"ListItem\",\"position\":2,\"name\":\"Siurbli\u0173 stoteli\u0173 gamyba\"}]},{\"@type\":\"WebSite\",\"@id\":\"https:\/\/amega.lt\/#website\",\"url\":\"https:\/\/amega.lt\/\",\"name\":\"UAB Amega\",\"description\":\"\",\"potentialAction\":[{\"@type\":\"SearchAction\",\"target\":{\"@type\":\"EntryPoint\",\"urlTemplate\":\"https:\/\/amega.lt\/?s={search_term_string}\"},\"query-input\":\"required name=search_term_string\"}],\"inLanguage\":\"en-US\"}]}<\/script>\n<!-- \/ Yoast SEO plugin. -->","yoast_head_json":{"title":"Siurbli\u0173 stoteli\u0173 gamyba - UAB Amega","robots":{"index":"index","follow":"follow","max-snippet":"max-snippet:-1","max-image-preview":"max-image-preview:large","max-video-preview":"max-video-preview:-1"},"canonical":"https:\/\/amega.lt\/en\/siurbliu-stoteliu-gamyba\/","og_locale":"en_US","og_type":"article","og_title":"Siurbli\u0173 stoteli\u0173 gamyba - UAB Amega","og_url":"https:\/\/amega.lt\/en\/siurbliu-stoteliu-gamyba\/","og_site_name":"UAB Amega","article_modified_time":"2023-11-20T21:04:26+00:00","twitter_card":"summary_large_image","twitter_misc":{"Est. reading time":"1 minute"},"schema":{"@context":"https:\/\/schema.org","@graph":[{"@type":"WebPage","@id":"https:\/\/amega.lt\/siurbliu-stoteliu-gamyba\/","url":"https:\/\/amega.lt\/siurbliu-stoteliu-gamyba\/","name":"Siurbli\u0173 stoteli\u0173 gamyba - UAB Amega","isPartOf":{"@id":"https:\/\/amega.lt\/#website"},"datePublished":"2023-10-11T04:38:12+00:00","dateModified":"2023-11-20T21:04:26+00:00","breadcrumb":{"@id":"https:\/\/amega.lt\/siurbliu-stoteliu-gamyba\/#breadcrumb"},"inLanguage":"en-US","potentialAction":[{"@type":"ReadAction","target":["https:\/\/amega.lt\/siurbliu-stoteliu-gamyba\/"]}]},{"@type":"BreadcrumbList","@id":"https:\/\/amega.lt\/siurbliu-stoteliu-gamyba\/#breadcrumb","itemListElement":[{"@type":"ListItem","position":1,"name":"Home","item":"https:\/\/amega.lt\/"},{"@type":"ListItem","position":2,"name":"Siurbli\u0173 stoteli\u0173 gamyba"}]},{"@type":"WebSite","@id":"https:\/\/amega.lt\/#website","url":"https:\/\/amega.lt\/","name":"UAB Amega","description":"","potentialAction":[{"@type":"SearchAction","target":{"@type":"EntryPoint","urlTemplate":"https:\/\/amega.lt\/?s={search_term_string}"},"query-input":"required name=search_term_string"}],"inLanguage":"en-US"}]}},"_links":{"self":[{"href":"https:\/\/amega.lt\/en\/wp-json\/wp\/v2\/pages\/3182"}],"collection":[{"href":"https:\/\/amega.lt\/en\/wp-json\/wp\/v2\/pages"}],"about":[{"href":"https:\/\/amega.lt\/en\/wp-json\/wp\/v2\/types\/page"}],"author":[{"embeddable":true,"href":"https:\/\/amega.lt\/en\/wp-json\/wp\/v2\/users\/1"}],"replies":[{"embeddable":true,"href":"https:\/\/amega.lt\/en\/wp-json\/wp\/v2\/comments?post=3182"}],"version-history":[{"count":11,"href":"https:\/\/amega.lt\/en\/wp-json\/wp\/v2\/pages\/3182\/revisions"}],"predecessor-version":[{"id":3452,"href":"https:\/\/amega.lt\/en\/wp-json\/wp\/v2\/pages\/3182\/revisions\/3452"}],"wp:attachment":[{"href":"https:\/\/amega.lt\/en\/wp-json\/wp\/v2\/media?parent=3182"}],"curies":[{"name":"wp","href":"https:\/\/api.w.org\/{rel}","templated":true}]}}