{"id":3173,"date":"2023-10-11T04:32:38","date_gmt":"2023-10-11T04:32:38","guid":{"rendered":"https:\/\/lengvasaskaita.lt\/amedemo\/?page_id=3173"},"modified":"2023-11-20T20:58:16","modified_gmt":"2023-11-20T20:58:16","slug":"kiaurymiu-grezimas","status":"publish","type":"page","link":"https:\/\/amega.lt\/en\/kiaurymiu-grezimas\/","title":{"rendered":"Drilling holes"},"content":{"rendered":"<section class=\"wpb-content-wrapper\"><div class=\"vc_row wpb_row row top-row\"><div class=\"vc_column_container col-md-12\"><div class=\"wpb_wrapper vc_column-inner\"><div class=\"porto-u-heading  wpb_custom_95aa9a11c17ad45cfabaf210d84ee7cc porto-u-5736\"><div class=\"porto-u-sub-heading\" style=\"\">\n<ul>\n<li>We offer the service of drilling holes using diamond drills.<\/li>\n<\/ul>\n<p>This service is designed to precisely and efficiently drill through surfaces of different materials, including concrete, brick, marble, ceramic and other hard materials. Diamond drill bits are an excellent choice when it comes to getting a clean and precise hole result. Their use allows for quick and efficient drilling of the hole, and also ensures high quality of work.<\/p>\n<p>&nbsp;<\/div><style>.porto-u-5736.porto-u-heading{text-align:left}<\/style><\/div><div class=\"wpb_gallery wpb_content_element vc_clearfix\" ><div class=\"wpb_wrapper\"><div class=\"wpb_gallery_slides wpb_image_grid\" data-interval=\"3\"><ul class=\"wpb_image_grid_ul\"><li class=\"isotope-item\"><a class=\"\" href=\"https:\/\/amega.lt\/wp-content\/uploads\/2023\/10\/kiaurymiu-grezimas-kaune-1.jpeg\" data-lightbox=\"lightbox[rel-3173-3906530081]\"><img class=\"\" src=\"https:\/\/amega.lt\/wp-content\/uploads\/2023\/10\/kiaurymiu-grezimas-kaune-1-280x280.jpeg\" width=\"280\" height=\"280\" alt=\"Kiaurymi\u0173 gr\u0119\u017eimas\" title=\"Drilling holes\" \/><\/a><\/li><li class=\"isotope-item\"><a class=\"\" href=\"https:\/\/amega.lt\/wp-content\/uploads\/2023\/10\/kiaurymiu-grezimas-kaune-2.jpeg\" data-lightbox=\"lightbox[rel-3173-3906530081]\"><img class=\"\" src=\"https:\/\/amega.lt\/wp-content\/uploads\/2023\/10\/kiaurymiu-grezimas-kaune-2-280x280.jpeg\" width=\"280\" height=\"280\" alt=\"Kiaurymi\u0173 gr\u0119\u017eimas\" title=\"Drilling holes\" \/><\/a><\/li><li class=\"isotope-item\"><a class=\"\" href=\"https:\/\/amega.lt\/wp-content\/uploads\/2023\/10\/kiaurymiu-grezimas-kaune-3.jpeg\" data-lightbox=\"lightbox[rel-3173-3906530081]\"><img class=\"\" src=\"https:\/\/amega.lt\/wp-content\/uploads\/2023\/10\/kiaurymiu-grezimas-kaune-3-280x280.jpeg\" width=\"280\" height=\"280\" alt=\"Kiaurymi\u0173 gr\u0119\u017eimas\" title=\"Drilling holes\" \/><\/a><\/li><li class=\"isotope-item\"><a class=\"\" href=\"https:\/\/amega.lt\/wp-content\/uploads\/2023\/10\/kiaurymiu-grezimas-kaune-4.jpeg\" data-lightbox=\"lightbox[rel-3173-3906530081]\"><img class=\"\" src=\"https:\/\/amega.lt\/wp-content\/uploads\/2023\/10\/kiaurymiu-grezimas-kaune-4-280x280.jpeg\" width=\"280\" height=\"280\" alt=\"Kiaurymi\u0173 gr\u0119\u017eimas\" title=\"Drilling holes\" \/><\/a><\/li><\/ul><\/div><\/div><\/div><\/div><\/div><\/div>\n<\/section>","protected":false},"excerpt":{"rendered":"Si\u016blome kiaurymi\u0173 gr\u0119\u017eimo naudojant deimantinius gr\u0105\u017etus paslaug\u0105. \u0160i paslauga skirta tiksliai ir efektyviai kiaurinti skirting\u0173 med\u017eiag\u0173 pavir\u0161ius, \u012fskaitant beton\u0105, plytas, marmur\u0105, keramik\u0105 ir kitas kietas med\u017eiagas. Deimantiniai gr\u0105\u017etai yra puikus pasirinkimas, kai reikia gauti tiksl\u0173 ir \u0161var\u0173 kiaurym\u0117s rezultat\u0105. J\u0173 naudojimas leid\u017eia greitai ir efektyviai atlikti skyl\u0117s kiaurinimo darbus, taip pat u\u017etikrina auk\u0161t\u0105 darb\u0173 kokyb\u0119. [...]","protected":false},"author":1,"featured_media":0,"parent":0,"menu_order":0,"comment_status":"closed","ping_status":"closed","template":"","meta":[],"yoast_head":"<!-- This site is optimized with the Yoast SEO plugin v21.4 - https:\/\/yoast.com\/wordpress\/plugins\/seo\/ -->\n<title>Kiaurymi\u0173 gr\u0119\u017eimas - UAB Amega<\/title>\n<meta name=\"robots\" content=\"index, follow, max-snippet:-1, max-image-preview:large, max-video-preview:-1\" \/>\n<link rel=\"canonical\" href=\"https:\/\/amega.lt\/en\/kiaurymiu-grezimas\/\" \/>\n<meta property=\"og:locale\" content=\"en_US\" \/>\n<meta property=\"og:type\" content=\"article\" \/>\n<meta property=\"og:title\" content=\"Kiaurymi\u0173 gr\u0119\u017eimas - UAB Amega\" \/>\n<meta property=\"og:url\" content=\"https:\/\/amega.lt\/en\/kiaurymiu-grezimas\/\" \/>\n<meta property=\"og:site_name\" content=\"UAB Amega\" \/>\n<meta property=\"article:modified_time\" content=\"2023-11-20T20:58:16+00:00\" \/>\n<meta name=\"twitter:card\" content=\"summary_large_image\" \/>\n<meta name=\"twitter:label1\" content=\"Est. reading time\" \/>\n\t<meta name=\"twitter:data1\" content=\"1 minute\" \/>\n<script type=\"application\/ld+json\" class=\"yoast-schema-graph\">{\"@context\":\"https:\/\/schema.org\",\"@graph\":[{\"@type\":\"WebPage\",\"@id\":\"https:\/\/amega.lt\/kiaurymiu-grezimas\/\",\"url\":\"https:\/\/amega.lt\/kiaurymiu-grezimas\/\",\"name\":\"Kiaurymi\u0173 gr\u0119\u017eimas - UAB Amega\",\"isPartOf\":{\"@id\":\"https:\/\/amega.lt\/#website\"},\"datePublished\":\"2023-10-11T04:32:38+00:00\",\"dateModified\":\"2023-11-20T20:58:16+00:00\",\"breadcrumb\":{\"@id\":\"https:\/\/amega.lt\/kiaurymiu-grezimas\/#breadcrumb\"},\"inLanguage\":\"en-US\",\"potentialAction\":[{\"@type\":\"ReadAction\",\"target\":[\"https:\/\/amega.lt\/kiaurymiu-grezimas\/\"]}]},{\"@type\":\"BreadcrumbList\",\"@id\":\"https:\/\/amega.lt\/kiaurymiu-grezimas\/#breadcrumb\",\"itemListElement\":[{\"@type\":\"ListItem\",\"position\":1,\"name\":\"Home\",\"item\":\"https:\/\/amega.lt\/\"},{\"@type\":\"ListItem\",\"position\":2,\"name\":\"Kiaurymi\u0173 gr\u0119\u017eimas\"}]},{\"@type\":\"WebSite\",\"@id\":\"https:\/\/amega.lt\/#website\",\"url\":\"https:\/\/amega.lt\/\",\"name\":\"UAB Amega\",\"description\":\"\",\"potentialAction\":[{\"@type\":\"SearchAction\",\"target\":{\"@type\":\"EntryPoint\",\"urlTemplate\":\"https:\/\/amega.lt\/?s={search_term_string}\"},\"query-input\":\"required name=search_term_string\"}],\"inLanguage\":\"en-US\"}]}<\/script>\n<!-- \/ Yoast SEO plugin. -->","yoast_head_json":{"title":"Kiaurymi\u0173 gr\u0119\u017eimas - UAB Amega","robots":{"index":"index","follow":"follow","max-snippet":"max-snippet:-1","max-image-preview":"max-image-preview:large","max-video-preview":"max-video-preview:-1"},"canonical":"https:\/\/amega.lt\/en\/kiaurymiu-grezimas\/","og_locale":"en_US","og_type":"article","og_title":"Kiaurymi\u0173 gr\u0119\u017eimas - UAB Amega","og_url":"https:\/\/amega.lt\/en\/kiaurymiu-grezimas\/","og_site_name":"UAB Amega","article_modified_time":"2023-11-20T20:58:16+00:00","twitter_card":"summary_large_image","twitter_misc":{"Est. reading time":"1 minute"},"schema":{"@context":"https:\/\/schema.org","@graph":[{"@type":"WebPage","@id":"https:\/\/amega.lt\/kiaurymiu-grezimas\/","url":"https:\/\/amega.lt\/kiaurymiu-grezimas\/","name":"Kiaurymi\u0173 gr\u0119\u017eimas - UAB Amega","isPartOf":{"@id":"https:\/\/amega.lt\/#website"},"datePublished":"2023-10-11T04:32:38+00:00","dateModified":"2023-11-20T20:58:16+00:00","breadcrumb":{"@id":"https:\/\/amega.lt\/kiaurymiu-grezimas\/#breadcrumb"},"inLanguage":"en-US","potentialAction":[{"@type":"ReadAction","target":["https:\/\/amega.lt\/kiaurymiu-grezimas\/"]}]},{"@type":"BreadcrumbList","@id":"https:\/\/amega.lt\/kiaurymiu-grezimas\/#breadcrumb","itemListElement":[{"@type":"ListItem","position":1,"name":"Home","item":"https:\/\/amega.lt\/"},{"@type":"ListItem","position":2,"name":"Kiaurymi\u0173 gr\u0119\u017eimas"}]},{"@type":"WebSite","@id":"https:\/\/amega.lt\/#website","url":"https:\/\/amega.lt\/","name":"UAB Amega","description":"","potentialAction":[{"@type":"SearchAction","target":{"@type":"EntryPoint","urlTemplate":"https:\/\/amega.lt\/?s={search_term_string}"},"query-input":"required name=search_term_string"}],"inLanguage":"en-US"}]}},"_links":{"self":[{"href":"https:\/\/amega.lt\/en\/wp-json\/wp\/v2\/pages\/3173"}],"collection":[{"href":"https:\/\/amega.lt\/en\/wp-json\/wp\/v2\/pages"}],"about":[{"href":"https:\/\/amega.lt\/en\/wp-json\/wp\/v2\/types\/page"}],"author":[{"embeddable":true,"href":"https:\/\/amega.lt\/en\/wp-json\/wp\/v2\/users\/1"}],"replies":[{"embeddable":true,"href":"https:\/\/amega.lt\/en\/wp-json\/wp\/v2\/comments?post=3173"}],"version-history":[{"count":10,"href":"https:\/\/amega.lt\/en\/wp-json\/wp\/v2\/pages\/3173\/revisions"}],"predecessor-version":[{"id":3443,"href":"https:\/\/amega.lt\/en\/wp-json\/wp\/v2\/pages\/3173\/revisions\/3443"}],"wp:attachment":[{"href":"https:\/\/amega.lt\/en\/wp-json\/wp\/v2\/media?parent=3173"}],"curies":[{"name":"wp","href":"https:\/\/api.w.org\/{rel}","templated":true}]}}