{"id":3168,"date":"2023-10-11T04:27:14","date_gmt":"2023-10-11T04:27:14","guid":{"rendered":"https:\/\/lengvasaskaita.lt\/amedemo\/?page_id=3168"},"modified":"2023-11-20T21:16:06","modified_gmt":"2023-11-20T21:16:06","slug":"metalo-pjovimas-lazeriu","status":"publish","type":"page","link":"https:\/\/amega.lt\/en\/metalo-pjovimas-lazeriu\/","title":{"rendered":"Metalo pjovimas lazeriu"},"content":{"rendered":"<section class=\"wpb-content-wrapper\"><div class=\"vc_row wpb_row row top-row\"><div class=\"vc_column_container col-md-8\"><div class=\"wpb_wrapper vc_column-inner\"><div class=\"porto-u-heading mb-3  wpb_custom_95aa9a11c17ad45cfabaf210d84ee7cc porto-u-9792\"><div class=\"porto-u-sub-heading\" style=\"\">\n<ul>\n<li style=\"text-align: left;\"><span style=\"color: #777777;\">We cut various metals with CO2 type laser technology.<\/span><\/li>\n<\/ul>\n<p><span style=\"color: #777777;\">This service allows you to accurately and efficiently cut a variety of metal materials, including steel, aluminum, stainless steel, and more. Laser cutting technology ensures high cutting accuracy, minimal deformation level and minimal material loss. Metal laser cutting can be applied to both small-scale orders and large production projects.<\/span><\/p>\n<p><\/div><style>.porto-u-9792.porto-u-heading{text-align:left}<\/style><\/div><\/div><\/div><div class=\"vc_column_container col-md-4\"><div class=\"wpb_wrapper vc_column-inner\"><\/div><\/div><\/div><div class=\"vc_row wpb_row row top-row\"><div class=\"vc_column_container col-md-12\"><div class=\"wpb_wrapper vc_column-inner\"><div class=\"wpb_gallery wpb_content_element vc_clearfix\" ><div class=\"wpb_wrapper\"><div class=\"wpb_gallery_slides wpb_image_grid\" data-interval=\"3\"><ul class=\"wpb_image_grid_ul\"><li class=\"isotope-item\"><a class=\"\" href=\"https:\/\/amega.lt\/wp-content\/uploads\/2023\/10\/metalu-pjovimas-lazeriu-1.jpg\" data-lightbox=\"lightbox[rel-3168-2831310283]\"><img class=\"\" src=\"https:\/\/amega.lt\/wp-content\/uploads\/2023\/10\/metalu-pjovimas-lazeriu-1-280x280.jpg\" width=\"280\" height=\"280\" alt=\"Metal\u0173 pjovimas lazeriu\" title=\"Metal\u0173 pjovimas lazeriu\" \/><\/a><\/li><li class=\"isotope-item\"><a class=\"\" href=\"https:\/\/amega.lt\/wp-content\/uploads\/2023\/10\/metalu-pjovimas-lazeriu-2.jpg\" data-lightbox=\"lightbox[rel-3168-2831310283]\"><img class=\"\" src=\"https:\/\/amega.lt\/wp-content\/uploads\/2023\/10\/metalu-pjovimas-lazeriu-2-264x280.jpg\" width=\"264\" height=\"280\" alt=\"Metal\u0173 pjovimas lazeriu\" title=\"Metal\u0173 pjovimas lazeriu\" \/><\/a><\/li><li class=\"isotope-item\"><a class=\"\" href=\"https:\/\/amega.lt\/wp-content\/uploads\/2023\/10\/metalu-pjovimas-lazeriu-3.jpg\" data-lightbox=\"lightbox[rel-3168-2831310283]\"><img class=\"\" src=\"https:\/\/amega.lt\/wp-content\/uploads\/2023\/10\/metalu-pjovimas-lazeriu-3-280x280.jpg\" width=\"280\" height=\"280\" alt=\"Metal\u0173 pjovimas lazeriu\" title=\"Metal\u0173 pjovimas lazeriu\" \/><\/a><\/li><li class=\"isotope-item\"><a class=\"\" href=\"https:\/\/amega.lt\/wp-content\/uploads\/2023\/10\/metalu-pjovimas-lazeriu-4.jpg\" data-lightbox=\"lightbox[rel-3168-2831310283]\"><img class=\"\" src=\"https:\/\/amega.lt\/wp-content\/uploads\/2023\/10\/metalu-pjovimas-lazeriu-4-280x280.jpg\" width=\"280\" height=\"280\" alt=\"Metal\u0173 pjovimas lazeriu\" title=\"Metal\u0173 pjovimas lazeriu\" \/><\/a><\/li><\/ul><\/div><\/div><\/div><\/div><\/div><\/div>\n<\/section>","protected":false},"excerpt":{"rendered":"Pjauname \u012fvairius metalus CO2 tipo lazerio technologija. \u0160i paslauga leid\u017eia tiksliai ir efektyviai pjauti \u012fvairias metalo med\u017eiagas, \u012fskaitant plien\u0105, aliumin\u012f, ner\u016bdijant\u012f plien\u0105 ir kt. Lazerio pjovimo technologija u\u017etikrina auk\u0161ta pjovimo tikslum\u0105, minimal\u0173 deformacijos lygi ir minimal\u0173 med\u017eiag\u0173 nuostol\u012f. Metalo pjovimas lazeriu gali b\u016bti taikomas tiek ma\u017eojo masto u\u017esakymams, tiek dideliems gamybos projektams.","protected":false},"author":1,"featured_media":0,"parent":0,"menu_order":0,"comment_status":"closed","ping_status":"closed","template":"","meta":[],"yoast_head":"<!-- This site is optimized with the Yoast SEO plugin v21.4 - https:\/\/yoast.com\/wordpress\/plugins\/seo\/ -->\n<title>Metalo pjovimas lazeriu - UAB Amega<\/title>\n<meta name=\"description\" content=\"Gaminame bei projektuojame kokybi\u0161kas akumuliacines talpas. \u0160ios akumuliacin\u0117s talpos yra naudojamos energijos saugojimo sistemose, kurios...\" \/>\n<meta name=\"robots\" content=\"index, follow, max-snippet:-1, max-image-preview:large, max-video-preview:-1\" \/>\n<link rel=\"canonical\" href=\"https:\/\/amega.lt\/en\/metalo-pjovimas-lazeriu\/\" \/>\n<meta property=\"og:locale\" content=\"en_US\" \/>\n<meta property=\"og:type\" content=\"article\" \/>\n<meta property=\"og:title\" content=\"Metalo pjovimas lazeriu - UAB Amega\" \/>\n<meta property=\"og:description\" content=\"Gaminame bei projektuojame kokybi\u0161kas akumuliacines talpas. \u0160ios akumuliacin\u0117s talpos yra naudojamos energijos saugojimo sistemose, kurios...\" \/>\n<meta property=\"og:url\" content=\"https:\/\/amega.lt\/en\/metalo-pjovimas-lazeriu\/\" \/>\n<meta property=\"og:site_name\" content=\"UAB Amega\" \/>\n<meta property=\"article:modified_time\" content=\"2023-11-20T21:16:06+00:00\" \/>\n<meta name=\"twitter:card\" content=\"summary_large_image\" \/>\n<meta name=\"twitter:label1\" content=\"Est. reading time\" \/>\n\t<meta name=\"twitter:data1\" content=\"1 minute\" \/>\n<script type=\"application\/ld+json\" class=\"yoast-schema-graph\">{\"@context\":\"https:\/\/schema.org\",\"@graph\":[{\"@type\":\"WebPage\",\"@id\":\"https:\/\/amega.lt\/metalo-pjovimas-lazeriu\/\",\"url\":\"https:\/\/amega.lt\/metalo-pjovimas-lazeriu\/\",\"name\":\"Metalo pjovimas lazeriu - UAB Amega\",\"isPartOf\":{\"@id\":\"https:\/\/amega.lt\/#website\"},\"datePublished\":\"2023-10-11T04:27:14+00:00\",\"dateModified\":\"2023-11-20T21:16:06+00:00\",\"description\":\"Gaminame bei projektuojame kokybi\u0161kas akumuliacines talpas. \u0160ios akumuliacin\u0117s talpos yra naudojamos energijos saugojimo sistemose, kurios...\",\"breadcrumb\":{\"@id\":\"https:\/\/amega.lt\/metalo-pjovimas-lazeriu\/#breadcrumb\"},\"inLanguage\":\"en-US\",\"potentialAction\":[{\"@type\":\"ReadAction\",\"target\":[\"https:\/\/amega.lt\/metalo-pjovimas-lazeriu\/\"]}]},{\"@type\":\"BreadcrumbList\",\"@id\":\"https:\/\/amega.lt\/metalo-pjovimas-lazeriu\/#breadcrumb\",\"itemListElement\":[{\"@type\":\"ListItem\",\"position\":1,\"name\":\"Home\",\"item\":\"https:\/\/amega.lt\/\"},{\"@type\":\"ListItem\",\"position\":2,\"name\":\"Metalo pjovimas lazeriu\"}]},{\"@type\":\"WebSite\",\"@id\":\"https:\/\/amega.lt\/#website\",\"url\":\"https:\/\/amega.lt\/\",\"name\":\"UAB Amega\",\"description\":\"\",\"potentialAction\":[{\"@type\":\"SearchAction\",\"target\":{\"@type\":\"EntryPoint\",\"urlTemplate\":\"https:\/\/amega.lt\/?s={search_term_string}\"},\"query-input\":\"required name=search_term_string\"}],\"inLanguage\":\"en-US\"}]}<\/script>\n<!-- \/ Yoast SEO plugin. -->","yoast_head_json":{"title":"Metalo pjovimas lazeriu - UAB Amega","description":"Gaminame bei projektuojame kokybi\u0161kas akumuliacines talpas. \u0160ios akumuliacin\u0117s talpos yra naudojamos energijos saugojimo sistemose, kurios...","robots":{"index":"index","follow":"follow","max-snippet":"max-snippet:-1","max-image-preview":"max-image-preview:large","max-video-preview":"max-video-preview:-1"},"canonical":"https:\/\/amega.lt\/en\/metalo-pjovimas-lazeriu\/","og_locale":"en_US","og_type":"article","og_title":"Metalo pjovimas lazeriu - UAB Amega","og_description":"Gaminame bei projektuojame kokybi\u0161kas akumuliacines talpas. \u0160ios akumuliacin\u0117s talpos yra naudojamos energijos saugojimo sistemose, kurios...","og_url":"https:\/\/amega.lt\/en\/metalo-pjovimas-lazeriu\/","og_site_name":"UAB Amega","article_modified_time":"2023-11-20T21:16:06+00:00","twitter_card":"summary_large_image","twitter_misc":{"Est. reading time":"1 minute"},"schema":{"@context":"https:\/\/schema.org","@graph":[{"@type":"WebPage","@id":"https:\/\/amega.lt\/metalo-pjovimas-lazeriu\/","url":"https:\/\/amega.lt\/metalo-pjovimas-lazeriu\/","name":"Metalo pjovimas lazeriu - UAB Amega","isPartOf":{"@id":"https:\/\/amega.lt\/#website"},"datePublished":"2023-10-11T04:27:14+00:00","dateModified":"2023-11-20T21:16:06+00:00","description":"Gaminame bei projektuojame kokybi\u0161kas akumuliacines talpas. \u0160ios akumuliacin\u0117s talpos yra naudojamos energijos saugojimo sistemose, kurios...","breadcrumb":{"@id":"https:\/\/amega.lt\/metalo-pjovimas-lazeriu\/#breadcrumb"},"inLanguage":"en-US","potentialAction":[{"@type":"ReadAction","target":["https:\/\/amega.lt\/metalo-pjovimas-lazeriu\/"]}]},{"@type":"BreadcrumbList","@id":"https:\/\/amega.lt\/metalo-pjovimas-lazeriu\/#breadcrumb","itemListElement":[{"@type":"ListItem","position":1,"name":"Home","item":"https:\/\/amega.lt\/"},{"@type":"ListItem","position":2,"name":"Metalo pjovimas lazeriu"}]},{"@type":"WebSite","@id":"https:\/\/amega.lt\/#website","url":"https:\/\/amega.lt\/","name":"UAB Amega","description":"","potentialAction":[{"@type":"SearchAction","target":{"@type":"EntryPoint","urlTemplate":"https:\/\/amega.lt\/?s={search_term_string}"},"query-input":"required name=search_term_string"}],"inLanguage":"en-US"}]}},"_links":{"self":[{"href":"https:\/\/amega.lt\/en\/wp-json\/wp\/v2\/pages\/3168"}],"collection":[{"href":"https:\/\/amega.lt\/en\/wp-json\/wp\/v2\/pages"}],"about":[{"href":"https:\/\/amega.lt\/en\/wp-json\/wp\/v2\/types\/page"}],"author":[{"embeddable":true,"href":"https:\/\/amega.lt\/en\/wp-json\/wp\/v2\/users\/1"}],"replies":[{"embeddable":true,"href":"https:\/\/amega.lt\/en\/wp-json\/wp\/v2\/comments?post=3168"}],"version-history":[{"count":14,"href":"https:\/\/amega.lt\/en\/wp-json\/wp\/v2\/pages\/3168\/revisions"}],"predecessor-version":[{"id":3479,"href":"https:\/\/amega.lt\/en\/wp-json\/wp\/v2\/pages\/3168\/revisions\/3479"}],"wp:attachment":[{"href":"https:\/\/amega.lt\/en\/wp-json\/wp\/v2\/media?parent=3168"}],"curies":[{"name":"wp","href":"https:\/\/api.w.org\/{rel}","templated":true}]}}