{"id":3107,"date":"2023-08-07T21:53:07","date_gmt":"2023-08-07T21:53:07","guid":{"rendered":"https:\/\/lengvasaskaita.lt\/amedemo\/?page_id=3107"},"modified":"2023-10-11T04:02:32","modified_gmt":"2023-10-11T04:02:32","slug":"taisykles","status":"publish","type":"page","link":"https:\/\/amega.lt\/en\/taisykles\/","title":{"rendered":"Taisykl\u0117s"},"content":{"rendered":"<section class=\"wpb-content-wrapper\"><div class=\"vc_row wpb_row row top-row\"><div class=\"vc_column_container col-md-12\"><div class=\"wpb_wrapper vc_column-inner\">\n\t<div class=\"wpb_text_column wpb_content_element\" >\n\t\t<div class=\"wpb_wrapper\">\n\t\t\t<p><span style=\"font-size: 18px;\"><strong>Preki\u0173 pirkimo internetin\u0117je parduotuv\u0117je Amega.lt taisykl\u0117s<\/strong><\/span><\/p>\n<p>&nbsp;<\/p>\n<ol>\n<li><span style=\"font-size: 19px;\"><strong>Bendrosios nuostatos<\/strong><\/span><\/li>\n<\/ol>\n<p>1.1. \u0160ios preki\u0173 pirkimo taisykl\u0117s (toliau \u201eTaisykl\u0117s\u201c), jas patvirtinus Pirk\u0117jui (susipa\u017einus su Taisykl\u0117mis bei pa\u017eym\u0117jus varnel\u0119 prie teiginio \u201eSusipa\u017einau su amega.lt taisykl\u0117mis ir su jomis sutinku\u201c), yra privalomas teisinis dokumentas, kuriame nustatomos Pirk\u0117jo ir Pardav\u0117jo teis\u0117s bei pareigos, preki\u0173 \u012fsigijimo bei apmok\u0117jimo u\u017e jas s\u0105lygos, preki\u0173 pristatymo ir gr\u0105\u017einimo tvarka, \u0161ali\u0173 atsakomyb\u0117 bei kitos su preki\u0173 pirkimu\u2013pardavimu amega.lt internetin\u0117je parduotuv\u0117je susijusios nuostatos.<\/p>\n<p>1.2. Pardav\u0117jas pasilieka teis\u0119 pakeisti, pataisyti ar papildyti Taisykles. Pirk\u0117jas, kiekvieno prisijungimo prie puslapio metu, prival\u0117s i\u0161 naujo patvirtinti Taisykles.<\/p>\n<p>&nbsp;<\/p>\n<ol start=\"2\">\n<li><span style=\"font-size: 19px;\"><strong>Asmens duomen\u0173 apsauga<\/strong><\/span><\/li>\n<\/ol>\n<p>2.1 www.amega.lt turi teis\u0119 rinkti asmens duomenis, kuriuos Pirk\u0117jas pateik\u0117 amega.lt ir atskleisti juos tretiesiems asmenims, jeigu tai b\u016btina u\u017esakymo \u012fvykdymui. Pirk\u0117jo duomenys gali b\u016bti panaudoti informacijai tik gavus Pirk\u0117jo sutikim\u0105 (susipa\u017einus su Taisykl\u0117mis bei pa\u017eym\u0117jus varnel\u0119 prie teiginio \u201ePerskai\u010diau ir sutinku su Taisykl\u0117mis ir s\u0105lygomis\u201c). Pirk\u0117jas turi teis\u0119 bet kuriuo metu u\u017edrausti jo asmens duomen\u0173 rinkim\u0105 ir apdorojim\u0105, i\u0161skyrus atvejus, kai tai b\u016btina reikalavim\u0173, kylan\u010di\u0173 i\u0161 pirkimo \u2013 pardavimo sutarties, \u012fvykdymui arba u\u017esakymo \u012fvykdymui.<\/p>\n<p><strong>\u00a0<\/strong><\/p>\n<ol start=\"3\">\n<li><span style=\"font-size: 19px;\"><strong>Pirkimo \u2013 pardavimo sutarties \u012fsigaliojimas<\/strong><\/span><\/li>\n<\/ol>\n<p>3.1. Sutartis tarp Pirk\u0117jo ir Pardav\u0117jo laikoma sudaryta nuo to momento, kai Pirk\u0117jas, suformuoja preki\u0173 krep\u0161el\u012f ir u\u017e j\u012f apmoka.<\/p>\n<p>&nbsp;<\/p>\n<ol start=\"4\">\n<li><span style=\"font-size: 19px;\"><strong>Pirk\u0117jo teis\u0117s<\/strong><\/span><\/li>\n<\/ol>\n<p>4.1. Pirk\u0117jas turi teis\u0119 atsisakyti preki\u0173 pirkimo\u2013pardavimo sutarties, sudarytos su amega.lt\u00a0 internetine parduotuve, prane\u0161damas apie tai Pardav\u0117jui ra\u0161tu (elektroniniu pa\u0161tu, nurodant pageidaujam\u0105 gr\u0105\u017einti prek\u0119 ne v\u0117liau kaip per 14 (keturiolika) darbo dien\u0173 nuo daikto pristatymo dienos (\u0161is reikalavimas netaikomas kokyb\u0117s reikalavim\u0173 neatitinkantiems gaminiams).<\/p>\n<p>4.2. Numatyta teise Pirk\u0117jas gali pasinaudoti tik tuo atveju, jeigu prek\u0117 nebuvo sugadinta arba i\u0161 esm\u0117s nepasikeit\u0117 jos i\u0161vaizda, taip pat ji nebuvo naudojama.<\/p>\n<p>&nbsp;<\/p>\n<ol start=\"5\">\n<li><span style=\"font-size: 19px;\"><strong>Pirk\u0117jo \u012fsipareigojimai<\/strong><\/span><\/li>\n<\/ol>\n<p>5.1. Pirk\u0117jas privalo sumok\u0117ti preki\u0173 krep\u0161elyje nurodyt\u0105 sum\u0105.<\/p>\n<p>5.2. Jeigu pasikei\u010dia Pirk\u0117jo registracijos formoje pateikti duomenys, jis privalo nedelsdamas juos atnaujinti.<\/p>\n<p>5.3. Pirk\u0117jas, naudodamasis amega.lt internetine parduotuve, \u012fsipareigoja laikytis \u0161i\u0173 Taisykli\u0173, bei nepa\u017eeisti Lietuvos Respublikos teis\u0117s akt\u0173.<\/p>\n<p>5.4. Jei Pirk\u0117jas preki\u0173 pristatymo metu be svarbi\u0173 prie\u017eas\u010di\u0173 atsisako priimti prekes, Pirk\u0117jas privalo padengti preki\u0173 pristatymo ir gr\u0105\u017einimo i\u0161laidas.<\/p>\n<p>&nbsp;<\/p>\n<ol start=\"6\">\n<li><span style=\"font-size: 19px;\"><strong>Pardav\u0117jo teis\u0117s<\/strong><\/span><\/li>\n<\/ol>\n<p>6.1. Susidarius svarbioms aplinkyb\u0117ms, Pardav\u0117jas gali laikinai arba i\u0161 viso nutraukti internetin\u0117s parduotuv\u0117s veikl\u0105, apie tai i\u0161 anksto neprane\u0161\u0119 Pirk\u0117jui.<\/p>\n<p>6.2. Pardav\u0117jas turi teis\u0119 i\u0161 anksto neprane\u0161\u0119s Pirk\u0117jui anuliuoti jo u\u017esakym\u0105, jeigu Pirk\u0117jas, pasirink\u0119s atsiskaitymo ne grynaisiais pinigais numatytus apmok\u0117jimo b\u016bdus, nesumoka u\u017e prekes per 5 (penkias) darbo dienas.<\/p>\n<p>6.3. Amega.lt turi teis\u0119 atsisakyti sudarytos pirkimo\u2013pardavimo sutarties, jei baig\u0117si sutartyje nurodyt\u0173 preki\u0173 atsargos.<\/p>\n<p>&nbsp;<\/p>\n<ol start=\"7\">\n<li><span style=\"font-size: 19px;\"><strong>Pardav\u0117jo \u012fsipareigojimai<\/strong><\/span><\/li>\n<\/ol>\n<p>7.1. Pardav\u0117jas \u012fsipareigoja \u0161iose Taisykl\u0117se ir internetin\u0117je parduotuv\u0117je nustatytomis s\u0105lygomis sudaryti Pirk\u0117jui galimyb\u0119 naudotis internetin\u0117s parduotuv\u0117s Amega.lt teikiamomis paslaugomis.<\/p>\n<p>7.2. Pardav\u0117jas \u012fsipareigoja pristatyti Pirk\u0117jo u\u017esakytas prekes jo nurodytu adresu ir \u0161iose Taisykl\u0117se nurodytomis s\u0105lygomis.<\/p>\n<p>7.3. Pardav\u0117jas, d\u0117l svarbi\u0173 aplinkybi\u0173 negal\u0117damas pristatyti Pirk\u0117jui u\u017esakytos prek\u0117s, \u012fsipareigoja gr\u0105\u017einti Pirk\u0117jui sumok\u0117tus pinigus per 5 (penkias) darbo dienas, jeigu buvo atliktas i\u0161ankstinis apmok\u0117jimas.<\/p>\n<p>7.4. Pardav\u0117jas \u012fsipareigoja gerbti Pirk\u0117jo privatumo teis\u0119 \u012f jo asmenin\u0119 informacij\u0105, nurodyt\u0105 internetin\u0117s parduotuv\u0117s registracijos formoje, i\u0161skyrus Lietuvos Respublikos \u012fstatymuose nustatytus atvejus.<\/p>\n<p>&nbsp;<\/p>\n<ol start=\"8\">\n<li><span style=\"font-size: 19px;\"><strong>Preki\u0173 kainos ir apmok\u0117jimo tvarka<\/strong><\/span><\/li>\n<\/ol>\n<p>8.1. Preki\u0173 kainos internetin\u0117je parduotuv\u0117je ir suformuotame u\u017esakyme nurodomos eurais su PVM. Amega.lt pasilieka teis\u0119 keisti preki\u0173 kainas.<\/p>\n<p>&nbsp;<\/p>\n<ol start=\"9\">\n<li><span style=\"font-size: 19px;\"><strong>Preki\u0173 pristatymas<\/strong><\/span><\/li>\n<\/ol>\n<p>9.1. Pardav\u0117jas \u012fsipareigoja pristatyti prekes Pirk\u0117jui laikydamasis preki\u0173 apra\u0161ymuose nurodyt\u0173 termin\u0173. Kartu Pirk\u0117jas sutinka, jog i\u0161imtinais atvejais preki\u0173 pristatymas gali v\u0117luoti d\u0117l force majeure aplinkybi\u0173.<\/p>\n<p>9.2. Pirk\u0117jas, u\u017esakydamas prekes, \u012fsipareigoja nurodyti tiksli\u0105 preki\u0173 pristatymo viet\u0105.<\/p>\n<p>9.3. Pirk\u0117jas \u012fsipareigoja prekes priimti pats. Tuo atveju, kai jis preki\u0173 pats priimti negali, o prek\u0117s pristatytos nurodytu adresu ir remiantis kitais Pirk\u0117jo pateiktais duomenimis, Pirk\u0117jas neturi teis\u0117s reik\u0161ti Pardav\u0117jui pretenzij\u0173 d\u0117l preki\u0173 pristatymo netinkamam subjektui.<\/p>\n<p>9.4. Tuo atveju, kai Pirk\u0117jas, remdamasis \u0161iomis Taisykl\u0117mis, atsisako pirkimo\u2013pardavimo sutarties, jam tenka pareiga apmok\u0117ti visas tiesiogines preki\u0173 gr\u0105\u017einimo Pardav\u0117jui i\u0161laidas. \u0160i\u0173 Pardav\u0117jo i\u0161laid\u0173 suma i\u0161skai\u010diuojama i\u0161 gr\u0105\u017eintin\u0173 Pirk\u0117jui u\u017e prekes sumok\u0117t\u0173 pinig\u0173.<\/p>\n<p>9.6. Jei n\u0117ra galimyb\u0117s u\u017esakyt\u0173 preki\u0173 pristatyti viena siunta, tai amega.lt turi teis\u0119 pristatyti prekes keliomis siuntomis.<\/p>\n<p>9.7. Visais atvejais Pardav\u0117jas atleid\u017eiamas nuo atsakomyb\u0117s u\u017e preki\u0173 pristatymo termin\u0173 pa\u017eeidim\u0105, jeigu prek\u0117s Pirk\u0117jui n\u0117ra pristatomos arba pristatomos ne laiku d\u0117l Pirk\u0117jo kalt\u0117s arba d\u0117l nuo Pirk\u0117jo priklausan\u010di\u0173 aplinkybi\u0173.<\/p>\n<p>&nbsp;<\/p>\n<ol start=\"10\">\n<li><span style=\"font-size: 19px;\"><strong>Preki\u0173 kokyb\u0117 ir tinkamumas naudoti<\/strong><\/span><\/li>\n<\/ol>\n<p>10.1. Gr\u0105\u017einant nekokybi\u0161k\u0105 prek\u0119, gr\u0105\u017einimo ka\u0161tus padengia Pardav\u0117jas.<\/p>\n<p>10.2. Visos prek\u0117s, parduodamos amega.lt yra naujos (i\u0161skyrus atvejus, kai prek\u0117s pirkimo laukelyje yra pa\u017eym\u0117ta, jog prek\u0117 brokuota, praradusi prekin\u0119 i\u0161vaizd\u0105 ir pan.), laikomos kokybi\u0161kose sand\u0117liavimo patalpose. Ta\u010diau prek\u0117 n\u0117ra laikoma nekokybi\u0161ka, jei ant jos galima pasteb\u0117ti smulki\u0173 pakavimo ar transportavimo pa\u017eeidim\u0173.<\/p>\n<p>10.3. Apie gautas nekokybi\u0161kas prekes nedelsiant informuokite el. pa\u0161tu info@amega.lt<\/p>\n<p>&nbsp;<\/p>\n<ol start=\"11\">\n<li><span style=\"font-size: 19px;\"><strong>Preki\u0173 gr\u0105\u017einimas ir keitimas<\/strong><\/span><\/li>\n<\/ol>\n<p>11.1 Apie preki\u0173 gr\u0105\u017einim\u0105 Pirk\u0117jas informuoja Pardav\u0117j\u0105 el. pa\u0161tu info@amega.lt, lai\u0161ko \u201eSubject\u201c eilut\u0117je nurodant preki\u0173 \u012fsigijimo PVM s\u0105skaitos-fakt\u016bros numer\u012f ir priera\u0161\u0105 \u201eGr\u0105\u017einamos prek\u0117s\u201c. Lai\u0161ke nurodomas prek\u0117s pavadinimas ir trumpai apra\u0161oma prek\u0117s (-i\u0173) gr\u0105\u017einimo prie\u017eastis. Kokybi\u0161kos prek\u0117s privalo b\u016bti gr\u0105\u017einamos tiksliai tokios b\u016bkl\u0117s, koki\u0105 gavo Pirk\u0117jas \u2014 originalioje pakuot\u0117je, nepa\u017eeistos, nenaudotos ir nepraradusios savo prekin\u0117s i\u0161vaizdos. Gra\u017einamos prek\u0117s turi b\u016bti saugiai supakuotos, pridedama gauta s\u0105skaita ir siun\u010diamos \u012f m\u016bs\u0173 biur\u0105 adresu: Draugyst\u0117s g. 15 C LT-51227, Kaunas, Lietuva.<\/p>\n<p>11.2. Jeigu gr\u0105\u017einamos nekokybi\u0161kos prek\u0117s (pvz., sulankstytos, \u012fbr\u0117\u017etos ir pan.) siuntimo i\u0161laidas apmoka Pirk\u0117jas. Jeigu gr\u0105\u017einamos kokybi\u0161kos prek\u0117s, siuntos i\u0161laidas apmoka pirk\u0117jas. Gav\u0119s gr\u0105\u017einamas prekes, Pardav\u0117jas informuos atskiru el. lai\u0161ku, ir, kaip numato Europos S\u0105jungos el. prekyb\u0105 reglamentuojantys \u012fstatymai, gr\u0105\u017eins Pirk\u0117jui pinigus \u012f nurodyt\u0105 s\u0105skait\u0105 arba pakeis prek\u0119 kita.Tuo atveju, jeigu Pirk\u0117jo siuntai buvo taikomas transportavimo mokestis, preki\u0173 pristatymo i\u0161laidos nebus gr\u0105\u017eintos.<\/p>\n<p>11.3. Gr\u0105\u017einama prek\u0117 turi b\u016bti originalioje tvarkingoje pakuot\u0117je, pirk\u0117jo nesugadinta, nepraradusi prekin\u0117s i\u0161vaizdos (nepa\u017eeistos etiket\u0117s, nenupl\u0117\u0161tos apsaugin\u0117s pl\u0117vel\u0117s ir kt. (\u0161is punktas netaikomas tuo atveju, kai gr\u0105\u017einama nekokybi\u0161ka prek\u0117), tos pa\u010dios komplektacijos, kokios buvo Pirk\u0117jo gauta, b\u016btinai pateikiant prek\u0117s \u012fsigijimo patvirtinim\u0105.<\/p>\n<p>11.4. Pardav\u0117jas turi teis\u0119 nepriimti Pirk\u0117jo gr\u0105\u017einam\u0173 preki\u0173, jei Pirk\u0117jas nesilaiko \u0161iame straipsnyje nustatytos preki\u0173 gr\u0105\u017einimo tvarkos.<\/p>\n<p><strong>\u00a0<\/strong><\/p>\n<ol start=\"12\">\n<li><span style=\"font-size: 19px;\"><strong>Atsakomyb\u0117<\/strong><\/span><\/li>\n<\/ol>\n<p>12.1. Pirk\u0117jas yra visi\u0161kai atsakingas u\u017e registracijos formoje pateikt\u0173 duomen\u0173 teisingum\u0105. Jei Pirk\u0117jas nepateikia registracijos formoje tiksli\u0173 duomen\u0173, Pardav\u0117jas neatsako u\u017e d\u0117l to atsiradusius padarinius.<\/p>\n<p>12.2. Pirk\u0117jas atsako u\u017e veiksmus, atliktus naudojantis \u0161ia internetine parduotuve.<\/p>\n<p>12.3. Pardav\u0117jas atleid\u017eiamas nuo bet kokios atsakomyb\u0117s tais atvejais, kai nuostoliai kyla d\u0117l to, jog Pirk\u0117jas, neatsi\u017evelgdamas \u012f Pardav\u0117jo rekomendacijas ir savo \u012fsipareigojimus, nesusipa\u017eino su \u0161iomis Taisykl\u0117mis, nors tokia galimyb\u0117 jam buvo suteikta.<\/p>\n<p>&nbsp;<\/p>\n<ol start=\"13\">\n<li><span style=\"font-size: 19px;\"><strong>Apsikeitimas informacija<\/strong><\/span><\/li>\n<\/ol>\n<p>13.1. Pardav\u0117jas visus prane\u0161imus siun\u010dia Pirk\u0117jo registracijos formoje pateiktu elektroninio pa\u0161to adresu.<\/p>\n<p>13.2. Pirk\u0117jas visus prane\u0161imus ir klausimus siun\u010dia Pardav\u0117jo internetin\u0117s parduotuv\u0117s skyriuje \u201eKontaktai\u201c nurodytomis susisiekimo priemon\u0117mis.<\/p>\n<p>&nbsp;<\/p>\n<ol start=\"14\">\n<li><span style=\"font-size: 19px;\"><strong>Baigiamosios nuostatos<\/strong><\/span><\/li>\n<\/ol>\n<p>14.1. \u0160i\u0173 taisykli\u0173 pagrindu kylantiems santykiams taikoma LR teis\u0117.<\/p>\n<p>14.2. Visi nesutarimai, kil\u0119 d\u0117l \u0161i\u0173 taisykli\u0173 vykdymo, sprend\u017eiami deryb\u0173 b\u016bdu. Nepavykus susitarti, gin\u010dai sprend\u017eiami LR \u012fstatym\u0173 nustatyta tvarka.<\/p>\n\n\t\t<\/div>\n\t<\/div>\n<\/div><\/div><\/div>\n<\/section>","protected":false},"excerpt":{"rendered":"Preki\u0173 pirkimo internetin\u0117je parduotuv\u0117je Amega.lt taisykl\u0117s &nbsp; Bendrosios nuostatos 1.1. \u0160ios preki\u0173 pirkimo taisykl\u0117s (toliau \u201eTaisykl\u0117s\u201c), jas patvirtinus Pirk\u0117jui (susipa\u017einus su Taisykl\u0117mis bei pa\u017eym\u0117jus varnel\u0119 prie teiginio \u201eSusipa\u017einau su amega.lt taisykl\u0117mis ir su jomis sutinku\u201c), yra privalomas teisinis dokumentas, kuriame nustatomos Pirk\u0117jo ir Pardav\u0117jo teis\u0117s bei pareigos, preki\u0173 \u012fsigijimo bei apmok\u0117jimo u\u017e jas s\u0105lygos, preki\u0173 [...]","protected":false},"author":1,"featured_media":0,"parent":0,"menu_order":0,"comment_status":"closed","ping_status":"closed","template":"","meta":[],"yoast_head":"<!-- This site is optimized with the Yoast SEO plugin v21.4 - https:\/\/yoast.com\/wordpress\/plugins\/seo\/ -->\n<title>Taisykl\u0117s - UAB Amega<\/title>\n<meta name=\"robots\" content=\"index, follow, max-snippet:-1, max-image-preview:large, max-video-preview:-1\" \/>\n<link rel=\"canonical\" href=\"https:\/\/amega.lt\/en\/taisykles\/\" \/>\n<meta property=\"og:locale\" content=\"en_US\" \/>\n<meta property=\"og:type\" content=\"article\" \/>\n<meta property=\"og:title\" content=\"Taisykl\u0117s - UAB Amega\" \/>\n<meta property=\"og:url\" content=\"https:\/\/amega.lt\/en\/taisykles\/\" \/>\n<meta property=\"og:site_name\" content=\"UAB Amega\" \/>\n<meta property=\"article:modified_time\" content=\"2023-10-11T04:02:32+00:00\" \/>\n<meta name=\"twitter:card\" content=\"summary_large_image\" \/>\n<meta name=\"twitter:label1\" content=\"Est. reading time\" \/>\n\t<meta name=\"twitter:data1\" content=\"7 minutes\" \/>\n<script type=\"application\/ld+json\" class=\"yoast-schema-graph\">{\"@context\":\"https:\/\/schema.org\",\"@graph\":[{\"@type\":\"WebPage\",\"@id\":\"https:\/\/amega.lt\/taisykles\/\",\"url\":\"https:\/\/amega.lt\/taisykles\/\",\"name\":\"Taisykl\u0117s - UAB Amega\",\"isPartOf\":{\"@id\":\"https:\/\/amega.lt\/#website\"},\"datePublished\":\"2023-08-07T21:53:07+00:00\",\"dateModified\":\"2023-10-11T04:02:32+00:00\",\"breadcrumb\":{\"@id\":\"https:\/\/amega.lt\/taisykles\/#breadcrumb\"},\"inLanguage\":\"en-US\",\"potentialAction\":[{\"@type\":\"ReadAction\",\"target\":[\"https:\/\/amega.lt\/taisykles\/\"]}]},{\"@type\":\"BreadcrumbList\",\"@id\":\"https:\/\/amega.lt\/taisykles\/#breadcrumb\",\"itemListElement\":[{\"@type\":\"ListItem\",\"position\":1,\"name\":\"Home\",\"item\":\"https:\/\/amega.lt\/\"},{\"@type\":\"ListItem\",\"position\":2,\"name\":\"Taisykl\u0117s\"}]},{\"@type\":\"WebSite\",\"@id\":\"https:\/\/amega.lt\/#website\",\"url\":\"https:\/\/amega.lt\/\",\"name\":\"UAB Amega\",\"description\":\"\",\"potentialAction\":[{\"@type\":\"SearchAction\",\"target\":{\"@type\":\"EntryPoint\",\"urlTemplate\":\"https:\/\/amega.lt\/?s={search_term_string}\"},\"query-input\":\"required name=search_term_string\"}],\"inLanguage\":\"en-US\"}]}<\/script>\n<!-- \/ Yoast SEO plugin. -->","yoast_head_json":{"title":"Taisykl\u0117s - UAB Amega","robots":{"index":"index","follow":"follow","max-snippet":"max-snippet:-1","max-image-preview":"max-image-preview:large","max-video-preview":"max-video-preview:-1"},"canonical":"https:\/\/amega.lt\/en\/taisykles\/","og_locale":"en_US","og_type":"article","og_title":"Taisykl\u0117s - UAB Amega","og_url":"https:\/\/amega.lt\/en\/taisykles\/","og_site_name":"UAB Amega","article_modified_time":"2023-10-11T04:02:32+00:00","twitter_card":"summary_large_image","twitter_misc":{"Est. reading time":"7 minutes"},"schema":{"@context":"https:\/\/schema.org","@graph":[{"@type":"WebPage","@id":"https:\/\/amega.lt\/taisykles\/","url":"https:\/\/amega.lt\/taisykles\/","name":"Taisykl\u0117s - UAB Amega","isPartOf":{"@id":"https:\/\/amega.lt\/#website"},"datePublished":"2023-08-07T21:53:07+00:00","dateModified":"2023-10-11T04:02:32+00:00","breadcrumb":{"@id":"https:\/\/amega.lt\/taisykles\/#breadcrumb"},"inLanguage":"en-US","potentialAction":[{"@type":"ReadAction","target":["https:\/\/amega.lt\/taisykles\/"]}]},{"@type":"BreadcrumbList","@id":"https:\/\/amega.lt\/taisykles\/#breadcrumb","itemListElement":[{"@type":"ListItem","position":1,"name":"Home","item":"https:\/\/amega.lt\/"},{"@type":"ListItem","position":2,"name":"Taisykl\u0117s"}]},{"@type":"WebSite","@id":"https:\/\/amega.lt\/#website","url":"https:\/\/amega.lt\/","name":"UAB Amega","description":"","potentialAction":[{"@type":"SearchAction","target":{"@type":"EntryPoint","urlTemplate":"https:\/\/amega.lt\/?s={search_term_string}"},"query-input":"required name=search_term_string"}],"inLanguage":"en-US"}]}},"_links":{"self":[{"href":"https:\/\/amega.lt\/en\/wp-json\/wp\/v2\/pages\/3107"}],"collection":[{"href":"https:\/\/amega.lt\/en\/wp-json\/wp\/v2\/pages"}],"about":[{"href":"https:\/\/amega.lt\/en\/wp-json\/wp\/v2\/types\/page"}],"author":[{"embeddable":true,"href":"https:\/\/amega.lt\/en\/wp-json\/wp\/v2\/users\/1"}],"replies":[{"embeddable":true,"href":"https:\/\/amega.lt\/en\/wp-json\/wp\/v2\/comments?post=3107"}],"version-history":[{"count":4,"href":"https:\/\/amega.lt\/en\/wp-json\/wp\/v2\/pages\/3107\/revisions"}],"predecessor-version":[{"id":3153,"href":"https:\/\/amega.lt\/en\/wp-json\/wp\/v2\/pages\/3107\/revisions\/3153"}],"wp:attachment":[{"href":"https:\/\/amega.lt\/en\/wp-json\/wp\/v2\/media?parent=3107"}],"curies":[{"name":"wp","href":"https:\/\/api.w.org\/{rel}","templated":true}]}}