{"id":3105,"date":"2023-08-07T21:37:49","date_gmt":"2023-08-07T21:37:49","guid":{"rendered":"https:\/\/lengvasaskaita.lt\/amedemo\/?page_id=3105"},"modified":"2023-08-07T21:37:49","modified_gmt":"2023-08-07T21:37:49","slug":"privatumo-politika","status":"publish","type":"page","link":"https:\/\/amega.lt\/en\/privatumo-politika\/","title":{"rendered":"Privacy policy"},"content":{"rendered":"<p>\u0160i privatumo politika (toliau \u2013 Politika) reglamentuoja UAB \u201cAmega\u201d, \u012fm. k. 302467404, PVM kodas LT100005175412, registruotos buvein\u0117s adresas: Draugyst\u0117s g. 15 C, LT-51227, Kaunas, (toliau \u2013 UAB \u201cAmega\u201d, toliau kartu \u2013 mes), vykdomo asmens duomen\u0173 tvarkymo principus ir tvark\u0105 bei m\u016bs\u0173 bendrai valdomos interneto svetain\u0117s\u00a0 \/ (toliau \u2013 Interneto svetain\u0117), veikimo s\u0105lygas.<\/p>\n<ol>\n<li><span style=\"font-size: 18px;\">UAB \u201cAmega\u201d gerbia lankytoj\u0173 bei klient\u0173 privatum\u0105 ir u\u017etikrina asmens duomen\u0173, pateikt\u0173 naudojantis svetaine, saugum\u0105 ir konfidencialum\u0105 pagal Privatumo politikoje i\u0161d\u0117stytas s\u0105lygas. Privatumo politikos tikslas informuoti tinklapio klientus ir lankytojus, apsaugoti ir ginti j\u0173 asmenin\u0119 informacij\u0105 nuo neteis\u0117to naudojimo. <\/span><\/li>\n<li><span style=\"font-size: 18px;\">Privatumo politika yra privaloma, bet kuriam asmeniui, kuris lankosi m\u016bs\u0173 svetain\u0117je ir perka gaminius bei kitaip naudojasi svetaine. Jeigu J\u016bs nesutinkate su \u0161ia Privatumo politika, J\u016bs taip pat turite teis\u0119 toliau naudotis \u0161ia svetaine be apribojim\u0173.<\/span><\/li>\n<li><span style=\"font-size: 18px;\">U\u017e J\u016bs\u0173 asmens duomen\u0173 tvarkym\u0105, m\u016bs\u0173 www.amega.lt internetin\u0117je svetain\u0117je, atsakinga UAB \u201cAmega\u201d.<\/span><\/li>\n<li><span style=\"font-size: 18px;\">Svetain\u0117 automati\u0161kai nerenka joki\u0173 J\u016bs\u0173 asmenini\u0173 duomen\u0173. Tinklapyje naudojami Slapukai skirti u\u017etikrinti taisykling\u0105 tinklapio veikim\u0105 ir J\u016bs\u0173 nar\u0161ymo patirt\u012f.<\/span><\/li>\n<li><span style=\"font-size: 18px;\">UAB \u201cAmega\u201d tretiesiems asmenims nesuteikia prieigos prie J\u016bs\u0173 asmenin\u0117s informacijos, taip pat neparduoda jokios informacijos apie Jus jokiems tretiesiems asmenims.<\/span><\/li>\n<li><span style=\"font-size: 18px;\">M\u016bs\u0173 interneto svetain\u0117 taip pat naudoja kai kuriuos tre\u010di\u0173j\u0173 \u0161ali\u0173 (Google, YouTube) \u012frankius ir \u0161io tre\u010dios \u0161alys taip pat gali naudoti slapukus per M\u016bs\u0173 Interneto tinklalap\u012f.<\/span><\/li>\n<li><span style=\"font-size: 18px;\">M\u016bs\u0173 Interneto parduotuv\u0117je yra naudojama u\u017eklausos forma, kurioje j\u016bs pateikiate mums klausim\u0105, savo vard\u0105 ir el.pa\u0161t\u0105, taip pat perkant gaminius nurodote duomenis susijusius su gaminio pristatymu nurodytu adresu. \u0160ie duomenys naudojami susisiekti su klausim\u0105 pateikusiu \u017emogumi ir su\u017einoti poreik\u012f susijus\u012f su pateiktu klausimu. Asmens duomenys gauti tokiu b\u016bdu kaupiami ir saugomi iki sekan\u010dio pirkimo.<\/span><\/li>\n<li><span style=\"font-size: 18px;\">Daugiau informacijos apie m\u016bs\u0173 svetain\u0117je naudojamus slapukus rasite m\u016bs\u0173 Slapuk\u0173 politikoje<\/span><\/li>\n<li><span style=\"font-size: 18px;\">UAB \u201cAmega\u201d pasilieka sau teis\u0119 laikas nuo laiko savo nuo\u017ei\u016bra koreguoti \u0161i\u0105 Privatumo politik\u0105 ar bet kuri\u0105 jos dal\u012f ir bet kuri\u0105 su tuo susijusi\u0105 informacij\u0105.<\/span><\/li>\n<\/ol>","protected":false},"excerpt":{"rendered":"<p>\u0160i privatumo politika (toliau \u2013 Politika) reglamentuoja UAB \u201cAmega\u201d, \u012fm. k. 302467404, PVM kodas LT100005175412, registruotos buvein\u0117s adresas: Draugyst\u0117s g. 15 C, LT-51227, Kaunas, (toliau \u2013 UAB \u201cAmega\u201d, toliau kartu \u2013 mes), vykdomo asmens duomen\u0173 tvarkymo principus ir tvark\u0105 bei m\u016bs\u0173 bendrai valdomos interneto svetain\u0117s\u00a0 \/ (toliau \u2013 Interneto svetain\u0117), veikimo s\u0105lygas. UAB \u201cAmega\u201d gerbia [&hellip;]<\/p>","protected":false},"author":1,"featured_media":0,"parent":0,"menu_order":0,"comment_status":"closed","ping_status":"closed","template":"","meta":[],"yoast_head":"<!-- This site is optimized with the Yoast SEO plugin v21.4 - https:\/\/yoast.com\/wordpress\/plugins\/seo\/ -->\n<title>Privatumo politika - UAB Amega<\/title>\n<meta name=\"robots\" content=\"index, follow, max-snippet:-1, max-image-preview:large, max-video-preview:-1\" \/>\n<link rel=\"canonical\" href=\"https:\/\/amega.lt\/en\/privatumo-politika\/\" \/>\n<meta property=\"og:locale\" content=\"en_US\" \/>\n<meta property=\"og:type\" content=\"article\" \/>\n<meta property=\"og:title\" content=\"Privatumo politika - UAB Amega\" \/>\n<meta property=\"og:description\" content=\"\u0160i privatumo politika (toliau \u2013 Politika) reglamentuoja UAB \u201cAmega\u201d, \u012fm. k. 302467404, PVM kodas LT100005175412, registruotos buvein\u0117s adresas: Draugyst\u0117s g. 15 C, LT-51227, Kaunas, (toliau \u2013 UAB \u201cAmega\u201d, toliau kartu \u2013 mes), vykdomo asmens duomen\u0173 tvarkymo principus ir tvark\u0105 bei m\u016bs\u0173 bendrai valdomos interneto svetain\u0117s\u00a0 \/ (toliau \u2013 Interneto svetain\u0117), veikimo s\u0105lygas. UAB \u201cAmega\u201d gerbia [&hellip;]\" \/>\n<meta property=\"og:url\" content=\"https:\/\/amega.lt\/en\/privatumo-politika\/\" \/>\n<meta property=\"og:site_name\" content=\"UAB Amega\" \/>\n<meta name=\"twitter:card\" content=\"summary_large_image\" \/>\n<meta name=\"twitter:label1\" content=\"Est. reading time\" \/>\n\t<meta name=\"twitter:data1\" content=\"2 minutes\" \/>\n<script type=\"application\/ld+json\" class=\"yoast-schema-graph\">{\"@context\":\"https:\/\/schema.org\",\"@graph\":[{\"@type\":\"WebPage\",\"@id\":\"https:\/\/amega.lt\/privatumo-politika\/\",\"url\":\"https:\/\/amega.lt\/privatumo-politika\/\",\"name\":\"Privatumo politika - UAB Amega\",\"isPartOf\":{\"@id\":\"https:\/\/amega.lt\/#website\"},\"datePublished\":\"2023-08-07T21:37:49+00:00\",\"dateModified\":\"2023-08-07T21:37:49+00:00\",\"breadcrumb\":{\"@id\":\"https:\/\/amega.lt\/privatumo-politika\/#breadcrumb\"},\"inLanguage\":\"en-US\",\"potentialAction\":[{\"@type\":\"ReadAction\",\"target\":[\"https:\/\/amega.lt\/privatumo-politika\/\"]}]},{\"@type\":\"BreadcrumbList\",\"@id\":\"https:\/\/amega.lt\/privatumo-politika\/#breadcrumb\",\"itemListElement\":[{\"@type\":\"ListItem\",\"position\":1,\"name\":\"Home\",\"item\":\"https:\/\/amega.lt\/\"},{\"@type\":\"ListItem\",\"position\":2,\"name\":\"Privatumo politika\"}]},{\"@type\":\"WebSite\",\"@id\":\"https:\/\/amega.lt\/#website\",\"url\":\"https:\/\/amega.lt\/\",\"name\":\"UAB Amega\",\"description\":\"\",\"potentialAction\":[{\"@type\":\"SearchAction\",\"target\":{\"@type\":\"EntryPoint\",\"urlTemplate\":\"https:\/\/amega.lt\/?s={search_term_string}\"},\"query-input\":\"required name=search_term_string\"}],\"inLanguage\":\"en-US\"}]}<\/script>\n<!-- \/ Yoast SEO plugin. -->","yoast_head_json":{"title":"Privatumo politika - UAB Amega","robots":{"index":"index","follow":"follow","max-snippet":"max-snippet:-1","max-image-preview":"max-image-preview:large","max-video-preview":"max-video-preview:-1"},"canonical":"https:\/\/amega.lt\/en\/privatumo-politika\/","og_locale":"en_US","og_type":"article","og_title":"Privatumo politika - UAB Amega","og_description":"\u0160i privatumo politika (toliau \u2013 Politika) reglamentuoja UAB \u201cAmega\u201d, \u012fm. k. 302467404, PVM kodas LT100005175412, registruotos buvein\u0117s adresas: Draugyst\u0117s g. 15 C, LT-51227, Kaunas, (toliau \u2013 UAB \u201cAmega\u201d, toliau kartu \u2013 mes), vykdomo asmens duomen\u0173 tvarkymo principus ir tvark\u0105 bei m\u016bs\u0173 bendrai valdomos interneto svetain\u0117s\u00a0 \/ (toliau \u2013 Interneto svetain\u0117), veikimo s\u0105lygas. UAB \u201cAmega\u201d gerbia [&hellip;]","og_url":"https:\/\/amega.lt\/en\/privatumo-politika\/","og_site_name":"UAB Amega","twitter_card":"summary_large_image","twitter_misc":{"Est. reading time":"2 minutes"},"schema":{"@context":"https:\/\/schema.org","@graph":[{"@type":"WebPage","@id":"https:\/\/amega.lt\/privatumo-politika\/","url":"https:\/\/amega.lt\/privatumo-politika\/","name":"Privatumo politika - UAB Amega","isPartOf":{"@id":"https:\/\/amega.lt\/#website"},"datePublished":"2023-08-07T21:37:49+00:00","dateModified":"2023-08-07T21:37:49+00:00","breadcrumb":{"@id":"https:\/\/amega.lt\/privatumo-politika\/#breadcrumb"},"inLanguage":"en-US","potentialAction":[{"@type":"ReadAction","target":["https:\/\/amega.lt\/privatumo-politika\/"]}]},{"@type":"BreadcrumbList","@id":"https:\/\/amega.lt\/privatumo-politika\/#breadcrumb","itemListElement":[{"@type":"ListItem","position":1,"name":"Home","item":"https:\/\/amega.lt\/"},{"@type":"ListItem","position":2,"name":"Privatumo politika"}]},{"@type":"WebSite","@id":"https:\/\/amega.lt\/#website","url":"https:\/\/amega.lt\/","name":"UAB Amega","description":"","potentialAction":[{"@type":"SearchAction","target":{"@type":"EntryPoint","urlTemplate":"https:\/\/amega.lt\/?s={search_term_string}"},"query-input":"required name=search_term_string"}],"inLanguage":"en-US"}]}},"_links":{"self":[{"href":"https:\/\/amega.lt\/en\/wp-json\/wp\/v2\/pages\/3105"}],"collection":[{"href":"https:\/\/amega.lt\/en\/wp-json\/wp\/v2\/pages"}],"about":[{"href":"https:\/\/amega.lt\/en\/wp-json\/wp\/v2\/types\/page"}],"author":[{"embeddable":true,"href":"https:\/\/amega.lt\/en\/wp-json\/wp\/v2\/users\/1"}],"replies":[{"embeddable":true,"href":"https:\/\/amega.lt\/en\/wp-json\/wp\/v2\/comments?post=3105"}],"version-history":[{"count":1,"href":"https:\/\/amega.lt\/en\/wp-json\/wp\/v2\/pages\/3105\/revisions"}],"predecessor-version":[{"id":3106,"href":"https:\/\/amega.lt\/en\/wp-json\/wp\/v2\/pages\/3105\/revisions\/3106"}],"wp:attachment":[{"href":"https:\/\/amega.lt\/en\/wp-json\/wp\/v2\/media?parent=3105"}],"curies":[{"name":"wp","href":"https:\/\/api.w.org\/{rel}","templated":true}]}}