{"id":3094,"date":"2023-08-07T13:23:10","date_gmt":"2023-08-07T13:23:10","guid":{"rendered":"https:\/\/lengvasaskaita.lt\/amedemo\/?page_id=3094"},"modified":"2024-01-14T14:12:42","modified_gmt":"2024-01-14T14:12:42","slug":"prekiu-pritatymas-ir-grazinimas-keitimas","status":"publish","type":"page","link":"https:\/\/amega.lt\/en\/prekiu-pritatymas-ir-grazinimas-keitimas\/","title":{"rendered":"Preki\u0173 pristatymas ir gr\u0105\u017einimas \/ keitimas"},"content":{"rendered":"<ol>\r\n<li><span style=\"font-size: 18px;\">Pardav\u0117jas \u012fsipareigoja pristatyti prekes Pirk\u0117jui laikydamasis preki\u0173 apra\u0161ymuose nurodyt\u0173 termin\u0173. Kartu Pirk\u0117jas sutinka, jog i\u0161imtinais atvejais preki\u0173 pristatymas gali v\u0117luoti d\u0117l force majeure aplinkybi\u0173.<\/span><\/li>\r\n<li><span style=\"font-size: 18px;\">Pirk\u0117jas, u\u017esakydamas prekes, \u012fsipareigoja nurodyti tiksli\u0105 preki\u0173 pristatymo viet\u0105.<\/span><\/li>\r\n<li><span style=\"font-size: 18px;\">Pirk\u0117jas \u012fsipareigoja prekes priimti pats. Tuo atveju, kai jis preki\u0173 pats priimti negali, o prek\u0117s pristatytos nurodytu adresu ir remiantis kitais Pirk\u0117jo pateiktais duomenimis, Pirk\u0117jas neturi teis\u0117s reik\u0161ti Pardav\u0117jui pretenzij\u0173 d\u0117l preki\u0173 pristatymo netinkamam subjektui.<\/span><\/li>\r\n<li><span style=\"color: #777777; font-size: 18px;\">Preki\u0173 pristatymo b\u016bdai: LP Express pa\u0161tomatas, DPD pa\u0161tomatas, Omniva pa\u0161tomatas,\u00a0 atsi\u0117mimas vietoje Draugyst\u0117s g. 15C &#8211; nemokamai. Preki\u0173 pristatymo mokestis\u00a0 kurjeriu 12 eur\u0173.<\/span><\/li>\r\n<li><span style=\"font-size: 18px;\">Visais atvejais Pardav\u0117jas atleid\u017eiamas nuo atsakomyb\u0117s u\u017e preki\u0173 pristatymo termin\u0173 pa\u017eeidim\u0105, jeigu prek\u0117s Pirk\u0117jui n\u0117ra pristatomos arba pristatomos ne laiku d\u0117l Pirk\u0117jo kalt\u0117s arba d\u0117l nuo Pirk\u0117jo priklausan\u010di\u0173 aplinkybi\u0173.<\/span><\/li>\r\n<li><span style=\"font-size: 18px;\">Apie preki\u0173 gr\u0105\u017einim\u0105 Pirk\u0117jas informuoja Pardav\u0117j\u0105 el. pa\u0161tu sigitas@amega.lt, lai\u0161ko \u201eSubject\u201c eilut\u0117je nurodant preki\u0173 \u012fsigijimo PVM s\u0105skaitos-fakt\u016bros numer\u012f ir priera\u0161\u0105 \u201eGr\u0105\u017einamos prek\u0117s\u201c. Lai\u0161ke nurodomas prek\u0117s pavadinimas ir trumpai apra\u0161oma prek\u0117s (-i\u0173) gr\u0105\u017einimo prie\u017eastis. Kokybi\u0161kos prek\u0117s privalo b\u016bti gr\u0105\u017einamos tiksliai tokios b\u016bkl\u0117s, koki\u0105 gavo Pirk\u0117jas \u2014 originalioje pakuot\u0117je, nepa\u017eeistos, nenaudotos ir nepraradusios savo prekin\u0117s i\u0161vaizdos. Gra\u017einamos prek\u0117s turi b\u016bti saugiai supakuotos, pridedama gauta s\u0105skaita ir siun\u010diamos \u012f m\u016bs\u0173 biur\u0105 adresu: Draugyst\u0117s g. 15C, LT-51227, Kaunas, Lietuva.<\/span><\/li>\r\n<\/ol>\r\n<p style=\"background: white; margin: 0cm 0cm 22.5pt 0cm;\"><span style=\"font-family: Roboto, 'serif'; color: #000000; font-size: 18px;\">Jeigu turite klausim\u0173, skambinkite telefonu +37068646442 arba ra\u0161ykite el.pa\u0161tu sigitas@amega.lt.<\/span><\/p>\r\n<p style=\"background: white; margin: 0cm 0cm 22.5pt 0cm;\"><span style=\"font-family: Roboto, 'serif'; color: black; font-size: 18px;\">Kaip numato Europos S\u0105jungos el. prekyb\u0105 reglamentuojantys \u012fstatymai, gr\u0105\u017eins Pirk\u0117jui pinigus \u012f nurodyt\u0105 s\u0105skait\u0105 arba pakeis prek\u0119 kita.<\/span><\/p>\r\n<p style=\"margin: 0cm; margin-bottom: .0001pt; background: white;\"><span style=\"font-family: Roboto, 'serif'; color: black; font-size: 18px;\">\u0160ios preki\u0173 gr\u0105\u017einimo taisykl\u0117s galioja perkant internetu.<\/span><\/p>","protected":false},"excerpt":{"rendered":"<p>Pardav\u0117jas \u012fsipareigoja pristatyti prekes Pirk\u0117jui laikydamasis preki\u0173 apra\u0161ymuose nurodyt\u0173 termin\u0173. Kartu Pirk\u0117jas sutinka, jog i\u0161imtinais atvejais preki\u0173 pristatymas gali v\u0117luoti d\u0117l force majeure aplinkybi\u0173. Pirk\u0117jas, u\u017esakydamas prekes, \u012fsipareigoja nurodyti tiksli\u0105 preki\u0173 pristatymo viet\u0105. Pirk\u0117jas \u012fsipareigoja prekes priimti pats. Tuo atveju, kai jis preki\u0173 pats priimti negali, o prek\u0117s pristatytos nurodytu adresu ir remiantis kitais Pirk\u0117jo [&hellip;]<\/p>","protected":false},"author":1,"featured_media":0,"parent":0,"menu_order":0,"comment_status":"closed","ping_status":"closed","template":"","meta":[],"yoast_head":"<!-- This site is optimized with the Yoast SEO plugin v21.4 - https:\/\/yoast.com\/wordpress\/plugins\/seo\/ -->\n<title>Preki\u0173 pristatymas ir gr\u0105\u017einimas \/ keitimas - UAB Amega<\/title>\n<meta name=\"robots\" content=\"index, follow, max-snippet:-1, max-image-preview:large, max-video-preview:-1\" \/>\n<link rel=\"canonical\" href=\"https:\/\/amega.lt\/en\/prekiu-pritatymas-ir-grazinimas-keitimas\/\" \/>\n<meta property=\"og:locale\" content=\"en_US\" \/>\n<meta property=\"og:type\" content=\"article\" \/>\n<meta property=\"og:title\" content=\"Preki\u0173 pristatymas ir gr\u0105\u017einimas \/ keitimas - UAB Amega\" \/>\n<meta property=\"og:description\" content=\"Pardav\u0117jas \u012fsipareigoja pristatyti prekes Pirk\u0117jui laikydamasis preki\u0173 apra\u0161ymuose nurodyt\u0173 termin\u0173. Kartu Pirk\u0117jas sutinka, jog i\u0161imtinais atvejais preki\u0173 pristatymas gali v\u0117luoti d\u0117l force majeure aplinkybi\u0173. Pirk\u0117jas, u\u017esakydamas prekes, \u012fsipareigoja nurodyti tiksli\u0105 preki\u0173 pristatymo viet\u0105. Pirk\u0117jas \u012fsipareigoja prekes priimti pats. Tuo atveju, kai jis preki\u0173 pats priimti negali, o prek\u0117s pristatytos nurodytu adresu ir remiantis kitais Pirk\u0117jo [&hellip;]\" \/>\n<meta property=\"og:url\" content=\"https:\/\/amega.lt\/en\/prekiu-pritatymas-ir-grazinimas-keitimas\/\" \/>\n<meta property=\"og:site_name\" content=\"UAB Amega\" \/>\n<meta property=\"article:modified_time\" content=\"2024-01-14T14:12:42+00:00\" \/>\n<meta name=\"twitter:card\" content=\"summary_large_image\" \/>\n<meta name=\"twitter:label1\" content=\"Est. reading time\" \/>\n\t<meta name=\"twitter:data1\" content=\"1 minute\" \/>\n<script type=\"application\/ld+json\" class=\"yoast-schema-graph\">{\"@context\":\"https:\/\/schema.org\",\"@graph\":[{\"@type\":\"WebPage\",\"@id\":\"https:\/\/amega.lt\/prekiu-pritatymas-ir-grazinimas-keitimas\/\",\"url\":\"https:\/\/amega.lt\/prekiu-pritatymas-ir-grazinimas-keitimas\/\",\"name\":\"Preki\u0173 pristatymas ir gr\u0105\u017einimas \/ keitimas - UAB Amega\",\"isPartOf\":{\"@id\":\"https:\/\/amega.lt\/#website\"},\"datePublished\":\"2023-08-07T13:23:10+00:00\",\"dateModified\":\"2024-01-14T14:12:42+00:00\",\"breadcrumb\":{\"@id\":\"https:\/\/amega.lt\/prekiu-pritatymas-ir-grazinimas-keitimas\/#breadcrumb\"},\"inLanguage\":\"en-US\",\"potentialAction\":[{\"@type\":\"ReadAction\",\"target\":[\"https:\/\/amega.lt\/prekiu-pritatymas-ir-grazinimas-keitimas\/\"]}]},{\"@type\":\"BreadcrumbList\",\"@id\":\"https:\/\/amega.lt\/prekiu-pritatymas-ir-grazinimas-keitimas\/#breadcrumb\",\"itemListElement\":[{\"@type\":\"ListItem\",\"position\":1,\"name\":\"Home\",\"item\":\"https:\/\/amega.lt\/\"},{\"@type\":\"ListItem\",\"position\":2,\"name\":\"Preki\u0173 pristatymas ir gr\u0105\u017einimas \/ keitimas\"}]},{\"@type\":\"WebSite\",\"@id\":\"https:\/\/amega.lt\/#website\",\"url\":\"https:\/\/amega.lt\/\",\"name\":\"UAB Amega\",\"description\":\"\",\"potentialAction\":[{\"@type\":\"SearchAction\",\"target\":{\"@type\":\"EntryPoint\",\"urlTemplate\":\"https:\/\/amega.lt\/?s={search_term_string}\"},\"query-input\":\"required name=search_term_string\"}],\"inLanguage\":\"en-US\"}]}<\/script>\n<!-- \/ Yoast SEO plugin. -->","yoast_head_json":{"title":"Preki\u0173 pristatymas ir gr\u0105\u017einimas \/ keitimas - UAB Amega","robots":{"index":"index","follow":"follow","max-snippet":"max-snippet:-1","max-image-preview":"max-image-preview:large","max-video-preview":"max-video-preview:-1"},"canonical":"https:\/\/amega.lt\/en\/prekiu-pritatymas-ir-grazinimas-keitimas\/","og_locale":"en_US","og_type":"article","og_title":"Preki\u0173 pristatymas ir gr\u0105\u017einimas \/ keitimas - UAB Amega","og_description":"Pardav\u0117jas \u012fsipareigoja pristatyti prekes Pirk\u0117jui laikydamasis preki\u0173 apra\u0161ymuose nurodyt\u0173 termin\u0173. Kartu Pirk\u0117jas sutinka, jog i\u0161imtinais atvejais preki\u0173 pristatymas gali v\u0117luoti d\u0117l force majeure aplinkybi\u0173. Pirk\u0117jas, u\u017esakydamas prekes, \u012fsipareigoja nurodyti tiksli\u0105 preki\u0173 pristatymo viet\u0105. Pirk\u0117jas \u012fsipareigoja prekes priimti pats. Tuo atveju, kai jis preki\u0173 pats priimti negali, o prek\u0117s pristatytos nurodytu adresu ir remiantis kitais Pirk\u0117jo [&hellip;]","og_url":"https:\/\/amega.lt\/en\/prekiu-pritatymas-ir-grazinimas-keitimas\/","og_site_name":"UAB Amega","article_modified_time":"2024-01-14T14:12:42+00:00","twitter_card":"summary_large_image","twitter_misc":{"Est. reading time":"1 minute"},"schema":{"@context":"https:\/\/schema.org","@graph":[{"@type":"WebPage","@id":"https:\/\/amega.lt\/prekiu-pritatymas-ir-grazinimas-keitimas\/","url":"https:\/\/amega.lt\/prekiu-pritatymas-ir-grazinimas-keitimas\/","name":"Preki\u0173 pristatymas ir gr\u0105\u017einimas \/ keitimas - UAB Amega","isPartOf":{"@id":"https:\/\/amega.lt\/#website"},"datePublished":"2023-08-07T13:23:10+00:00","dateModified":"2024-01-14T14:12:42+00:00","breadcrumb":{"@id":"https:\/\/amega.lt\/prekiu-pritatymas-ir-grazinimas-keitimas\/#breadcrumb"},"inLanguage":"en-US","potentialAction":[{"@type":"ReadAction","target":["https:\/\/amega.lt\/prekiu-pritatymas-ir-grazinimas-keitimas\/"]}]},{"@type":"BreadcrumbList","@id":"https:\/\/amega.lt\/prekiu-pritatymas-ir-grazinimas-keitimas\/#breadcrumb","itemListElement":[{"@type":"ListItem","position":1,"name":"Home","item":"https:\/\/amega.lt\/"},{"@type":"ListItem","position":2,"name":"Preki\u0173 pristatymas ir gr\u0105\u017einimas \/ keitimas"}]},{"@type":"WebSite","@id":"https:\/\/amega.lt\/#website","url":"https:\/\/amega.lt\/","name":"UAB Amega","description":"","potentialAction":[{"@type":"SearchAction","target":{"@type":"EntryPoint","urlTemplate":"https:\/\/amega.lt\/?s={search_term_string}"},"query-input":"required name=search_term_string"}],"inLanguage":"en-US"}]}},"_links":{"self":[{"href":"https:\/\/amega.lt\/en\/wp-json\/wp\/v2\/pages\/3094"}],"collection":[{"href":"https:\/\/amega.lt\/en\/wp-json\/wp\/v2\/pages"}],"about":[{"href":"https:\/\/amega.lt\/en\/wp-json\/wp\/v2\/types\/page"}],"author":[{"embeddable":true,"href":"https:\/\/amega.lt\/en\/wp-json\/wp\/v2\/users\/1"}],"replies":[{"embeddable":true,"href":"https:\/\/amega.lt\/en\/wp-json\/wp\/v2\/comments?post=3094"}],"version-history":[{"count":8,"href":"https:\/\/amega.lt\/en\/wp-json\/wp\/v2\/pages\/3094\/revisions"}],"predecessor-version":[{"id":3496,"href":"https:\/\/amega.lt\/en\/wp-json\/wp\/v2\/pages\/3094\/revisions\/3496"}],"wp:attachment":[{"href":"https:\/\/amega.lt\/en\/wp-json\/wp\/v2\/media?parent=3094"}],"curies":[{"name":"wp","href":"https:\/\/api.w.org\/{rel}","templated":true}]}}