{"id":3020,"date":"2023-06-11T20:52:48","date_gmt":"2023-06-11T20:52:48","guid":{"rendered":"https:\/\/lengvasaskaita.lt\/amedemo\/lazerinis-pjovimas-2\/"},"modified":"2023-10-24T06:37:30","modified_gmt":"2023-10-24T06:37:30","slug":"kontaktai","status":"publish","type":"page","link":"https:\/\/amega.lt\/en\/kontaktai\/","title":{"rendered":"Contacts"},"content":{"rendered":"<section class=\"wpb-content-wrapper\"><div class=\"vc_row wpb_row row top-row\"><div class=\"vc_column_container col-md-6\"><div class=\"wpb_wrapper vc_column-inner\"><div class=\"vc_row wpb_row vc_inner row\"><div class=\"vc_column_container col-md-6\"><div class=\"wpb_wrapper vc_column-inner\">\n\t<div class=\"wpb_text_column wpb_content_element\" >\n\t\t<div class=\"wpb_wrapper\">\n\t\t\t<p>UAB \u201cAmega\u201d<br \/>\nDraugyst\u0117s g. 15 C<br \/>\nLT-51227, Kaunas<\/p>\n\n\t\t<\/div>\n\t<\/div>\n<\/div><\/div><div class=\"vc_column_container col-md-6\"><div class=\"wpb_wrapper vc_column-inner\">\n\t<div class=\"wpb_text_column wpb_content_element\" >\n\t\t<div class=\"wpb_wrapper\">\n\t\t\t<p>\u012em.k. 302467404<br \/>\nPVM k. 100005175412<\/p>\n\n\t\t<\/div>\n\t<\/div>\n<\/div><\/div><\/div><div class=\"vc_row wpb_row vc_inner row\"><div class=\"vc_column_container col-md-6\"><div class=\"wpb_wrapper vc_column-inner\"><a class=\"porto-sicon-box-link\" href=\"tel: 37068646442\"><div class=\"porto-sicon-box  wpb_custom_1efe903570d178ff0a9b7bfa5febd3a4 style_1 default-icon\"><div class=\"porto-sicon-default\"><div class=\"porto-just-icon-wrapper porto-icon none\" style=\"color:#0049b5;font-size:32px;\"><i class=\"porto-icon-phone-1\"><\/i><\/div><\/div><div class=\"porto-sicon-header\"><h3 class=\"porto-sicon-title\" style=\"color:#0049b5;\">+370 686 46442<\/h3><\/div> <!-- header --><\/div><!-- porto-sicon-box --><\/a><\/div><\/div><div class=\"vc_column_container col-md-6\"><div class=\"wpb_wrapper vc_column-inner\"><a class=\"porto-sicon-box-link\" href=\"mailto:info@amega.lt\"><div class=\"porto-sicon-box  wpb_custom_1efe903570d178ff0a9b7bfa5febd3a4 style_1 default-icon\"><div class=\"porto-sicon-default\"><div class=\"porto-just-icon-wrapper porto-icon none\" style=\"color:#0049b5;font-size:32px;\"><i class=\"porto-icon-envolope\"><\/i><\/div><\/div><div class=\"porto-sicon-header\"><h3 class=\"porto-sicon-title\" style=\"color:#0049b5;\">info@amega.lt<\/h3><\/div> <!-- header --><\/div><!-- porto-sicon-box --><\/a><a class=\"porto-sicon-box-link\" href=\"mailto:sigitas@amega.lt\"><div class=\"porto-sicon-box  wpb_custom_1efe903570d178ff0a9b7bfa5febd3a4 style_1 default-icon\"><div class=\"porto-sicon-default\"><div class=\"porto-just-icon-wrapper porto-icon none\" style=\"color:#0049b5;font-size:32px;\"><i class=\"porto-icon-envolope\"><\/i><\/div><\/div><div class=\"porto-sicon-header\"><h3 class=\"porto-sicon-title\" style=\"color:#0049b5;\">sigitas@amega.lt<\/h3><\/div> <!-- header --><\/div><!-- porto-sicon-box --><\/a><\/div><\/div><\/div><\/div><\/div><div class=\"vc_column_container col-md-6\"><div class=\"wpb_wrapper vc_column-inner\"><div class=\"wpb_custom_8e39365fa00ded789edeaf348f33ca36 mx-md-2 px-md-4\">\n<div class=\"wpcf7 no-js\" id=\"wpcf7-f3041-o1\" lang=\"en-US\" dir=\"ltr\">\n<div class=\"screen-reader-response\"><p role=\"status\" aria-live=\"polite\" aria-atomic=\"true\"><\/p> <ul><\/ul><\/div>\n<form action=\"\/en\/wp-json\/wp\/v2\/pages\/3020#wpcf7-f3041-o1\" method=\"post\" class=\"wpcf7-form init\" aria-label=\"Contact form\" novalidate=\"novalidate\" data-status=\"init\" data-trp-original-action=\"\/en\/wp-json\/wp\/v2\/pages\/3020#wpcf7-f3041-o1\">\n<div style=\"display: none;\">\n<input type=\"hidden\" name=\"_wpcf7\" value=\"3041\" \/>\n<input type=\"hidden\" name=\"_wpcf7_version\" value=\"5.7.7\" \/>\n<input type=\"hidden\" name=\"_wpcf7_locale\" value=\"en_US\" \/>\n<input type=\"hidden\" name=\"_wpcf7_unit_tag\" value=\"wpcf7-f3041-o1\" \/>\n<input type=\"hidden\" name=\"_wpcf7_container_post\" value=\"0\" \/>\n<input type=\"hidden\" name=\"_wpcf7_posted_data_hash\" value=\"\" \/>\n<\/div>\n<div class=\"contact-form-success alert alert-success d-none mt-4\">\n\t<p><strong>Success!<\/strong> Your message has been sent to us.\n\t<\/p>\n<\/div>\n<div class=\"contact-form-error alert alert-danger d-none mt-4\">\n\t<p><strong>Error!<\/strong> There was an error sending your message.<br \/>\n<span class=\"mail-error-message text-1 d-block\"><\/span>\n\t<\/p>\n<\/div>\n<div class=\"row\">\n\t<div class=\"form-group col-lg-6\">\n\t\t<p><label class=\"form-label m-b-xs text-2 text-color-dark font-weight-semibold\" for=\"name\">J\u016bs\u0173 vardas (b\u016btina)<\/label><br \/>\n<span class=\"wpcf7-form-control-wrap\" data-name=\"your-name\"><input size=\"40\" class=\"wpcf7-form-control wpcf7-text wpcf7-validates-as-required w-100\" id=\"your-name\" aria-required=\"true\" aria-invalid=\"false\" value=\"\" type=\"text\" name=\"your-name\" \/><\/span>\n\t\t<\/p>\n\t<\/div>\n\t<div class=\"form-group col-lg-6\">\n\t\t<p><label class=\"form-label m-b-xs text-2 text-color-dark font-weight-semibold\" for=\"email-address\">J\u016bs\u0173 el. pa\u0161to adresas (b\u016btina)<\/label><br \/>\n<span class=\"wpcf7-form-control-wrap\" data-name=\"your-email\"><input size=\"40\" class=\"wpcf7-form-control wpcf7-text wpcf7-validates-as-required w-100\" id=\"your-email\" aria-required=\"true\" aria-invalid=\"false\" value=\"\" type=\"text\" name=\"your-email\" \/><\/span>\n\t\t<\/p>\n\t<\/div>\n<\/div>\n<div class=\"row\">\n\t<div class=\"form-group col-lg-6\">\n\t\t<p><label class=\"form-label m-b-xs text-2 text-color-dark font-weight-semibold\" for=\"name\">Tema<\/label><br \/>\n<span class=\"wpcf7-form-control-wrap\" data-name=\"your-subject\"><input size=\"40\" class=\"wpcf7-form-control wpcf7-text wpcf7-validates-as-required w-100\" id=\"your-subject\" aria-required=\"true\" aria-invalid=\"false\" value=\"\" type=\"text\" name=\"your-subject\" \/><\/span>\n\t\t<\/p>\n\t<\/div>\n\t<div class=\"form-group col-lg-6\">\n\t\t<p><label class=\"form-label m-b-xs text-2 text-color-dark font-weight-semibold\" for=\"email-address\">J\u016bs\u0173 \u017einut\u0117<\/label><br \/>\n<span class=\"wpcf7-form-control-wrap\" data-name=\"your-message\"><input size=\"40\" class=\"wpcf7-form-control wpcf7-text wpcf7-validates-as-required w-100\" id=\"your-message\" aria-required=\"true\" aria-invalid=\"false\" value=\"\" type=\"text\" name=\"your-message\" \/><\/span>\n\t\t<\/p>\n\t<\/div>\n<\/div>\n<div class=\"row\">\n\t<div class=\"form-group col\">\n\t\t<p><input class=\"wpcf7-form-control has-spinner wpcf7-submit btn btn-primary btn-submit btn-modern border-0 font-weight-bold\" type=\"submit\" value=\"Si\u0173sti\" \/>\n\t\t<\/p>\n\t<\/div>\n<\/div><div class=\"wpcf7-response-output\" aria-hidden=\"true\"><\/div>\n<input type=\"hidden\" name=\"trp-form-language\" value=\"en\"\/><\/form>\n<\/div>\n<\/div><\/div><\/div><\/div><div class=\"vc_row wpb_row row top-row\"><div class=\"vc_column_container col-md-12\"><div class=\"wpb_wrapper vc_column-inner\">\n\t<div class=\"wpb_text_column wpb_content_element\" >\n\t\t<div class=\"wpb_wrapper\">\n\t\t\t<p><iframe src=\"https:\/\/www.google.com\/maps\/embed?pb=!1m18!1m12!1m3!1d810.9263673129092!2d23.996360600377557!3d54.90913297949451!2m3!1f0!2f0!3f0!3m2!1i1024!2i768!4f13.1!3m3!1m2!1s0x46e718400d00d775%3A0xb9540bbe463d90e5!2sDraugyst%C4%97s%20g.%2015C%2C%2051227%20Kaunas!5e0!3m2!1slt!2slt!4v1686519118231!5m2!1slt!2slt\" width=\"100%\" height=\"450\" style=\"border:0;\" allowfullscreen=\"\" loading=\"lazy\" referrerpolicy=\"no-referrer-when-downgrade\"><\/iframe><\/p>\n\n\t\t<\/div>\n\t<\/div>\n<\/div><\/div><\/div>\n<\/section>","protected":false},"excerpt":{"rendered":"UAB \u201cAmega\u201d Draugyst\u0117s g. 15 C LT-51227, Kaunas \u012em.k. 302467404 PVM k. 100005175412 +370 686 46442 info@amega.lt sigitas@amega.lt Success! Your message has been sent to us. Error! There was an error sending your message. J\u016bs\u0173 vardas (b\u016btina) J\u016bs\u0173 el. pa\u0161to adresas (b\u016btina) Tema J\u016bs\u0173 \u017einut\u0117","protected":false},"author":1,"featured_media":0,"parent":0,"menu_order":0,"comment_status":"closed","ping_status":"closed","template":"","meta":[],"yoast_head":"<!-- This site is optimized with the Yoast SEO plugin v21.4 - https:\/\/yoast.com\/wordpress\/plugins\/seo\/ -->\n<title>Kontaktai - UAB Amega<\/title>\n<meta name=\"robots\" content=\"index, follow, max-snippet:-1, max-image-preview:large, max-video-preview:-1\" \/>\n<link rel=\"canonical\" href=\"https:\/\/amega.lt\/en\/kontaktai\/\" \/>\n<meta property=\"og:locale\" content=\"en_US\" \/>\n<meta property=\"og:type\" content=\"article\" \/>\n<meta property=\"og:title\" content=\"Kontaktai - UAB Amega\" \/>\n<meta property=\"og:url\" content=\"https:\/\/amega.lt\/en\/kontaktai\/\" \/>\n<meta property=\"og:site_name\" content=\"UAB Amega\" \/>\n<meta property=\"article:modified_time\" content=\"2023-10-24T06:37:30+00:00\" \/>\n<meta name=\"twitter:card\" content=\"summary_large_image\" \/>\n<meta name=\"twitter:label1\" content=\"Est. reading time\" \/>\n\t<meta name=\"twitter:data1\" content=\"1 minute\" \/>\n<script type=\"application\/ld+json\" class=\"yoast-schema-graph\">{\"@context\":\"https:\/\/schema.org\",\"@graph\":[{\"@type\":\"WebPage\",\"@id\":\"https:\/\/amega.lt\/kontaktai\/\",\"url\":\"https:\/\/amega.lt\/kontaktai\/\",\"name\":\"Kontaktai - UAB Amega\",\"isPartOf\":{\"@id\":\"https:\/\/amega.lt\/#website\"},\"datePublished\":\"2023-06-11T20:52:48+00:00\",\"dateModified\":\"2023-10-24T06:37:30+00:00\",\"breadcrumb\":{\"@id\":\"https:\/\/amega.lt\/kontaktai\/#breadcrumb\"},\"inLanguage\":\"en-US\",\"potentialAction\":[{\"@type\":\"ReadAction\",\"target\":[\"https:\/\/amega.lt\/kontaktai\/\"]}]},{\"@type\":\"BreadcrumbList\",\"@id\":\"https:\/\/amega.lt\/kontaktai\/#breadcrumb\",\"itemListElement\":[{\"@type\":\"ListItem\",\"position\":1,\"name\":\"Home\",\"item\":\"https:\/\/amega.lt\/\"},{\"@type\":\"ListItem\",\"position\":2,\"name\":\"Kontaktai\"}]},{\"@type\":\"WebSite\",\"@id\":\"https:\/\/amega.lt\/#website\",\"url\":\"https:\/\/amega.lt\/\",\"name\":\"UAB Amega\",\"description\":\"\",\"potentialAction\":[{\"@type\":\"SearchAction\",\"target\":{\"@type\":\"EntryPoint\",\"urlTemplate\":\"https:\/\/amega.lt\/?s={search_term_string}\"},\"query-input\":\"required name=search_term_string\"}],\"inLanguage\":\"en-US\"}]}<\/script>\n<!-- \/ Yoast SEO plugin. -->","yoast_head_json":{"title":"Kontaktai - UAB Amega","robots":{"index":"index","follow":"follow","max-snippet":"max-snippet:-1","max-image-preview":"max-image-preview:large","max-video-preview":"max-video-preview:-1"},"canonical":"https:\/\/amega.lt\/en\/kontaktai\/","og_locale":"en_US","og_type":"article","og_title":"Kontaktai - UAB Amega","og_url":"https:\/\/amega.lt\/en\/kontaktai\/","og_site_name":"UAB Amega","article_modified_time":"2023-10-24T06:37:30+00:00","twitter_card":"summary_large_image","twitter_misc":{"Est. reading time":"1 minute"},"schema":{"@context":"https:\/\/schema.org","@graph":[{"@type":"WebPage","@id":"https:\/\/amega.lt\/kontaktai\/","url":"https:\/\/amega.lt\/kontaktai\/","name":"Kontaktai - UAB Amega","isPartOf":{"@id":"https:\/\/amega.lt\/#website"},"datePublished":"2023-06-11T20:52:48+00:00","dateModified":"2023-10-24T06:37:30+00:00","breadcrumb":{"@id":"https:\/\/amega.lt\/kontaktai\/#breadcrumb"},"inLanguage":"en-US","potentialAction":[{"@type":"ReadAction","target":["https:\/\/amega.lt\/kontaktai\/"]}]},{"@type":"BreadcrumbList","@id":"https:\/\/amega.lt\/kontaktai\/#breadcrumb","itemListElement":[{"@type":"ListItem","position":1,"name":"Home","item":"https:\/\/amega.lt\/"},{"@type":"ListItem","position":2,"name":"Kontaktai"}]},{"@type":"WebSite","@id":"https:\/\/amega.lt\/#website","url":"https:\/\/amega.lt\/","name":"UAB Amega","description":"","potentialAction":[{"@type":"SearchAction","target":{"@type":"EntryPoint","urlTemplate":"https:\/\/amega.lt\/?s={search_term_string}"},"query-input":"required name=search_term_string"}],"inLanguage":"en-US"}]}},"_links":{"self":[{"href":"https:\/\/amega.lt\/en\/wp-json\/wp\/v2\/pages\/3020"}],"collection":[{"href":"https:\/\/amega.lt\/en\/wp-json\/wp\/v2\/pages"}],"about":[{"href":"https:\/\/amega.lt\/en\/wp-json\/wp\/v2\/types\/page"}],"author":[{"embeddable":true,"href":"https:\/\/amega.lt\/en\/wp-json\/wp\/v2\/users\/1"}],"replies":[{"embeddable":true,"href":"https:\/\/amega.lt\/en\/wp-json\/wp\/v2\/comments?post=3020"}],"version-history":[{"count":26,"href":"https:\/\/amega.lt\/en\/wp-json\/wp\/v2\/pages\/3020\/revisions"}],"predecessor-version":[{"id":3310,"href":"https:\/\/amega.lt\/en\/wp-json\/wp\/v2\/pages\/3020\/revisions\/3310"}],"wp:attachment":[{"href":"https:\/\/amega.lt\/en\/wp-json\/wp\/v2\/media?parent=3020"}],"curies":[{"name":"wp","href":"https:\/\/api.w.org\/{rel}","templated":true}]}}