{"id":2997,"date":"2023-06-11T21:04:17","date_gmt":"2023-06-11T21:04:17","guid":{"rendered":"https:\/\/lengvasaskaita.lt\/amedemo\/?page_id=2997"},"modified":"2023-10-31T08:15:35","modified_gmt":"2023-10-31T08:15:35","slug":"musu-darbai","status":"publish","type":"page","link":"https:\/\/amega.lt\/en\/musu-darbai\/","title":{"rendered":"Our works"},"content":{"rendered":"<section class=\"wpb-content-wrapper\"><div class=\"vc_row wpb_row row top-row\"><div class=\"vc_column_container col-md-12\"><div class=\"wpb_wrapper vc_column-inner\">\n\t<div class=\"wpb_text_column wpb_content_element\" >\n\t\t<div class=\"wpb_wrapper\">\n\t\t\t<p>We have already completed works, from simple storage tanks to agricultural implements. We accept challenges and treat them seriously and responsibly.<\/p>\n\n\t\t<\/div>\n\t<\/div>\n<\/div><\/div><\/div><div class=\"vc_row wpb_row row top-row\"><div class=\"vc_column_container col-md-12\"><div class=\"wpb_wrapper vc_column-inner\"><div class=\"wpb_gallery wpb_content_element vc_clearfix\" ><div class=\"wpb_wrapper\"><div class=\"wpb_gallery_slides wpb_image_grid\" data-interval=\"3\"><ul class=\"wpb_image_grid_ul\"><li class=\"isotope-item\"><a class=\"\" href=\"https:\/\/amega.lt\/wp-content\/uploads\/2023\/10\/metaliniu-konstrukciju-gamyba-7.jpg\" data-lightbox=\"lightbox[rel-2997-2369278350]\"><img class=\"\" src=\"https:\/\/amega.lt\/wp-content\/uploads\/2023\/10\/metaliniu-konstrukciju-gamyba-7-280x280.jpg\" width=\"280\" height=\"280\" alt=\"Metalini\u0173 konstrukcij\u0173 gamyba\" title=\"Metalini\u0173 konstrukcij\u0173 gamyba\" \/><\/a><\/li><li class=\"isotope-item\"><a class=\"\" href=\"https:\/\/amega.lt\/wp-content\/uploads\/2023\/10\/metaliniu-konstrukciju-gamyba-1.jpg\" data-lightbox=\"lightbox[rel-2997-2369278350]\"><img class=\"\" src=\"https:\/\/amega.lt\/wp-content\/uploads\/2023\/10\/metaliniu-konstrukciju-gamyba-1-280x280.jpg\" width=\"280\" height=\"280\" alt=\"\u012evairi\u0173 metaliniu konstrukcij\u0173 gamyba\" title=\"\u012evairi\u0173 metaliniu konstrukcij\u0173 gamyba\" \/><\/a><\/li><li class=\"isotope-item\"><a class=\"\" href=\"https:\/\/amega.lt\/wp-content\/uploads\/2023\/10\/metaliniu-konstrukciju-gamyba-1a-768x1024.jpg\" data-lightbox=\"lightbox[rel-2997-2369278350]\"><img class=\"\" src=\"https:\/\/amega.lt\/wp-content\/uploads\/2023\/10\/metaliniu-konstrukciju-gamyba-1a-280x280.jpg\" width=\"280\" height=\"280\" alt=\"Metalini\u0173 konstrukcij\u0173 gamyba\" title=\"Metalini\u0173 konstrukcij\u0173 gamyba\" \/><\/a><\/li><li class=\"isotope-item\"><a class=\"\" href=\"https:\/\/amega.lt\/wp-content\/uploads\/2023\/10\/metaliniu-konstrukciju-gamyba-14-723x1024.jpg\" data-lightbox=\"lightbox[rel-2997-2369278350]\"><img class=\"\" src=\"https:\/\/amega.lt\/wp-content\/uploads\/2023\/10\/metaliniu-konstrukciju-gamyba-14-280x280.jpg\" width=\"280\" height=\"280\" alt=\"Metalini\u0173 konstrukcij\u0173 gamyba\" title=\"Metalini\u0173 konstrukcij\u0173 gamyba\" \/><\/a><\/li><li class=\"isotope-item\"><a class=\"\" href=\"https:\/\/amega.lt\/wp-content\/uploads\/2023\/10\/metaliniu-konstrukciju-gamyba-16-485x1024.jpg\" data-lightbox=\"lightbox[rel-2997-2369278350]\"><img class=\"\" src=\"https:\/\/amega.lt\/wp-content\/uploads\/2023\/10\/metaliniu-konstrukciju-gamyba-16-280x280.jpg\" width=\"280\" height=\"280\" alt=\"Metalini\u0173 konstrukcij\u0173 gamyba\" title=\"Metalini\u0173 konstrukcij\u0173 gamyba\" \/><\/a><\/li><li class=\"isotope-item\"><a class=\"\" href=\"https:\/\/amega.lt\/wp-content\/uploads\/2023\/10\/metaliniu-konstrukciju-gamyba-17-485x1024.jpg\" data-lightbox=\"lightbox[rel-2997-2369278350]\"><img class=\"\" src=\"https:\/\/amega.lt\/wp-content\/uploads\/2023\/10\/metaliniu-konstrukciju-gamyba-17-280x280.jpg\" width=\"280\" height=\"280\" alt=\"Metalini\u0173 konstrukcij\u0173 gamyba\" title=\"Metalini\u0173 konstrukcij\u0173 gamyba\" \/><\/a><\/li><li class=\"isotope-item\"><a class=\"\" href=\"https:\/\/amega.lt\/wp-content\/uploads\/2023\/10\/metaliniu-konstrukciju-gamyba-15-485x1024.jpg\" data-lightbox=\"lightbox[rel-2997-2369278350]\"><img class=\"\" src=\"https:\/\/amega.lt\/wp-content\/uploads\/2023\/10\/metaliniu-konstrukciju-gamyba-15-280x280.jpg\" width=\"280\" height=\"280\" alt=\"Metalini\u0173 konstrukcij\u0173 gamyba\" title=\"Metalini\u0173 konstrukcij\u0173 gamyba\" \/><\/a><\/li><li class=\"isotope-item\"><a class=\"\" href=\"https:\/\/amega.lt\/wp-content\/uploads\/2023\/10\/metaliniu-konstrukciju-gamyba-6.jpg\" data-lightbox=\"lightbox[rel-2997-2369278350]\"><img class=\"\" src=\"https:\/\/amega.lt\/wp-content\/uploads\/2023\/10\/metaliniu-konstrukciju-gamyba-6-280x280.jpg\" width=\"280\" height=\"280\" alt=\"Metalini\u0173 konstrukcij\u0173 gamyba\" title=\"Metalini\u0173 konstrukcij\u0173 gamyba\" \/><\/a><\/li><li class=\"isotope-item\"><a class=\"\" href=\"https:\/\/amega.lt\/wp-content\/uploads\/2023\/10\/metaliniu-konstrukciju-gamyba-13-484x1024.jpg\" data-lightbox=\"lightbox[rel-2997-2369278350]\"><img class=\"\" src=\"https:\/\/amega.lt\/wp-content\/uploads\/2023\/10\/metaliniu-konstrukciju-gamyba-13-280x280.jpg\" width=\"280\" height=\"280\" alt=\"Metalini\u0173 konstrukcij\u0173 gamyba\" title=\"Metalini\u0173 konstrukcij\u0173 gamyba\" \/><\/a><\/li><li class=\"isotope-item\"><a class=\"\" href=\"https:\/\/amega.lt\/wp-content\/uploads\/2023\/10\/metaliniu-konstrukciju-gamyba-3.jpg\" data-lightbox=\"lightbox[rel-2997-2369278350]\"><img class=\"\" src=\"https:\/\/amega.lt\/wp-content\/uploads\/2023\/10\/metaliniu-konstrukciju-gamyba-3-280x280.jpg\" width=\"280\" height=\"280\" alt=\"\u012evairi\u0173 metalini konstrukcij\u0173 gamyba\" title=\"\u012evairi\u0173 metalini konstrukcij\u0173 gamyba\" \/><\/a><\/li><li class=\"isotope-item\"><a class=\"\" href=\"https:\/\/amega.lt\/wp-content\/uploads\/2023\/10\/metaliniu-konstrukciju-gamyba-5.jpg\" data-lightbox=\"lightbox[rel-2997-2369278350]\"><img class=\"\" src=\"https:\/\/amega.lt\/wp-content\/uploads\/2023\/10\/metaliniu-konstrukciju-gamyba-5-280x280.jpg\" width=\"280\" height=\"280\" alt=\"Metalini\u0173 konstrukcij\u0173 gamyba\" title=\"Metalini\u0173 konstrukcij\u0173 gamyba\" \/><\/a><\/li><li class=\"isotope-item\"><a class=\"\" href=\"https:\/\/amega.lt\/wp-content\/uploads\/2023\/10\/metaliniu-konstrukciju-gamyba-12-485x1024.jpg\" data-lightbox=\"lightbox[rel-2997-2369278350]\"><img class=\"\" src=\"https:\/\/amega.lt\/wp-content\/uploads\/2023\/10\/metaliniu-konstrukciju-gamyba-12-280x280.jpg\" width=\"280\" height=\"280\" alt=\"Metalini\u0173 konstrukcij\u0173 gamyba\" title=\"Metalini\u0173 konstrukcij\u0173 gamyba\" \/><\/a><\/li><li class=\"isotope-item\"><a class=\"\" href=\"https:\/\/amega.lt\/wp-content\/uploads\/2023\/10\/metaliniu-konstrukciju-gamyba-2-484x1024.jpg\" data-lightbox=\"lightbox[rel-2997-2369278350]\"><img class=\"\" src=\"https:\/\/amega.lt\/wp-content\/uploads\/2023\/10\/metaliniu-konstrukciju-gamyba-2-280x280.jpg\" width=\"280\" height=\"280\" alt=\"\u012evairi\u0173 metaliniu konstrukcij\u0173 gamyba\" title=\"\u012evairi\u0173 metaliniu konstrukcij\u0173 gamyba\" \/><\/a><\/li><li class=\"isotope-item\"><a class=\"\" href=\"https:\/\/amega.lt\/wp-content\/uploads\/2023\/10\/metaliniu-konstrukciju-gamyba-8.jpg\" data-lightbox=\"lightbox[rel-2997-2369278350]\"><img class=\"\" src=\"https:\/\/amega.lt\/wp-content\/uploads\/2023\/10\/metaliniu-konstrukciju-gamyba-8-280x280.jpg\" width=\"280\" height=\"280\" alt=\"Metalini\u0173 konstrukcij\u0173 gamyba\" title=\"Metalini\u0173 konstrukcij\u0173 gamyba\" \/><\/a><\/li><li class=\"isotope-item\"><a class=\"\" href=\"https:\/\/amega.lt\/wp-content\/uploads\/2023\/10\/metaliniu-konstrukciju-gamyba-9.jpg\" data-lightbox=\"lightbox[rel-2997-2369278350]\"><img class=\"\" src=\"https:\/\/amega.lt\/wp-content\/uploads\/2023\/10\/metaliniu-konstrukciju-gamyba-9-280x280.jpg\" width=\"280\" height=\"280\" alt=\"Metalini\u0173 konstrukcij\u0173 gamyba\" title=\"Metalini\u0173 konstrukcij\u0173 gamyba\" \/><\/a><\/li><li class=\"isotope-item\"><a class=\"\" href=\"https:\/\/amega.lt\/wp-content\/uploads\/2023\/10\/metaliniu-konstrukciju-gamyba-10.jpg\" data-lightbox=\"lightbox[rel-2997-2369278350]\"><img class=\"\" src=\"https:\/\/amega.lt\/wp-content\/uploads\/2023\/10\/metaliniu-konstrukciju-gamyba-10-280x280.jpg\" width=\"280\" height=\"280\" alt=\"Metalini\u0173 konstrukcij\u0173 gamyba\" title=\"Metalini\u0173 konstrukcij\u0173 gamyba\" \/><\/a><\/li><\/ul><\/div><\/div><\/div><\/div><\/div><\/div>\n<\/section>","protected":false},"excerpt":{"rendered":"We have already completed works, from simple storage tanks to agricultural implements. We accept challenges and treat them seriously and responsibly.","protected":false},"author":1,"featured_media":0,"parent":0,"menu_order":0,"comment_status":"closed","ping_status":"closed","template":"","meta":[],"yoast_head":"<!-- This site is optimized with the Yoast SEO plugin v21.4 - https:\/\/yoast.com\/wordpress\/plugins\/seo\/ -->\n<title>M\u016bs\u0173 darbai - UAB Amega<\/title>\n<meta name=\"robots\" content=\"index, follow, max-snippet:-1, max-image-preview:large, max-video-preview:-1\" \/>\n<link rel=\"canonical\" href=\"https:\/\/amega.lt\/en\/musu-darbai\/\" \/>\n<meta property=\"og:locale\" content=\"en_US\" \/>\n<meta property=\"og:type\" content=\"article\" \/>\n<meta property=\"og:title\" content=\"M\u016bs\u0173 darbai - UAB Amega\" \/>\n<meta property=\"og:url\" content=\"https:\/\/amega.lt\/en\/musu-darbai\/\" \/>\n<meta property=\"og:site_name\" content=\"UAB Amega\" \/>\n<meta property=\"article:modified_time\" content=\"2023-10-31T08:15:35+00:00\" \/>\n<meta name=\"twitter:card\" content=\"summary_large_image\" \/>\n<meta name=\"twitter:label1\" content=\"Est. reading time\" \/>\n\t<meta name=\"twitter:data1\" content=\"1 minute\" \/>\n<script type=\"application\/ld+json\" class=\"yoast-schema-graph\">{\"@context\":\"https:\/\/schema.org\",\"@graph\":[{\"@type\":\"WebPage\",\"@id\":\"https:\/\/amega.lt\/musu-darbai\/\",\"url\":\"https:\/\/amega.lt\/musu-darbai\/\",\"name\":\"M\u016bs\u0173 darbai - UAB Amega\",\"isPartOf\":{\"@id\":\"https:\/\/amega.lt\/#website\"},\"datePublished\":\"2023-06-11T21:04:17+00:00\",\"dateModified\":\"2023-10-31T08:15:35+00:00\",\"breadcrumb\":{\"@id\":\"https:\/\/amega.lt\/musu-darbai\/#breadcrumb\"},\"inLanguage\":\"en-US\",\"potentialAction\":[{\"@type\":\"ReadAction\",\"target\":[\"https:\/\/amega.lt\/musu-darbai\/\"]}]},{\"@type\":\"BreadcrumbList\",\"@id\":\"https:\/\/amega.lt\/musu-darbai\/#breadcrumb\",\"itemListElement\":[{\"@type\":\"ListItem\",\"position\":1,\"name\":\"Home\",\"item\":\"https:\/\/amega.lt\/\"},{\"@type\":\"ListItem\",\"position\":2,\"name\":\"M\u016bs\u0173 darbai\"}]},{\"@type\":\"WebSite\",\"@id\":\"https:\/\/amega.lt\/#website\",\"url\":\"https:\/\/amega.lt\/\",\"name\":\"UAB Amega\",\"description\":\"\",\"potentialAction\":[{\"@type\":\"SearchAction\",\"target\":{\"@type\":\"EntryPoint\",\"urlTemplate\":\"https:\/\/amega.lt\/?s={search_term_string}\"},\"query-input\":\"required name=search_term_string\"}],\"inLanguage\":\"en-US\"}]}<\/script>\n<!-- \/ Yoast SEO plugin. -->","yoast_head_json":{"title":"M\u016bs\u0173 darbai - UAB Amega","robots":{"index":"index","follow":"follow","max-snippet":"max-snippet:-1","max-image-preview":"max-image-preview:large","max-video-preview":"max-video-preview:-1"},"canonical":"https:\/\/amega.lt\/en\/musu-darbai\/","og_locale":"en_US","og_type":"article","og_title":"M\u016bs\u0173 darbai - UAB Amega","og_url":"https:\/\/amega.lt\/en\/musu-darbai\/","og_site_name":"UAB Amega","article_modified_time":"2023-10-31T08:15:35+00:00","twitter_card":"summary_large_image","twitter_misc":{"Est. reading time":"1 minute"},"schema":{"@context":"https:\/\/schema.org","@graph":[{"@type":"WebPage","@id":"https:\/\/amega.lt\/musu-darbai\/","url":"https:\/\/amega.lt\/musu-darbai\/","name":"M\u016bs\u0173 darbai - UAB Amega","isPartOf":{"@id":"https:\/\/amega.lt\/#website"},"datePublished":"2023-06-11T21:04:17+00:00","dateModified":"2023-10-31T08:15:35+00:00","breadcrumb":{"@id":"https:\/\/amega.lt\/musu-darbai\/#breadcrumb"},"inLanguage":"en-US","potentialAction":[{"@type":"ReadAction","target":["https:\/\/amega.lt\/musu-darbai\/"]}]},{"@type":"BreadcrumbList","@id":"https:\/\/amega.lt\/musu-darbai\/#breadcrumb","itemListElement":[{"@type":"ListItem","position":1,"name":"Home","item":"https:\/\/amega.lt\/"},{"@type":"ListItem","position":2,"name":"M\u016bs\u0173 darbai"}]},{"@type":"WebSite","@id":"https:\/\/amega.lt\/#website","url":"https:\/\/amega.lt\/","name":"UAB Amega","description":"","potentialAction":[{"@type":"SearchAction","target":{"@type":"EntryPoint","urlTemplate":"https:\/\/amega.lt\/?s={search_term_string}"},"query-input":"required name=search_term_string"}],"inLanguage":"en-US"}]}},"_links":{"self":[{"href":"https:\/\/amega.lt\/en\/wp-json\/wp\/v2\/pages\/2997"}],"collection":[{"href":"https:\/\/amega.lt\/en\/wp-json\/wp\/v2\/pages"}],"about":[{"href":"https:\/\/amega.lt\/en\/wp-json\/wp\/v2\/types\/page"}],"author":[{"embeddable":true,"href":"https:\/\/amega.lt\/en\/wp-json\/wp\/v2\/users\/1"}],"replies":[{"embeddable":true,"href":"https:\/\/amega.lt\/en\/wp-json\/wp\/v2\/comments?post=2997"}],"version-history":[{"count":18,"href":"https:\/\/amega.lt\/en\/wp-json\/wp\/v2\/pages\/2997\/revisions"}],"predecessor-version":[{"id":3376,"href":"https:\/\/amega.lt\/en\/wp-json\/wp\/v2\/pages\/2997\/revisions\/3376"}],"wp:attachment":[{"href":"https:\/\/amega.lt\/en\/wp-json\/wp\/v2\/media?parent=2997"}],"curies":[{"name":"wp","href":"https:\/\/api.w.org\/{rel}","templated":true}]}}