{"id":2882,"date":"2022-05-10T01:04:10","date_gmt":"2022-05-10T01:04:10","guid":{"rendered":"https:\/\/lengvasaskaita.lt\/amedemo\/home-2\/"},"modified":"2023-11-20T21:22:03","modified_gmt":"2023-11-20T21:22:03","slug":"pagrindinis","status":"publish","type":"page","link":"https:\/\/amega.lt\/en\/","title":{"rendered":"Home"},"content":{"rendered":"<section class=\"wpb-content-wrapper\"><div class=\"vc_row wpb_row row top-row overlay overlay-show mb-0 vc_custom_1698102135080 vc_row-has-fill\"><div class=\"vc_column_container col-md-12\"><div class=\"wpb_wrapper vc_column-inner\"><h1 style=\"color: #ffffff;text-align: center\" class=\"vc_custom_heading text-center mb-2 custom-sz-responsive-1 z-index-9999\" >Metalo pjovimas lazeriu<\/h1><div class=\"vc_btn3-container  custom-btn vc_btn3-center vc_custom_1698102157081\" >\n\t<a class=\"vc_btn3 vc_btn3-shape-default wpb_custom_c2e610bd2956dfe1a86d69d303213bf5 vc_btn3-icon-right hover-icon-pulse-left-right btn btn-md btn-primary\" style=\"font-size:18px; font-weight:700; padding:15px 47px;\" href=\"https:\/\/amega.lt\/en\/paslaugos\/\" title=\"Services\">All services <i class=\"vc_btn3-icon porto-icon-arrow-forward-right\"><\/i><\/a>\t<\/div>\n<\/div><\/div><\/div><div class=\"vc_row wpb_row top-row vc_custom_1691529410022 porto-inner-container\"><div class=\"porto-wrap-container container\"><div class=\"row\"><div class=\"m-b-lg vc_column_container col-md-12 col-lg-6\"><div class=\"wpb_wrapper vc_column-inner\"><div class=\"porto-u-heading  wpb_custom_535cd9209ec8aeabfbaab0b72fdb6c47 porto-u-9278\"><div class=\"porto-u-main-heading\"><h2   style=\"color:#0049b5;margin-bottom: 11px;\">Highest quality standards<\/h2><\/div><div class=\"porto-u-sub-heading\" style=\"color: #3e3e3e;\">We work throughout Lithuania<\/div><style>.porto-u-9278.porto-u-heading{text-align:left}<\/style><\/div><p  class=\"vc_custom_heading vc_custom_1700513591869 align-left\" >The amplitude of the products we offer is extremely wide - starting from the smallest metal products and ending with the most complex metal structures.<\/p><div class=\"vc_btn3-container  custom-btn vc_btn3-inline vc_custom_1698102172628\" >\n\t<a class=\"vc_btn3 vc_btn3-shape-default wpb_custom_c2e610bd2956dfe1a86d69d303213bf5 vc_btn3-icon-right hover-icon-pulse-left-right btn btn-md btn-primary\" style=\"font-size:16px; font-weight:700; padding:15px 47px;\" href=\"https:\/\/amega.lt\/en\/paslaugos\/\" title=\"Services\">All services <i class=\"vc_btn3-icon porto-icon-arrow-forward-right\"><\/i><\/a>\t<\/div>\n<\/div><\/div><div class=\"m-b-lg vc_column_container col-md-12 offset-lg-1 col-lg-5\"><div class=\"wpb_wrapper vc_column-inner\">\n\t<div class=\"wpb_single_image wpb_content_element vc_align_center\">\n\t\t<div class=\"wpb_wrapper\">\n\t\t\t\n\t\t\t<div class=\"vc_single_image-wrapper   vc_box_border_grey\"><img width=\"300\" height=\"235\" src=\"https:\/\/amega.lt\/wp-content\/uploads\/2023\/06\/lietuva-300x235.png\" class=\"vc_single_image-img attachment-medium\" alt=\"\" decoding=\"async\" loading=\"lazy\" title=\"\" \/><\/div>\n\t\t<\/div>\n\t<\/div>\n<\/div><\/div><\/div><\/div><\/div><div class=\"vc_row wpb_row top-row p-t-xxl p-b-xxl overflow-hidden vc_custom_1686509346807 vc_row-has-fill porto-inner-container\"><div class=\"porto-wrap-container container\"><div class=\"row\"><div class=\"vc_column_container col-md-12\"><div class=\"wpb_wrapper vc_column-inner\">\n\t<div class=\"wpb_raw_code wpb_content_element wpb_raw_html position-absolute svg-1 opacity-2 z-index-1 mb-0\" >\n\t\t<div class=\"wpb_wrapper\">\n\t\t\t<svg xmlns=\"http:\/\/www.w3.org\/2000\/svg\" xmlns:xlink=\"http:\/\/www.w3.org\/1999\/xlink\" class=\"d-none d-lg-block\" x=\"0px\" y=\"0px\" viewbox=\"0 0 1686.88 1095.86\" data-appear-animation-svg=\"1\"><path class=\"appear-animation animated customLines1anim appear-animation-visible\" data-plugin-options=\"{'accY': -500, 'forceAnimation': true}\" data-appear-animation=\"customLines1anim\" data-appear-animation-delay=\"100\" data-appear-animation-duration=\"7s\" fill=\"none\" stroke=\"#d8d8d8\" stroke-width=\"2px\" stroke-miterlimit=\"10\" d=\"M87.95,1.4c6.82,9.14,15.53,21.59,24.68,36.94c6.82,11.45,27.18,46.82,42.55,96.51        c22.8,73.68,21.39,136.02,20.51,156c-3.11,70.56-22.16,122.51-36,159.32c-10.88,28.95-11.68,24.38-59.74,125.62        c-43.46,91.53-49.66,109.7-52.85,119.49C6.6,758.14,2.98,804.59,2.16,829.14c-1.49,44.72,4.54,70.82,6.47,78.64        c3.54,14.35,10.42,41.25,29.79,70.47c6.64,10.01,30.84,44.6,76.77,69.11c42.9,22.9,81.52,24.6,110.47,25.87        c45.57,2.01,79.98-6.18,113.02-14.3c30.83-7.58,58.4-18.38,113.53-40c59.55-23.35,66.43-28.58,110.47-43.91        c35.63-12.41,57.67-19.98,89.36-25.7c25.68-4.64,55.3-9.77,94.3-6.3c12.43,1.11,53.97,5.59,102.13,27.74        c32.05,14.74,53.03,30.87,57.53,34.38c24.26,18.91,41.05,38.65,51.91,53.45\" style=\"animation-duration: 7s; animation-delay: 100ms;\"><\/path><path class=\"appear-animation animated customLines1anim appear-animation-visible\" data-plugin-options=\"{'accY': -500, 'forceAnimation': true}\" data-appear-animation=\"customLines1anim\" data-appear-animation-delay=\"100\" data-appear-animation-duration=\"7s\" fill=\"none\" stroke=\"#d8d8d8\" stroke-width=\"2px\" stroke-miterlimit=\"10\" d=\"M119.44,34.42c8.99,12.85,20.33,30.49,31.66,52.43c26.28,50.9,36.35,93.84,39.15,106.55        c3.12,14.2,10.77,52.5,9.53,102.81c-0.28,11.19-2.03,65.48-23.83,133.79c-9.82,30.78-21.07,54.56-43.57,102.13        c-26.78,56.6-29.14,53.79-45.62,90.21c-19.84,43.85-42.56,94.07-48.68,161.02c-2.86,31.34-5.69,66.08,7.49,108.6        c6.03,19.44,20.95,65.45,64,101.11c47.45,39.3,101.05,42.8,133.79,44.94c63.04,4.12,115.57-13.6,165.11-30.3        c5.59-1.89,23.59-8.86,59.57-22.81c100.23-38.85,99.33-40.27,122.21-47.32c41.18-12.69,80.51-24.8,133.11-21.79        c19.83,1.14,63.01,5.65,111.66,28.94c8.19,3.92,50.6,24.68,88.51,64.34c5.66,5.92,10.38,11.39,12.6,13.96        c23.78,27.59,39.5,52.94,49.36,70.81\" style=\"animation-duration: 7s; animation-delay: 100ms;\"><\/path><path class=\"appear-animation animated customLines1anim appear-animation-visible\" data-plugin-options=\"{'accY': -500, 'forceAnimation': true}\" data-appear-animation=\"customLines1anim\" data-appear-animation-delay=\"100\" data-appear-animation-duration=\"7s\" fill=\"none\" stroke=\"#d8d8d8\" stroke-width=\"2px\" stroke-miterlimit=\"10\" d=\"M149.4,68.12c6.57,8.86,14.9,20.95,23.49,35.91c4.29,7.48,19.67,34.89,32.17,73.53        c6.72,20.77,21.93,69.22,20.6,133.28c-1.3,62.06-17.49,108.17-28.94,139.91c-10.84,30.08-24.93,58.75-53.11,116.09        c-20.68,42.08-23.94,45.72-33.7,69.11c-12.01,28.77-26.1,63.09-33.02,108.6c-5.01,32.91-10.64,69.92,1.7,115.4        c5.5,20.27,17.08,60.94,53.45,94.64c42.55,39.43,93.06,45.28,119.49,48.34c54.36,6.29,98.94-6.87,146.04-20.77        c14.56-4.3,31.27-10.58,64.68-23.15c90.64-34.09,94.12-40.57,133.45-51.74c33.81-9.61,71.69-20.37,122.21-16.68        c58.83,4.3,99.83,25.64,107.91,29.96c40.02,21.39,65.7,49.16,77.96,62.64c8.35,9.18,14.84,17.39,19.4,23.49\" style=\"animation-duration: 7s; animation-delay: 100ms;\"><\/path><path class=\"appear-animation animated customLines1anim appear-animation-visible\" data-plugin-options=\"{'accY': -500, 'forceAnimation': true}\" data-appear-animation=\"customLines1anim\" data-appear-animation-delay=\"100\" data-appear-animation-duration=\"7s\" fill=\"none\" stroke=\"#d8d8d8\" stroke-width=\"2px\" stroke-miterlimit=\"10\" d=\"M179.69,101.14c6.75,9.74,13.52,20.4,20.09,32c22.79,40.27,33.1,74.23,35.4,82.04        c5.33,18.08,15.6,58.21,14.64,110.3c-0.24,12.92-1.88,65.03-24.85,127.32c-3.1,8.42-7.74,18.89-17.02,39.83        c-25.65,57.88-36.57,75.11-52.43,110.3c-18.12,40.19-31.28,69.39-39.83,110.64c-7.2,34.73-15.41,74.33-2.38,122.21        c4.55,16.73,14.43,51.38,44.94,82.04c35.67,35.85,78.11,44.69,100.43,49.02c58.53,11.37,107.23-3.46,156.26-18.38        c24.42-7.44,15.93-6.77,86.47-33.7c103.46-39.5,129.97-44.06,142.98-45.96c28.7-4.18,61.65-8.66,103.15,1.02        c7.96,1.86,47.73,11.59,90.21,42.55c30.91,22.53,50.88,47.29,62.64,64.34\" style=\"animation-duration: 7s; animation-delay: 100ms;\"><\/path><path class=\"appear-animation animated customLines1anim appear-animation-visible\" data-plugin-options=\"{'accY': -500, 'forceAnimation': true}\" data-appear-animation=\"customLines1anim\" data-appear-animation-delay=\"100\" data-appear-animation-duration=\"7s\" fill=\"none\" stroke=\"#d8d8d8\" stroke-width=\"2px\" stroke-miterlimit=\"10\" d=\"M208.89,133.57c7.42,9.37,15.01,20.15,22.21,32.43c21.75,37.04,29.38,69.66,33.96,89.87        c4.69,20.73,13.92,63.26,7.4,117.96c-4.84,40.58-16.18,69.74-28.09,100.34c-11.91,30.61-15.38,31.76-42.38,89.11        c-24.66,52.37-36.99,78.56-44.68,105.45c-8.49,29.66-18.6,66.37-13.28,113.36c2.65,23.35,6.06,53.41,27.06,84        c28.75,41.87,70.98,56.35,86.81,61.53c35.79,11.71,65.37,8.99,93.19,6.13c15-1.54,44-5.54,139.91-42.38        c72.26-27.76,81.46-35.35,120.77-43.91c27.26-5.94,54.69-11.68,91.15-8.17c55.63,5.36,93.81,28.56,102.38,33.96        c36.12,22.73,57.57,50.99,66.38,62.81c3.86,5.17,6.88,9.63,8.94,12.77\" style=\"animation-duration: 7s; animation-delay: 100ms;\"><\/path><\/svg>\n\t\t<\/div>\n\t<\/div>\n<div class=\"vc_row wpb_row vc_inner row vc_custom_1686509364600 vc_row-o-content-middle vc_row-flex\"><div class=\"vc_column_container col-md-12 col-lg-3\"><div class=\"wpb_wrapper vc_column-inner\"><div class=\"porto-u-heading text-lg-end  wpb_custom_9aa7ed6c767350afe851af1c02b6da03 porto-u-8349\"><div class=\"porto-u-sub-heading\" style=\"color: #3e3e3e;\">Services<\/div><style>.porto-u-8349.porto-u-heading{text-align:left}<\/style><\/div><\/div><\/div><div class=\"vc_column_container col-md-12 col-lg-6\"><div class=\"wpb_wrapper vc_column-inner\"><p style=\"color: #3e3e3e\" class=\"vc_custom_heading pl-lg-5 vc_custom_1700513641220 align-left\" >To find out the prices of the planned products, contact us.\n\u200b<\/p><\/div><\/div><div class=\"text-lg-end vc_column_container col-md-12 col-lg-3\"><div class=\"wpb_wrapper vc_column-inner\"><div class=\"vc_btn3-container vc_btn3-inline vc_custom_1698102183475\" >\n\t<a class=\"vc_general vc_btn3 vc_btn3-size-md vc_btn3-shape-default vc_btn3-style-custom wpb_custom_cc2231af1c287b1bd1d6cc0c88b89163 vc_btn3-icon-right hover-icon-pulse-left-right btn\" style=\"background-color:#0049b5; color:#ffffff; background-color:#0049b5; color:#ffffff; font-size:16px; font-weight:700; padding:15px 47px;\" href=\"https:\/\/amega.lt\/en\/kontaktai\/\" title=\"Contacts\">Contacts <i class=\"vc_btn3-icon porto-icon-arrow-forward-right\"><\/i><\/a>\t<\/div>\n<\/div><\/div><\/div><\/div><\/div><\/div><\/div><\/div><div class=\"vc_row wpb_row top-row vc_custom_1653316769727 porto-inner-container\"><div class=\"porto-wrap-container container\"><div class=\"row\"><div class=\"vc_column_container col-md-6 col-lg-3\"><div class=\"wpb_wrapper vc_column-inner\"><div class=\"porto-animation\"  data-appear-animation=\"fadeInUp\" data-appear-animation-delay=\"100\"><div class=\"porto-sicon-box  vc_custom_1700514125592 custom-icon-box  wpb_custom_d30967497e21d97af9f83fb6d633f8ea style_1 top-icon\"><div class=\"porto-sicon-top\"><div id=\"porto-icon-209199146069db2e3e6c283\" class=\"porto-just-icon-wrapper porto-sicon-img\" style=\"font-size: 76px;margin-bottom:24px;\"><img class=\"img-icon\" alt=\"\" src=\"https:\/\/amega.lt\/wp-content\/uploads\/2023\/06\/laser-cutting.png\" width=\"512\" height=\"512\" \/><\/div><\/div><div class=\"porto-sicon-header\" style=\"margin-bottom:21px;\"><h3 class=\"porto-sicon-title\" style=\"margin-bottom:14px;\">Metalo pjovimas lazeriu<\/h3><\/div> <!-- header --><div class=\"porto-sicon-description\" style=\"\"><a class=\"porto-sicon-read xx\" href=\"https:\/\/amega.lt\/en\/metalo-pjovimas-lazeriu\/\" title='Read More'>Show more<span>&nbsp;&raquo;<\/span><\/a><\/div> <!-- description --><\/div><!-- porto-sicon-box --><\/div><\/div><\/div><div class=\"vc_column_container col-md-6 col-lg-3\"><div class=\"wpb_wrapper vc_column-inner\"><div class=\"porto-animation\"  data-appear-animation=\"fadeInUp\" data-appear-animation-delay=\"400\"><div class=\"porto-sicon-box  vc_custom_1698102358152 custom-icon-box  wpb_custom_d30967497e21d97af9f83fb6d633f8ea style_1 top-icon\"><div class=\"porto-sicon-top\"><div id=\"porto-icon-24803723269db2e3e6c6f6\" class=\"porto-just-icon-wrapper porto-sicon-img\" style=\"font-size: 76px;margin-bottom:24px;\"><img class=\"img-icon\" alt=\"\" src=\"https:\/\/amega.lt\/wp-content\/uploads\/2023\/10\/metal-2.png\" width=\"512\" height=\"512\" \/><\/div><\/div><div class=\"porto-sicon-header\" style=\"margin-bottom:21px;\"><h3 class=\"porto-sicon-title\" style=\"margin-bottom:14px;\">Production of various purpose pump stations<\/h3><\/div> <!-- header --><div class=\"porto-sicon-description\" style=\"\"><a class=\"porto-sicon-read xx\" href=\"https:\/\/amega.lt\/en\/siurbliu-stoteliu-gamyba\/\" title='Read More'>Show more<span>&nbsp;&raquo;<\/span><\/a><\/div> <!-- description --><\/div><!-- porto-sicon-box --><\/div><\/div><\/div><div class=\"vc_column_container col-md-6 col-lg-3\"><div class=\"wpb_wrapper vc_column-inner\"><div class=\"porto-animation\"  data-appear-animation=\"fadeInUp\" data-appear-animation-delay=\"700\"><div class=\"porto-sicon-box  vc_custom_1698102372968 custom-icon-box  wpb_custom_d30967497e21d97af9f83fb6d633f8ea style_1 top-icon\"><div class=\"porto-sicon-top\"><div id=\"porto-icon-126715117269db2e3e6cafb\" class=\"porto-just-icon-wrapper porto-sicon-img\" style=\"font-size: 76px;margin-bottom:24px;\"><img class=\"img-icon\" alt=\"\" src=\"https:\/\/amega.lt\/wp-content\/uploads\/2023\/10\/metal-3.jpg\" width=\"512\" height=\"512\" \/><\/div><\/div><div class=\"porto-sicon-header\" style=\"margin-bottom:21px;\"><h3 class=\"porto-sicon-title\" style=\"margin-bottom:14px;\">Drilling holes<\/h3><\/div> <!-- header --><div class=\"porto-sicon-description\" style=\"\"><a class=\"porto-sicon-read xx\" href=\"https:\/\/amega.lt\/en\/kiaurymiu-grezimas\/\" title='Read More'>Show more<span>&nbsp;&raquo;<\/span><\/a><\/div> <!-- description --><\/div><!-- porto-sicon-box --><\/div><\/div><\/div><div class=\"vc_column_container col-md-6 col-lg-3\"><div class=\"wpb_wrapper vc_column-inner\"><div class=\"porto-animation\"  data-appear-animation=\"fadeInUp\" data-appear-animation-delay=\"1000\"><div class=\"porto-sicon-box  vc_custom_1700515317357 custom-icon-box  wpb_custom_d30967497e21d97af9f83fb6d633f8ea style_1 top-icon\"><div class=\"porto-sicon-top\"><div id=\"porto-icon-8728163269db2e3e6cedb\" class=\"porto-just-icon-wrapper porto-sicon-img\" style=\"font-size: 76px;margin-bottom:24px;\"><img class=\"img-icon\" alt=\"\" src=\"https:\/\/amega.lt\/wp-content\/uploads\/2023\/06\/metal.png\" width=\"512\" height=\"512\" \/><\/div><\/div><div class=\"porto-sicon-header\" style=\"margin-bottom:21px;\"><h3 class=\"porto-sicon-title\" style=\"margin-bottom:14px;\">\u012evairi\u0173 metalini\u0173 konstrukcij\u0173 gamyba<\/h3><\/div> <!-- header --><div class=\"porto-sicon-description\" style=\"\"><a class=\"porto-sicon-read xx\" href=\"https:\/\/amega.lt\/en\/ivairiu-metaliniu-konstrukciju-gamyba\/\" title='Read More'>Show more<span>&nbsp;&raquo;<\/span><\/a><\/div> <!-- description --><\/div><!-- porto-sicon-box --><\/div><\/div><\/div><\/div><\/div><\/div><div class=\"vc_row wpb_row top-row vc_custom_1653334688591 porto-inner-container\"><div class=\"porto-wrap-container container\"><div class=\"row\"><div class=\"vc_column_container col-md-12 col-lg-6 vc_custom_1653334091598\"><div class=\"wpb_wrapper vc_column-inner\"><div class=\"porto-u-heading mb-3  wpb_custom_019f285353d3f6748f1361c0a936a012 porto-u-4232\"><div class=\"porto-u-sub-heading\" style=\"color: #3e3e3e;\">Frequently asked questions<\/div><style>.porto-u-4232.porto-u-heading{text-align:left}<\/style><\/div><div class=\"vc_row wpb_row vc_inner row\"><div class=\"vc_column_container col-md-12\"><div class=\"wpb_wrapper vc_column-inner\"><div class=\"vc_btn3-container  custom-btn vc_btn3-inline vc_custom_1698102195583\" >\n\t<a class=\"vc_btn3 vc_btn3-shape-default wpb_custom_fcacb4077c3d6aa4b7bf1d95afd8ff56 vc_btn3-icon-right hover-icon-pulse-left-right btn btn-md btn-primary\" style=\"font-size:16px; font-weight:700; padding:16px 46px;\" href=\"https:\/\/amega.lt\/en\/kontaktai\/\" title=\"Contacts\">Contacts <i class=\"vc_btn3-icon porto-icon-arrow-forward-right\"><\/i><\/a>\t<\/div>\n<div class=\"porto-sicon-box d-inline-flex  wpb_custom_328583ebc5767e39c206df775754c1eb style_1 default-icon\"><div class=\"porto-sicon-default\"><div class=\"porto-just-icon-wrapper porto-icon none\" style=\"color:#0049b5;font-size:22px;margin-right:5px;\"><i class=\"porto-icon-phone-1\"><\/i><\/div><\/div><div class=\"porto-sicon-header\"><a class=\"porto-sicon-box-link\" href=\"tel: 37068646442\" title='Phone'><h3 class=\"porto-sicon-title\" style=\"margin-bottom:0px;\">+370 686 46442<\/h3><\/a><\/div> <!-- header --><\/div><!-- porto-sicon-box --><\/div><\/div><\/div><\/div><\/div><div class=\"vc_column_container col-md-12 col-lg-6 vc_custom_1653334099948\"><div class=\"wpb_wrapper vc_column-inner\"><div class=\"porto-faqs porto-faqss1n4 wpb_content_element\">\n\t<div class=\"page-faqs clearfix wpb_custom_7c54975f09ebe462c2c8062cf7fc1923\" id=\"porto_faqs_ssqg\">\n\n\t\t\n\t\t\n\t\t<div class=\"faq-row faqs-container\">\n\t\t\t\n<div class=\"faq post-2923 type-faq status-publish hentry\">\n\t<section class=\"toggle\">\n\t\t<label>What does the price of metal structures depend on?<\/label>\n\t\t<div class=\"toggle-content\">\n\t\t<h3 class=\"entry-title\" style=\"display: none;\">What does the price of metal structures depend on?<\/h3><span class=\"vcard\" style=\"display: none;\"><span class=\"fn\"><a href=\"https:\/\/amega.lt\/en\/author\/ler_nc3171on\/\" title=\"Posts by admin\" rel=\"author\">admin<\/a><\/span><\/span><span class=\"updated\" style=\"display:none\">2023-10-23T22:23:21+00:00<\/span>\r\n<p>The price depends on the order quantity.<\/p>\r\n\t\t<\/div>\n\t<\/section>\n<\/div>\n\n<div class=\"faq post-2926 type-faq status-publish hentry\">\n\t<section class=\"toggle\">\n\t\t<label>What are the deadlines for the production and installation of metal structures?<\/label>\n\t\t<div class=\"toggle-content\">\n\t\t<h3 class=\"entry-title\" style=\"display: none;\">What are the deadlines for the production and installation of metal structures?<\/h3><span class=\"vcard\" style=\"display: none;\"><span class=\"fn\"><a href=\"https:\/\/amega.lt\/en\/author\/ler_nc3171on\/\" title=\"Posts by admin\" rel=\"author\">admin<\/a><\/span><\/span><span class=\"updated\" style=\"display:none\">2023-10-23T22:30:24+00:00<\/span>\r\n<p>We will be able to provide exact terms only after studying the details of the project. The terms depend on the quantity and complexity of the constructions.<\/p>\r\n\t\t<\/div>\n\t<\/section>\n<\/div>\n\n<div class=\"faq post-2927 type-faq status-publish hentry\">\n\t<section class=\"toggle\">\n\t\t<label>What are the quality requirements of metal constructions?<\/label>\n\t\t<div class=\"toggle-content\">\n\t\t<h3 class=\"entry-title\" style=\"display: none;\">What are the quality requirements of metal constructions?<\/h3><span class=\"vcard\" style=\"display: none;\"><span class=\"fn\"><a href=\"https:\/\/amega.lt\/en\/author\/ler_nc3171on\/\" title=\"Posts by admin\" rel=\"author\">admin<\/a><\/span><\/span><span class=\"updated\" style=\"display:none\">2023-10-23T22:26:58+00:00<\/span>\r\n<p>Metal structures are manufactured and installed in accordance with the Lithuanian construction regulations.<\/p>\r\n\t\t<\/div>\n\t<\/section>\n<\/div>\n\n<div class=\"faq post-2928 type-faq status-publish hentry\">\n\t<section class=\"toggle\">\n\t\t<label>Is it possible to buy metal structures for a down payment?<\/label>\n\t\t<div class=\"toggle-content\">\n\t\t<h3 class=\"entry-title\" style=\"display: none;\">Is it possible to buy metal structures for a down payment?<\/h3><span class=\"vcard\" style=\"display: none;\"><span class=\"fn\"><a href=\"https:\/\/amega.lt\/en\/author\/ler_nc3171on\/\" title=\"Posts by admin\" rel=\"author\">admin<\/a><\/span><\/span><span class=\"updated\" style=\"display:none\">2023-10-23T22:23:48+00:00<\/span>\r\n<p>For the convenience of our customers, all our products can be purchased in installments.<\/p>\r\n\t\t<\/div>\n\t<\/section>\n<\/div>\n\n<div class=\"faq post-2929 type-faq status-publish hentry\">\n\t<section class=\"toggle\">\n\t\t<label>Do we deliver to all Lithuanian cities?<\/label>\n\t\t<div class=\"toggle-content\">\n\t\t<h3 class=\"entry-title\" style=\"display: none;\">Do we deliver to all Lithuanian cities?<\/h3><span class=\"vcard\" style=\"display: none;\"><span class=\"fn\"><a href=\"https:\/\/amega.lt\/en\/author\/ler_nc3171on\/\" title=\"Posts by admin\" rel=\"author\">admin<\/a><\/span><\/span><span class=\"updated\" style=\"display:none\">2023-10-23T22:24:24+00:00<\/span>\r\n<p>We manufacture and install metal structures throughout Lithuania! The delivery price is negotiated individually, depending on the distance.<\/p>\r\n\t\t<\/div>\n\t<\/section>\n<\/div>\n\t\t<\/div>\n\n\t\t\n\t<\/div>\n\n\t\n\t<\/div><\/div><\/div><\/div><\/div><\/div>\n<\/section>","protected":false},"excerpt":{"rendered":"We manufacture and install metal structures throughout Lithuania! The delivery price is negotiated individually, depending on the distance.","protected":false},"author":1,"featured_media":0,"parent":0,"menu_order":0,"comment_status":"closed","ping_status":"closed","template":"","meta":[],"yoast_head":"<!-- This site is optimized with the Yoast SEO plugin v21.4 - https:\/\/yoast.com\/wordpress\/plugins\/seo\/ -->\n<title>Pagrindinis - UAB Amega<\/title>\n<meta name=\"robots\" content=\"index, follow, max-snippet:-1, max-image-preview:large, max-video-preview:-1\" \/>\n<link rel=\"canonical\" href=\"https:\/\/amega.lt\/en\/\" \/>\n<meta property=\"og:locale\" content=\"en_US\" \/>\n<meta property=\"og:type\" content=\"article\" \/>\n<meta property=\"og:title\" content=\"Pagrindinis - UAB Amega\" \/>\n<meta property=\"og:url\" content=\"https:\/\/amega.lt\/en\/\" \/>\n<meta property=\"og:site_name\" content=\"UAB Amega\" \/>\n<meta property=\"article:modified_time\" content=\"2023-11-20T21:22:03+00:00\" \/>\n<meta name=\"twitter:card\" content=\"summary_large_image\" \/>\n<meta name=\"twitter:label1\" content=\"Est. reading time\" \/>\n\t<meta name=\"twitter:data1\" content=\"3 minutes\" \/>\n<script type=\"application\/ld+json\" class=\"yoast-schema-graph\">{\"@context\":\"https:\/\/schema.org\",\"@graph\":[{\"@type\":\"WebPage\",\"@id\":\"https:\/\/amega.lt\/\",\"url\":\"https:\/\/amega.lt\/\",\"name\":\"Pagrindinis - UAB Amega\",\"isPartOf\":{\"@id\":\"https:\/\/amega.lt\/#website\"},\"datePublished\":\"2022-05-10T01:04:10+00:00\",\"dateModified\":\"2023-11-20T21:22:03+00:00\",\"breadcrumb\":{\"@id\":\"https:\/\/amega.lt\/#breadcrumb\"},\"inLanguage\":\"en-US\",\"potentialAction\":[{\"@type\":\"ReadAction\",\"target\":[\"https:\/\/amega.lt\/\"]}]},{\"@type\":\"BreadcrumbList\",\"@id\":\"https:\/\/amega.lt\/#breadcrumb\",\"itemListElement\":[{\"@type\":\"ListItem\",\"position\":1,\"name\":\"Home\",\"item\":\"https:\/\/amega.lt\/\"},{\"@type\":\"ListItem\",\"position\":2,\"name\":\"Pagrindinis\"}]},{\"@type\":\"WebSite\",\"@id\":\"https:\/\/amega.lt\/#website\",\"url\":\"https:\/\/amega.lt\/\",\"name\":\"UAB Amega\",\"description\":\"\",\"potentialAction\":[{\"@type\":\"SearchAction\",\"target\":{\"@type\":\"EntryPoint\",\"urlTemplate\":\"https:\/\/amega.lt\/?s={search_term_string}\"},\"query-input\":\"required name=search_term_string\"}],\"inLanguage\":\"en-US\"}]}<\/script>\n<!-- \/ Yoast SEO plugin. -->","yoast_head_json":{"title":"Pagrindinis - UAB Amega","robots":{"index":"index","follow":"follow","max-snippet":"max-snippet:-1","max-image-preview":"max-image-preview:large","max-video-preview":"max-video-preview:-1"},"canonical":"https:\/\/amega.lt\/en\/","og_locale":"en_US","og_type":"article","og_title":"Pagrindinis - UAB Amega","og_url":"https:\/\/amega.lt\/en\/","og_site_name":"UAB Amega","article_modified_time":"2023-11-20T21:22:03+00:00","twitter_card":"summary_large_image","twitter_misc":{"Est. reading time":"3 minutes"},"schema":{"@context":"https:\/\/schema.org","@graph":[{"@type":"WebPage","@id":"https:\/\/amega.lt\/","url":"https:\/\/amega.lt\/","name":"Pagrindinis - UAB Amega","isPartOf":{"@id":"https:\/\/amega.lt\/#website"},"datePublished":"2022-05-10T01:04:10+00:00","dateModified":"2023-11-20T21:22:03+00:00","breadcrumb":{"@id":"https:\/\/amega.lt\/#breadcrumb"},"inLanguage":"en-US","potentialAction":[{"@type":"ReadAction","target":["https:\/\/amega.lt\/"]}]},{"@type":"BreadcrumbList","@id":"https:\/\/amega.lt\/#breadcrumb","itemListElement":[{"@type":"ListItem","position":1,"name":"Home","item":"https:\/\/amega.lt\/"},{"@type":"ListItem","position":2,"name":"Pagrindinis"}]},{"@type":"WebSite","@id":"https:\/\/amega.lt\/#website","url":"https:\/\/amega.lt\/","name":"UAB Amega","description":"","potentialAction":[{"@type":"SearchAction","target":{"@type":"EntryPoint","urlTemplate":"https:\/\/amega.lt\/?s={search_term_string}"},"query-input":"required name=search_term_string"}],"inLanguage":"en-US"}]}},"_links":{"self":[{"href":"https:\/\/amega.lt\/en\/wp-json\/wp\/v2\/pages\/2882"}],"collection":[{"href":"https:\/\/amega.lt\/en\/wp-json\/wp\/v2\/pages"}],"about":[{"href":"https:\/\/amega.lt\/en\/wp-json\/wp\/v2\/types\/page"}],"author":[{"embeddable":true,"href":"https:\/\/amega.lt\/en\/wp-json\/wp\/v2\/users\/1"}],"replies":[{"embeddable":true,"href":"https:\/\/amega.lt\/en\/wp-json\/wp\/v2\/comments?post=2882"}],"version-history":[{"count":110,"href":"https:\/\/amega.lt\/en\/wp-json\/wp\/v2\/pages\/2882\/revisions"}],"predecessor-version":[{"id":3486,"href":"https:\/\/amega.lt\/en\/wp-json\/wp\/v2\/pages\/2882\/revisions\/3486"}],"wp:attachment":[{"href":"https:\/\/amega.lt\/en\/wp-json\/wp\/v2\/media?parent=2882"}],"curies":[{"name":"wp","href":"https:\/\/api.w.org\/{rel}","templated":true}]}}