{"id":2853,"date":"2022-05-12T12:52:56","date_gmt":"2022-05-12T12:52:56","guid":{"rendered":"https:\/\/lengvasaskaita.lt\/amedemo\/company-2\/"},"modified":"2023-11-20T21:21:19","modified_gmt":"2023-11-20T21:21:19","slug":"paslaugos","status":"publish","type":"page","link":"https:\/\/amega.lt\/en\/paslaugos\/","title":{"rendered":"Services"},"content":{"rendered":"<section class=\"wpb-content-wrapper\"><div class=\"vc_row wpb_row top-row vc_custom_1698098595771 porto-inner-container\"><div class=\"porto-wrap-container container\"><div class=\"row\"><div class=\"vc_column_container col-md-12 col-lg-6 vc_custom_1653334091598\"><div class=\"wpb_wrapper vc_column-inner\">\n\t<div class=\"wpb_single_image wpb_content_element vc_align_left\">\n\t\t<div class=\"wpb_wrapper\">\n\t\t\t\n\t\t\t<a href=\"https:\/\/amega.lt\/en\/metalo-pjovimas-lazeriu\/\" target=\"_self\"><div class=\"vc_single_image-wrapper   vc_box_border_grey\"><img width=\"960\" height=\"600\" src=\"https:\/\/amega.lt\/wp-content\/uploads\/2023\/06\/apie-mus-1.jpg\" class=\"vc_single_image-img attachment-full\" alt=\"\" decoding=\"async\" loading=\"lazy\" title=\"\" srcset=\"https:\/\/amega.lt\/wp-content\/uploads\/2023\/06\/apie-mus-1.jpg 960w, https:\/\/amega.lt\/wp-content\/uploads\/2023\/06\/apie-mus-1-600x375.jpg 600w, https:\/\/amega.lt\/wp-content\/uploads\/2023\/06\/apie-mus-1-768x480.jpg 768w, https:\/\/amega.lt\/wp-content\/uploads\/2023\/06\/apie-mus-1-640x400.jpg 640w, https:\/\/amega.lt\/wp-content\/uploads\/2023\/06\/apie-mus-1-400x250.jpg 400w, https:\/\/amega.lt\/wp-content\/uploads\/2023\/06\/apie-mus-1-367x229.jpg 367w\" sizes=\"(max-width: 960px) 100vw, 960px\" \/><\/div><\/a>\n\t\t<\/div>\n\t<\/div>\n<h2 style=\"color: #0049b5\" class=\"vc_custom_heading align-left\" ><a href=\"https:\/\/amega.lt\/en\/metalo-pjovimas-lazeriu\/\" title=\"Laser cutting\">Metalo pjovimas lazeriu<\/a><\/h2><div class=\"vc_btn3-container  custom-btn vc_btn3-inline\" >\n\t<a class=\"vc_btn3 vc_btn3-shape-default wpb_custom_c2e610bd2956dfe1a86d69d303213bf5 vc_btn3-icon-right hover-icon-pulse-left-right btn btn-md btn-primary\" style=\"font-size:14px; font-weight:700; padding:16px 47px;\" href=\"https:\/\/amega.lt\/en\/metalo-pjovimas-lazeriu\/\" title=\"Show more\">Show more <i class=\"vc_btn3-icon porto-icon-arrow-forward-right\"><\/i><\/a>\t<\/div>\n<\/div><\/div><div class=\"custom-gallery vc_column_container col-md-12 col-lg-6 vc_custom_1653434657702\"><div class=\"wpb_wrapper vc_column-inner\">\n\t<div class=\"wpb_single_image wpb_content_element vc_align_left\">\n\t\t<div class=\"wpb_wrapper\">\n\t\t\t\n\t\t\t<a href=\"https:\/\/amega.lt\/en\/siurbliu-stoteliu-gamyba\/\" target=\"_self\"><div class=\"vc_single_image-wrapper   vc_box_border_grey\"><img width=\"960\" height=\"600\" src=\"https:\/\/amega.lt\/wp-content\/uploads\/2023\/06\/apie-mus-3.jpg\" class=\"vc_single_image-img attachment-full\" alt=\"\" decoding=\"async\" loading=\"lazy\" title=\"\" srcset=\"https:\/\/amega.lt\/wp-content\/uploads\/2023\/06\/apie-mus-3.jpg 960w, https:\/\/amega.lt\/wp-content\/uploads\/2023\/06\/apie-mus-3-600x375.jpg 600w, https:\/\/amega.lt\/wp-content\/uploads\/2023\/06\/apie-mus-3-768x480.jpg 768w, https:\/\/amega.lt\/wp-content\/uploads\/2023\/06\/apie-mus-3-640x400.jpg 640w, https:\/\/amega.lt\/wp-content\/uploads\/2023\/06\/apie-mus-3-400x250.jpg 400w, https:\/\/amega.lt\/wp-content\/uploads\/2023\/06\/apie-mus-3-367x229.jpg 367w\" sizes=\"(max-width: 960px) 100vw, 960px\" \/><\/div><\/a>\n\t\t<\/div>\n\t<\/div>\n<h2 style=\"color: #0049b5\" class=\"vc_custom_heading align-left\" ><a href=\"https:\/\/amega.lt\/en\/siurbliu-stoteliu-gamyba\/\" title=\"Production of various purpose pump stations\">Production of various purpose pump stations<\/a><\/h2><div class=\"vc_btn3-container  custom-btn vc_btn3-inline\" >\n\t<a class=\"vc_btn3 vc_btn3-shape-default wpb_custom_c2e610bd2956dfe1a86d69d303213bf5 vc_btn3-icon-right hover-icon-pulse-left-right btn btn-md btn-primary\" style=\"font-size:14px; font-weight:700; padding:16px 47px;\" href=\"https:\/\/amega.lt\/en\/siurbliu-stoteliu-gamyba\/\" title=\"Show more\">Show more <i class=\"vc_btn3-icon porto-icon-arrow-forward-right\"><\/i><\/a>\t<\/div>\n<\/div><\/div><\/div><\/div><\/div><div class=\"vc_row wpb_row top-row vc_custom_1698089500685 porto-inner-container\"><div class=\"porto-wrap-container container\"><div class=\"row\"><div class=\"vc_column_container col-md-12 col-lg-6 vc_custom_1653334091598\"><div class=\"wpb_wrapper vc_column-inner\">\n\t<div class=\"wpb_single_image wpb_content_element vc_align_left\">\n\t\t<div class=\"wpb_wrapper\">\n\t\t\t\n\t\t\t<a href=\"https:\/\/amega.lt\/en\/kiaurymiu-grezimas\/\" target=\"_self\"><div class=\"vc_single_image-wrapper   vc_box_border_grey\"><img width=\"960\" height=\"600\" src=\"https:\/\/amega.lt\/wp-content\/uploads\/2023\/10\/Kiaurymiu-grezimas.jpg\" class=\"vc_single_image-img attachment-full\" alt=\"\" decoding=\"async\" loading=\"lazy\" title=\"Drilling holes\" srcset=\"https:\/\/amega.lt\/wp-content\/uploads\/2023\/10\/Kiaurymiu-grezimas.jpg 960w, https:\/\/amega.lt\/wp-content\/uploads\/2023\/10\/Kiaurymiu-grezimas-768x480.jpg 768w, https:\/\/amega.lt\/wp-content\/uploads\/2023\/10\/Kiaurymiu-grezimas-640x400.jpg 640w, https:\/\/amega.lt\/wp-content\/uploads\/2023\/10\/Kiaurymiu-grezimas-400x250.jpg 400w, https:\/\/amega.lt\/wp-content\/uploads\/2023\/10\/Kiaurymiu-grezimas-367x229.jpg 367w, https:\/\/amega.lt\/wp-content\/uploads\/2023\/10\/Kiaurymiu-grezimas-600x375.jpg 600w\" sizes=\"(max-width: 960px) 100vw, 960px\" \/><\/div><\/a>\n\t\t<\/div>\n\t<\/div>\n<h2 style=\"color: #0049b5\" class=\"vc_custom_heading align-left\" ><a href=\"https:\/\/amega.lt\/en\/kiaurymiu-grezimas\/\" title=\"Drilling holes\">Drilling holes<\/a><\/h2><div class=\"vc_btn3-container  custom-btn vc_btn3-inline\" >\n\t<a class=\"vc_btn3 vc_btn3-shape-default wpb_custom_c2e610bd2956dfe1a86d69d303213bf5 vc_btn3-icon-right hover-icon-pulse-left-right btn btn-md btn-primary\" style=\"font-size:14px; font-weight:700; padding:16px 47px;\" href=\"https:\/\/amega.lt\/en\/kiaurymiu-grezimas\/\" title=\"Show more\">Show more <i class=\"vc_btn3-icon porto-icon-arrow-forward-right\"><\/i><\/a>\t<\/div>\n<\/div><\/div><div class=\"custom-gallery vc_column_container col-md-12 col-lg-6 vc_custom_1653434657702\"><div class=\"wpb_wrapper vc_column-inner\">\n\t<div class=\"wpb_single_image wpb_content_element vc_align_left\">\n\t\t<div class=\"wpb_wrapper\">\n\t\t\t\n\t\t\t<a href=\"https:\/\/amega.lt\/en\/ivairiu-metaliniu-konstrukciju-gamyba\/\" target=\"_self\"><div class=\"vc_single_image-wrapper   vc_box_border_grey\"><img width=\"960\" height=\"600\" src=\"https:\/\/amega.lt\/wp-content\/uploads\/2023\/10\/Ivairiu-konstrukciju-gamyba.jpg\" class=\"vc_single_image-img attachment-full\" alt=\"\" decoding=\"async\" loading=\"lazy\" title=\"Production of various metal structures\" srcset=\"https:\/\/amega.lt\/wp-content\/uploads\/2023\/10\/Ivairiu-konstrukciju-gamyba.jpg 960w, https:\/\/amega.lt\/wp-content\/uploads\/2023\/10\/Ivairiu-konstrukciju-gamyba-768x480.jpg 768w, https:\/\/amega.lt\/wp-content\/uploads\/2023\/10\/Ivairiu-konstrukciju-gamyba-640x400.jpg 640w, https:\/\/amega.lt\/wp-content\/uploads\/2023\/10\/Ivairiu-konstrukciju-gamyba-400x250.jpg 400w, https:\/\/amega.lt\/wp-content\/uploads\/2023\/10\/Ivairiu-konstrukciju-gamyba-367x229.jpg 367w, https:\/\/amega.lt\/wp-content\/uploads\/2023\/10\/Ivairiu-konstrukciju-gamyba-600x375.jpg 600w\" sizes=\"(max-width: 960px) 100vw, 960px\" \/><\/div><\/a>\n\t\t<\/div>\n\t<\/div>\n<h2 style=\"color: #0049b5\" class=\"vc_custom_heading align-left\" ><a href=\"https:\/\/amega.lt\/en\/ivairiu-metaliniu-konstrukciju-gamyba\/\" title=\"\u012evairi\u0173 metalini\u0173 konstrukcij\u0173 gamyba\">\u012evairi\u0173 metalini\u0173 konstrukcij\u0173 gamyba<\/a><\/h2><div class=\"vc_btn3-container  custom-btn vc_btn3-inline\" >\n\t<a class=\"vc_btn3 vc_btn3-shape-default wpb_custom_c2e610bd2956dfe1a86d69d303213bf5 vc_btn3-icon-right hover-icon-pulse-left-right btn btn-md btn-primary\" style=\"font-size:14px; font-weight:700; padding:16px 47px;\" href=\"https:\/\/amega.lt\/en\/ivairiu-metaliniu-konstrukciju-gamyba\/\" title=\"Show more\">Show more <i class=\"vc_btn3-icon porto-icon-arrow-forward-right\"><\/i><\/a>\t<\/div>\n<\/div><\/div><\/div><\/div><\/div><div class=\"vc_row wpb_row top-row vc_custom_1698089500685 porto-inner-container\"><div class=\"porto-wrap-container container\"><div class=\"row\"><div class=\"vc_column_container col-md-12 col-lg-6 vc_custom_1653334091598\"><div class=\"wpb_wrapper vc_column-inner\">\n\t<div class=\"wpb_single_image wpb_content_element vc_align_left\">\n\t\t<div class=\"wpb_wrapper\">\n\t\t\t\n\t\t\t<a href=\"https:\/\/amega.lt\/en\/akumuliacines-talpos\/\" target=\"_self\"><div class=\"vc_single_image-wrapper   vc_box_border_grey\"><img width=\"581\" height=\"696\" src=\"https:\/\/amega.lt\/wp-content\/uploads\/2023\/11\/Sleginiai-indai-1.png\" class=\"vc_single_image-img attachment-full\" alt=\"\" decoding=\"async\" loading=\"lazy\" title=\"Sl\u0117giniai indai\" srcset=\"https:\/\/amega.lt\/wp-content\/uploads\/2023\/11\/Sleginiai-indai-1.png 581w, https:\/\/amega.lt\/wp-content\/uploads\/2023\/11\/Sleginiai-indai-1-400x479.png 400w\" sizes=\"(max-width: 581px) 100vw, 581px\" \/><\/div><\/a>\n\t\t<\/div>\n\t<\/div>\n<h2 style=\"color: #0049b5\" class=\"vc_custom_heading align-left\" ><a href=\"https:\/\/amega.lt\/en\/akumuliacines-talpos\/\" title=\"Drilling holes\">Storage capacities<\/a><\/h2><div class=\"vc_btn3-container  custom-btn vc_btn3-inline\" >\n\t<a class=\"vc_btn3 vc_btn3-shape-default wpb_custom_c2e610bd2956dfe1a86d69d303213bf5 vc_btn3-icon-right hover-icon-pulse-left-right btn btn-md btn-primary\" style=\"font-size:14px; font-weight:700; padding:16px 47px;\" href=\"https:\/\/amega.lt\/en\/akumuliacines-talpos\/\" title=\"Show more\">Show more <i class=\"vc_btn3-icon porto-icon-arrow-forward-right\"><\/i><\/a>\t<\/div>\n<\/div><\/div><div class=\"custom-gallery vc_column_container col-md-12 col-lg-6 vc_custom_1653434657702\"><div class=\"wpb_wrapper vc_column-inner\"><\/div><\/div><\/div><\/div><\/div>\n<\/section>","protected":false},"excerpt":{"rendered":"Metalo pjovimas lazeriu Rodyti daugiau Siurbli\u0173 stoteli\u0173 gamyba Rodyti daugiau Kiaurymi\u0173 gr\u0119\u017eimas Rodyti daugiau \u012evairi\u0173 metalini\u0173 konstrukcij\u0173 gamyba Rodyti daugiau Akumuliacin\u0117s talpos Rodyti daugiau","protected":false},"author":1,"featured_media":0,"parent":0,"menu_order":0,"comment_status":"closed","ping_status":"closed","template":"","meta":[],"yoast_head":"<!-- This site is optimized with the Yoast SEO plugin v21.4 - https:\/\/yoast.com\/wordpress\/plugins\/seo\/ -->\n<title>Paslaugos - UAB Amega<\/title>\n<meta name=\"robots\" content=\"index, follow, max-snippet:-1, max-image-preview:large, max-video-preview:-1\" \/>\n<link rel=\"canonical\" href=\"https:\/\/amega.lt\/en\/paslaugos\/\" \/>\n<meta property=\"og:locale\" content=\"en_US\" \/>\n<meta property=\"og:type\" content=\"article\" \/>\n<meta property=\"og:title\" content=\"Paslaugos - UAB Amega\" \/>\n<meta property=\"og:url\" content=\"https:\/\/amega.lt\/en\/paslaugos\/\" \/>\n<meta property=\"og:site_name\" content=\"UAB Amega\" \/>\n<meta property=\"article:modified_time\" content=\"2023-11-20T21:21:19+00:00\" \/>\n<meta name=\"twitter:card\" content=\"summary_large_image\" \/>\n<meta name=\"twitter:label1\" content=\"Est. reading time\" \/>\n\t<meta name=\"twitter:data1\" content=\"1 minute\" \/>\n<script type=\"application\/ld+json\" class=\"yoast-schema-graph\">{\"@context\":\"https:\/\/schema.org\",\"@graph\":[{\"@type\":\"WebPage\",\"@id\":\"https:\/\/amega.lt\/paslaugos\/\",\"url\":\"https:\/\/amega.lt\/paslaugos\/\",\"name\":\"Paslaugos - UAB Amega\",\"isPartOf\":{\"@id\":\"https:\/\/amega.lt\/#website\"},\"datePublished\":\"2022-05-12T12:52:56+00:00\",\"dateModified\":\"2023-11-20T21:21:19+00:00\",\"breadcrumb\":{\"@id\":\"https:\/\/amega.lt\/paslaugos\/#breadcrumb\"},\"inLanguage\":\"en-US\",\"potentialAction\":[{\"@type\":\"ReadAction\",\"target\":[\"https:\/\/amega.lt\/paslaugos\/\"]}]},{\"@type\":\"BreadcrumbList\",\"@id\":\"https:\/\/amega.lt\/paslaugos\/#breadcrumb\",\"itemListElement\":[{\"@type\":\"ListItem\",\"position\":1,\"name\":\"Home\",\"item\":\"https:\/\/amega.lt\/\"},{\"@type\":\"ListItem\",\"position\":2,\"name\":\"Paslaugos\"}]},{\"@type\":\"WebSite\",\"@id\":\"https:\/\/amega.lt\/#website\",\"url\":\"https:\/\/amega.lt\/\",\"name\":\"UAB Amega\",\"description\":\"\",\"potentialAction\":[{\"@type\":\"SearchAction\",\"target\":{\"@type\":\"EntryPoint\",\"urlTemplate\":\"https:\/\/amega.lt\/?s={search_term_string}\"},\"query-input\":\"required name=search_term_string\"}],\"inLanguage\":\"en-US\"}]}<\/script>\n<!-- \/ Yoast SEO plugin. -->","yoast_head_json":{"title":"Paslaugos - UAB Amega","robots":{"index":"index","follow":"follow","max-snippet":"max-snippet:-1","max-image-preview":"max-image-preview:large","max-video-preview":"max-video-preview:-1"},"canonical":"https:\/\/amega.lt\/en\/paslaugos\/","og_locale":"en_US","og_type":"article","og_title":"Paslaugos - UAB Amega","og_url":"https:\/\/amega.lt\/en\/paslaugos\/","og_site_name":"UAB Amega","article_modified_time":"2023-11-20T21:21:19+00:00","twitter_card":"summary_large_image","twitter_misc":{"Est. reading time":"1 minute"},"schema":{"@context":"https:\/\/schema.org","@graph":[{"@type":"WebPage","@id":"https:\/\/amega.lt\/paslaugos\/","url":"https:\/\/amega.lt\/paslaugos\/","name":"Paslaugos - UAB Amega","isPartOf":{"@id":"https:\/\/amega.lt\/#website"},"datePublished":"2022-05-12T12:52:56+00:00","dateModified":"2023-11-20T21:21:19+00:00","breadcrumb":{"@id":"https:\/\/amega.lt\/paslaugos\/#breadcrumb"},"inLanguage":"en-US","potentialAction":[{"@type":"ReadAction","target":["https:\/\/amega.lt\/paslaugos\/"]}]},{"@type":"BreadcrumbList","@id":"https:\/\/amega.lt\/paslaugos\/#breadcrumb","itemListElement":[{"@type":"ListItem","position":1,"name":"Home","item":"https:\/\/amega.lt\/"},{"@type":"ListItem","position":2,"name":"Paslaugos"}]},{"@type":"WebSite","@id":"https:\/\/amega.lt\/#website","url":"https:\/\/amega.lt\/","name":"UAB Amega","description":"","potentialAction":[{"@type":"SearchAction","target":{"@type":"EntryPoint","urlTemplate":"https:\/\/amega.lt\/?s={search_term_string}"},"query-input":"required name=search_term_string"}],"inLanguage":"en-US"}]}},"_links":{"self":[{"href":"https:\/\/amega.lt\/en\/wp-json\/wp\/v2\/pages\/2853"}],"collection":[{"href":"https:\/\/amega.lt\/en\/wp-json\/wp\/v2\/pages"}],"about":[{"href":"https:\/\/amega.lt\/en\/wp-json\/wp\/v2\/types\/page"}],"author":[{"embeddable":true,"href":"https:\/\/amega.lt\/en\/wp-json\/wp\/v2\/users\/1"}],"replies":[{"embeddable":true,"href":"https:\/\/amega.lt\/en\/wp-json\/wp\/v2\/comments?post=2853"}],"version-history":[{"count":39,"href":"https:\/\/amega.lt\/en\/wp-json\/wp\/v2\/pages\/2853\/revisions"}],"predecessor-version":[{"id":3485,"href":"https:\/\/amega.lt\/en\/wp-json\/wp\/v2\/pages\/2853\/revisions\/3485"}],"wp:attachment":[{"href":"https:\/\/amega.lt\/en\/wp-json\/wp\/v2\/media?parent=2853"}],"curies":[{"name":"wp","href":"https:\/\/api.w.org\/{rel}","templated":true}]}}