{"id":2814,"date":"2022-05-12T12:52:56","date_gmt":"2022-05-12T12:52:56","guid":{"rendered":"https:\/\/lengvasaskaita.lt\/amedemo\/company-2\/"},"modified":"2023-11-20T20:50:25","modified_gmt":"2023-11-20T20:50:25","slug":"apie-mus","status":"publish","type":"page","link":"https:\/\/amega.lt\/en\/apie-mus\/","title":{"rendered":"About us"},"content":{"rendered":"<section class=\"wpb-content-wrapper\"><div class=\"vc_row wpb_row top-row vc_custom_1653417936223 porto-inner-container\"><div class=\"porto-wrap-container container\"><div class=\"row\"><div class=\"vc_column_container col-md-12 col-lg-6 vc_custom_1653334091598\"><div class=\"wpb_wrapper vc_column-inner\"><div class=\"porto-u-heading mb-3  wpb_custom_4e04ff075943b110a8a6f53a169cbe5d porto-u-2710\"><div class=\"porto-u-main-heading\"><h2   style=\"color:#0049b5;margin-bottom: 10px;\">Highest quality standards<\/h2><\/div><div class=\"porto-u-sub-heading\" style=\"color: #3e3e3e;\"><span style=\"color: #3e3e3e;\"><a style=\"color: #3e3e3e;\" href=\"https:\/\/amega.lt\/en\/ivairiu-konstrukciju-gamyba\/\">\u012evairi\u0173 metalini\u0173 konstrukcij\u0173 gamyba<\/a><\/span><\/div><style>.porto-u-2710.porto-u-heading{text-align:left}<\/style><\/div><p  class=\"vc_custom_heading mb-4 align-left\" >UAB \u201eAmega\u201c jau 13 met\u0173 veikianti \u012fmon\u0117, kurios veiklos sritis apima metalo pjovim\u0105 CO2 tipo lazeriu, kiaurymi\u0173 gr\u0119\u017eim\u0105 deimantiniais gr\u0105\u017etais, \u012fvairi\u0173 metalini\u0173 konstrukcij\u0173 produkcij\u0105, akumuliacini\u0173 talp\u0173, siurbli\u0173 stoteli\u0173 ir kolektori\u0173 gamyba. Taip pat, kaip ir \u017eem\u0117s \u016bkio paskirties technikos bei jos detali\u0173 gamyb\u0105.<\/p><p  class=\"vc_custom_heading mb-4 align-left\" >M\u016bs\u0173 tikslas \u2013 auk\u0161tos kokyb\u0117s paslaug\u0173 teikimas. Siekiame u\u017etikrinti atliekam\u0173 darb\u0173 profesionalum\u0105 bei atitikti klient\u0173 poreikius ir l\u016bkes\u010dius.<\/p><div class=\"vc_btn3-container  custom-btn vc_btn3-inline\" >\n\t<a class=\"vc_btn3 vc_btn3-shape-default wpb_custom_c2e610bd2956dfe1a86d69d303213bf5 vc_btn3-icon-right hover-icon-pulse-left-right btn btn-md btn-primary\" style=\"font-size:18px; font-weight:700; padding:16px 47px;\" href=\"https:\/\/amega.lt\/en\/paslaugos\/\" title=\"Services\">All services <i class=\"vc_btn3-icon porto-icon-arrow-forward-right\"><\/i><\/a>\t<\/div>\n<\/div><\/div><div class=\"custom-gallery vc_column_container col-md-12 col-lg-6 vc_custom_1653434657702\"><div class=\"wpb_wrapper vc_column-inner\"><div class=\"porto-animation anim-img-1\"  data-appear-animation=\"zoomIn\" data-appear-animation-delay=\"100\">\n\t<div class=\"wpb_single_image wpb_content_element vc_align_center  vc_custom_1686323486109  mb-0 mx-auto\" data-plugin-float-element data-plugin-options=\"{&quot;startPos&quot;:&quot;top&quot;,&quot;speed&quot;:&quot;9.8&quot;,&quot;transition&quot;:true,&quot;horizontal&quot;:false,&quot;transitionDuration&quot;:1000}\">\n\t\t<div class=\"wpb_wrapper\">\n\t\t\t\n\t\t\t<div class=\"vc_single_image-wrapper   vc_box_border_grey\"><img width=\"960\" height=\"600\" src=\"https:\/\/amega.lt\/wp-content\/uploads\/2023\/06\/apie-mus-2.jpg\" class=\"vc_single_image-img attachment-full\" alt=\"\" decoding=\"async\" loading=\"lazy\" title=\"\" srcset=\"https:\/\/amega.lt\/wp-content\/uploads\/2023\/06\/apie-mus-2.jpg 960w, https:\/\/amega.lt\/wp-content\/uploads\/2023\/06\/apie-mus-2-600x375.jpg 600w, https:\/\/amega.lt\/wp-content\/uploads\/2023\/06\/apie-mus-2-768x480.jpg 768w, https:\/\/amega.lt\/wp-content\/uploads\/2023\/06\/apie-mus-2-640x400.jpg 640w, https:\/\/amega.lt\/wp-content\/uploads\/2023\/06\/apie-mus-2-400x250.jpg 400w, https:\/\/amega.lt\/wp-content\/uploads\/2023\/06\/apie-mus-2-367x229.jpg 367w\" sizes=\"(max-width: 960px) 100vw, 960px\" \/><\/div>\n\t\t<\/div>\n\t<\/div>\n<\/div><div class=\"porto-animation anim-img-2 position-absolute top-0 start-0 w-100\"  data-appear-animation=\"zoomIn\" data-appear-animation-delay=\"300\">\n\t<div class=\"wpb_single_image wpb_content_element vc_align_center   mb-0\" data-plugin-float-element data-plugin-options=\"{&quot;startPos&quot;:&quot;top&quot;,&quot;speed&quot;:&quot;9.7&quot;,&quot;transition&quot;:true,&quot;horizontal&quot;:false,&quot;transitionDuration&quot;:1000}\">\n\t\t<div class=\"wpb_wrapper\">\n\t\t\t\n\t\t\t<div class=\"vc_single_image-wrapper   vc_box_border_grey\"><img width=\"960\" height=\"600\" src=\"https:\/\/amega.lt\/wp-content\/uploads\/2023\/06\/apie-mus-3.jpg\" class=\"vc_single_image-img attachment-full\" alt=\"\" decoding=\"async\" loading=\"lazy\" title=\"\" srcset=\"https:\/\/amega.lt\/wp-content\/uploads\/2023\/06\/apie-mus-3.jpg 960w, https:\/\/amega.lt\/wp-content\/uploads\/2023\/06\/apie-mus-3-600x375.jpg 600w, https:\/\/amega.lt\/wp-content\/uploads\/2023\/06\/apie-mus-3-768x480.jpg 768w, https:\/\/amega.lt\/wp-content\/uploads\/2023\/06\/apie-mus-3-640x400.jpg 640w, https:\/\/amega.lt\/wp-content\/uploads\/2023\/06\/apie-mus-3-400x250.jpg 400w, https:\/\/amega.lt\/wp-content\/uploads\/2023\/06\/apie-mus-3-367x229.jpg 367w\" sizes=\"(max-width: 960px) 100vw, 960px\" \/><\/div>\n\t\t<\/div>\n\t<\/div>\n<\/div><div class=\"porto-animation anim-img-3 position-absolute top-0 end-0\"  data-appear-animation=\"zoomIn\" data-appear-animation-delay=\"600\">\n\t<div class=\"wpb_single_image wpb_content_element vc_align_center   mb-0 ml-auto\" data-plugin-float-element data-plugin-options=\"{&quot;startPos&quot;:&quot;top&quot;,&quot;speed&quot;:&quot;9.6&quot;,&quot;transition&quot;:true,&quot;horizontal&quot;:false,&quot;transitionDuration&quot;:1000}\">\n\t\t<div class=\"wpb_wrapper\">\n\t\t\t\n\t\t\t<div class=\"vc_single_image-wrapper   vc_box_border_grey\"><img width=\"960\" height=\"600\" src=\"https:\/\/amega.lt\/wp-content\/uploads\/2023\/06\/apie-mus-1.jpg\" class=\"vc_single_image-img attachment-full\" alt=\"\" decoding=\"async\" loading=\"lazy\" title=\"\" srcset=\"https:\/\/amega.lt\/wp-content\/uploads\/2023\/06\/apie-mus-1.jpg 960w, https:\/\/amega.lt\/wp-content\/uploads\/2023\/06\/apie-mus-1-600x375.jpg 600w, https:\/\/amega.lt\/wp-content\/uploads\/2023\/06\/apie-mus-1-768x480.jpg 768w, https:\/\/amega.lt\/wp-content\/uploads\/2023\/06\/apie-mus-1-640x400.jpg 640w, https:\/\/amega.lt\/wp-content\/uploads\/2023\/06\/apie-mus-1-400x250.jpg 400w, https:\/\/amega.lt\/wp-content\/uploads\/2023\/06\/apie-mus-1-367x229.jpg 367w\" sizes=\"(max-width: 960px) 100vw, 960px\" \/><\/div>\n\t\t<\/div>\n\t<\/div>\n<\/div><\/div><\/div><\/div><\/div><\/div><div class=\"vc_row wpb_row row top-row\"><div class=\"vc_column_container col-md-12\"><div class=\"wpb_wrapper vc_column-inner\"><div class=\"porto-separator\"><hr class=\"separator-line  align_center\" style=\"background-image: -webkit-linear-gradient(left, transparent, grey, transparent); background-image: linear-gradient(to right, transparent, grey, transparent);\"><\/div><\/div><\/div><\/div><div class=\"vc_row wpb_row top-row vc_custom_1653427944296 porto-inner-container\"><div class=\"porto-wrap-container container\"><div class=\"row\"><div class=\"vc_column_container col-md-12 col-lg-6 vc_custom_1653427963077\"><div class=\"wpb_wrapper vc_column-inner\">\n\t<div class=\"wpb_single_image wpb_content_element vc_align_center\">\n\t\t<div class=\"wpb_wrapper\">\n\t\t\t\n\t\t\t<div class=\"vc_single_image-wrapper   vc_box_border_grey\"><img width=\"300\" height=\"235\" src=\"https:\/\/amega.lt\/wp-content\/uploads\/2023\/06\/lietuva-300x235.png\" class=\"vc_single_image-img attachment-medium\" alt=\"\" decoding=\"async\" loading=\"lazy\" title=\"\" \/><\/div>\n\t\t<\/div>\n\t<\/div>\n<\/div><\/div><div class=\"vc_column_container col-md-12 col-lg-6 vc_custom_1653427970251\"><div class=\"wpb_wrapper vc_column-inner\"><div class=\"porto-u-heading mb-3 m-t-sm  wpb_custom_4e04ff075943b110a8a6f53a169cbe5d porto-u-9662\"><div class=\"porto-u-main-heading\"><h2   style=\"color:#0049b5;margin-bottom: 10px;\">14 MET\u0172 VEIKIANTI \u012eMON\u0116<\/h2><\/div><div class=\"porto-u-sub-heading\" style=\"color: #3e3e3e;\">We work throughout Lithuania<\/div><style>.porto-u-9662.porto-u-heading{text-align:left}<\/style><\/div><p  class=\"vc_custom_heading mb-4 align-left\" >We can offer from the smallest metal products to the most complex metal structures. We provide services throughout Lithuania.<\/p><\/div><\/div><\/div><\/div><\/div><div class=\"vc_row wpb_row row top-row no-padding\"><div data-vc-parallax=\"1.5\" data-vc-parallax-image=\"https:\/\/amega.lt\/wp-content\/uploads\/2023\/06\/1.jpeg\" class=\"vc_column_container col-md-12 col-lg-6 vc_general vc_parallax vc_parallax-content-moving vc_custom_1686324024827\"><div class=\"wpb_wrapper vc_column-inner\"><\/div><\/div><div class=\"vc_column_container col-md-12 col-lg-6 vc_custom_1653434372205\"><div class=\"wpb_wrapper vc_column-inner col-half-section col-fullwidth-md\"><div class=\"porto-u-heading ml-lg-5 mb-0 w-max-493  wpb_custom_101fa6c19c1aa2506258be3da906857d porto-u-3195\"><div class=\"porto-u-main-heading\"><h2   style=\"margin-bottom: 12px;\">\u012evairi\u0173 metal\u0173 pjovimas lazeriu<\/h2><\/div><div class=\"porto-u-sub-heading\" style=\"\">\n<ul>\n<li><span style=\"color: #777777;\">\u012evairi\u0173 <a style=\"color: #777777;\" href=\"https:\/\/amega.lt\/en\/lazerinis-pjovimas\/\">metal\u0173 pjovimas lazeriu<\/a> nuo 0.5mm iki 20mm priklausomai nuo metalo.<\/span><\/li>\n<li><span style=\"color: #777777;\">Pjauname 3000mm ilgio bei 1500mm plo\u010dio \u012fvairaus storio, bei metalo tipo lak\u0161tus,<\/span><\/li>\n<li><span style=\"color: #777777;\"><a style=\"color: #777777;\" href=\"https:\/\/amega.lt\/en\/lazerinis-pjovimas\/\">Metalo pjovimas CO2 tipo lazeriu<\/a><\/span><\/li>\n<li><span style=\"color: #777777;\">Pjauname oru, deguonimi, azotu.<\/span><\/li>\n<\/ul>\n<p><\/div><style>.porto-u-3195.porto-u-heading{text-align:left}<\/style><\/div><\/div><\/div><\/div><div class=\"vc_row wpb_row row top-row no-padding\"><div data-vc-parallax=\"1.5\" data-vc-parallax-image=\"https:\/\/amega.lt\/wp-content\/uploads\/2023\/10\/metaliniu-konstrukciju-gamyba-4.jpg\" class=\"order-lg-last vc_column_container col-md-12 col-lg-6 vc_general vc_parallax vc_parallax-content-moving vc_custom_1698736318923\"><div class=\"wpb_wrapper vc_column-inner\"><\/div><\/div><div class=\"vc_column_container col-md-12 col-lg-6 vc_custom_1653434385187\"><div class=\"wpb_wrapper vc_column-inner col-half-section col-half-section-right col-fullwidth-md\"><div class=\"porto-u-heading ml-lg-auto mr-lg-5 mb-0 w-max-493  wpb_custom_101fa6c19c1aa2506258be3da906857d porto-u-4194\"><div class=\"porto-u-main-heading\"><h2   style=\"margin-bottom: 12px;\">\u012evairi\u0173 metal\u0173 virinimas ir paruo\u0161imas<\/h2><\/div><style>.porto-u-4194.porto-u-heading{text-align:left}<\/style><\/div><\/div><\/div><\/div>\n<\/section>","protected":false},"excerpt":{"rendered":"AUK\u0160\u010cIAUSI KOKYB\u0116S STANDARTAI\u012evairi\u0173 metalini\u0173 konstrukcij\u0173 gamybaUAB \u201eAmega\u201c jau 13 met\u0173 veikianti \u012fmon\u0117, kurios veiklos sritis apima metalo pjovim\u0105 CO2 tipo lazeriu, kiaurymi\u0173 gr\u0119\u017eim\u0105 deimantiniais gr\u0105\u017etais, \u012fvairi\u0173 metalini\u0173 konstrukcij\u0173 produkcij\u0105, akumuliacini\u0173 talp\u0173, siurbli\u0173 stoteli\u0173 ir kolektori\u0173 gamyba. Taip pat, kaip ir \u017eem\u0117s \u016bkio paskirties technikos bei jos detali\u0173 gamyb\u0105.M\u016bs\u0173 tikslas \u2013 auk\u0161tos kokyb\u0117s paslaug\u0173 teikimas. Siekiame [...]","protected":false},"author":1,"featured_media":0,"parent":0,"menu_order":0,"comment_status":"closed","ping_status":"closed","template":"","meta":[],"yoast_head":"<!-- This site is optimized with the Yoast SEO plugin v21.4 - https:\/\/yoast.com\/wordpress\/plugins\/seo\/ -->\n<title>Apie mus - UAB Amega<\/title>\n<meta name=\"robots\" content=\"index, follow, max-snippet:-1, max-image-preview:large, max-video-preview:-1\" \/>\n<link rel=\"canonical\" href=\"https:\/\/amega.lt\/en\/apie-mus\/\" \/>\n<meta property=\"og:locale\" content=\"en_US\" \/>\n<meta property=\"og:type\" content=\"article\" \/>\n<meta property=\"og:title\" content=\"Apie mus - UAB Amega\" \/>\n<meta property=\"og:url\" content=\"https:\/\/amega.lt\/en\/apie-mus\/\" \/>\n<meta property=\"og:site_name\" content=\"UAB Amega\" \/>\n<meta property=\"article:modified_time\" content=\"2023-11-20T20:50:25+00:00\" \/>\n<meta name=\"twitter:card\" content=\"summary_large_image\" \/>\n<meta name=\"twitter:label1\" content=\"Est. reading time\" \/>\n\t<meta name=\"twitter:data1\" content=\"2 minutes\" \/>\n<script type=\"application\/ld+json\" class=\"yoast-schema-graph\">{\"@context\":\"https:\/\/schema.org\",\"@graph\":[{\"@type\":\"WebPage\",\"@id\":\"https:\/\/amega.lt\/apie-mus\/\",\"url\":\"https:\/\/amega.lt\/apie-mus\/\",\"name\":\"Apie mus - UAB Amega\",\"isPartOf\":{\"@id\":\"https:\/\/amega.lt\/#website\"},\"datePublished\":\"2022-05-12T12:52:56+00:00\",\"dateModified\":\"2023-11-20T20:50:25+00:00\",\"breadcrumb\":{\"@id\":\"https:\/\/amega.lt\/apie-mus\/#breadcrumb\"},\"inLanguage\":\"en-US\",\"potentialAction\":[{\"@type\":\"ReadAction\",\"target\":[\"https:\/\/amega.lt\/apie-mus\/\"]}]},{\"@type\":\"BreadcrumbList\",\"@id\":\"https:\/\/amega.lt\/apie-mus\/#breadcrumb\",\"itemListElement\":[{\"@type\":\"ListItem\",\"position\":1,\"name\":\"Home\",\"item\":\"https:\/\/amega.lt\/\"},{\"@type\":\"ListItem\",\"position\":2,\"name\":\"Apie mus\"}]},{\"@type\":\"WebSite\",\"@id\":\"https:\/\/amega.lt\/#website\",\"url\":\"https:\/\/amega.lt\/\",\"name\":\"UAB Amega\",\"description\":\"\",\"potentialAction\":[{\"@type\":\"SearchAction\",\"target\":{\"@type\":\"EntryPoint\",\"urlTemplate\":\"https:\/\/amega.lt\/?s={search_term_string}\"},\"query-input\":\"required name=search_term_string\"}],\"inLanguage\":\"en-US\"}]}<\/script>\n<!-- \/ Yoast SEO plugin. -->","yoast_head_json":{"title":"Apie mus - UAB Amega","robots":{"index":"index","follow":"follow","max-snippet":"max-snippet:-1","max-image-preview":"max-image-preview:large","max-video-preview":"max-video-preview:-1"},"canonical":"https:\/\/amega.lt\/en\/apie-mus\/","og_locale":"en_US","og_type":"article","og_title":"Apie mus - UAB Amega","og_url":"https:\/\/amega.lt\/en\/apie-mus\/","og_site_name":"UAB Amega","article_modified_time":"2023-11-20T20:50:25+00:00","twitter_card":"summary_large_image","twitter_misc":{"Est. reading time":"2 minutes"},"schema":{"@context":"https:\/\/schema.org","@graph":[{"@type":"WebPage","@id":"https:\/\/amega.lt\/apie-mus\/","url":"https:\/\/amega.lt\/apie-mus\/","name":"Apie mus - UAB Amega","isPartOf":{"@id":"https:\/\/amega.lt\/#website"},"datePublished":"2022-05-12T12:52:56+00:00","dateModified":"2023-11-20T20:50:25+00:00","breadcrumb":{"@id":"https:\/\/amega.lt\/apie-mus\/#breadcrumb"},"inLanguage":"en-US","potentialAction":[{"@type":"ReadAction","target":["https:\/\/amega.lt\/apie-mus\/"]}]},{"@type":"BreadcrumbList","@id":"https:\/\/amega.lt\/apie-mus\/#breadcrumb","itemListElement":[{"@type":"ListItem","position":1,"name":"Home","item":"https:\/\/amega.lt\/"},{"@type":"ListItem","position":2,"name":"Apie mus"}]},{"@type":"WebSite","@id":"https:\/\/amega.lt\/#website","url":"https:\/\/amega.lt\/","name":"UAB Amega","description":"","potentialAction":[{"@type":"SearchAction","target":{"@type":"EntryPoint","urlTemplate":"https:\/\/amega.lt\/?s={search_term_string}"},"query-input":"required name=search_term_string"}],"inLanguage":"en-US"}]}},"_links":{"self":[{"href":"https:\/\/amega.lt\/en\/wp-json\/wp\/v2\/pages\/2814"}],"collection":[{"href":"https:\/\/amega.lt\/en\/wp-json\/wp\/v2\/pages"}],"about":[{"href":"https:\/\/amega.lt\/en\/wp-json\/wp\/v2\/types\/page"}],"author":[{"embeddable":true,"href":"https:\/\/amega.lt\/en\/wp-json\/wp\/v2\/users\/1"}],"replies":[{"embeddable":true,"href":"https:\/\/amega.lt\/en\/wp-json\/wp\/v2\/comments?post=2814"}],"version-history":[{"count":44,"href":"https:\/\/amega.lt\/en\/wp-json\/wp\/v2\/pages\/2814\/revisions"}],"predecessor-version":[{"id":3436,"href":"https:\/\/amega.lt\/en\/wp-json\/wp\/v2\/pages\/2814\/revisions\/3436"}],"wp:attachment":[{"href":"https:\/\/amega.lt\/en\/wp-json\/wp\/v2\/media?parent=2814"}],"curies":[{"name":"wp","href":"https:\/\/api.w.org\/{rel}","templated":true}]}}